{"id":2234,"date":"2026-04-15T15:04:22","date_gmt":"2026-04-15T13:04:22","guid":{"rendered":"https:\/\/www.archphoto.cz\/?page_id=2234"},"modified":"2026-04-15T15:09:47","modified_gmt":"2026-04-15T13:09:47","slug":"30-kunratice","status":"publish","type":"page","link":"https:\/\/www.archphoto.cz\/?page_id=2234","title":{"rendered":"30 Kunratice"},"content":{"rendered":"\t\t<div data-elementor-type=\"wp-page\" data-elementor-id=\"2234\" class=\"elementor elementor-2234\">\n\t\t\t\t<div class=\"elementor-element elementor-element-8bad29e e-flex e-con-boxed e-con e-parent\" data-id=\"8bad29e\" data-element_type=\"container\">\n\t\t\t\t\t<div class=\"e-con-inner\">\n\t\t\t\t<div class=\"elementor-element elementor-element-e15b81e elementor-widget elementor-widget-spacer\" data-id=\"e15b81e\" data-element_type=\"widget\" data-widget_type=\"spacer.default\">\n\t\t\t\t\t\t\t<div class=\"elementor-spacer\">\n\t\t\t<div class=\"elementor-spacer-inner\"><\/div>\n\t\t<\/div>\n\t\t\t\t\t\t<\/div>\n\t\t\t\t\t<\/div>\n\t\t\t\t<\/div>\n\t\t<div class=\"elementor-element elementor-element-70de2f6 e-flex e-con-boxed e-con e-parent\" data-id=\"70de2f6\" data-element_type=\"container\">\n\t\t\t\t\t<div class=\"e-con-inner\">\n\t\t\t\t<div class=\"elementor-element elementor-element-97d165c elementor-widget elementor-widget-text-editor\" data-id=\"97d165c\" data-element_type=\"widget\" data-widget_type=\"text-editor.default\">\n\t\t\t\t\t\t\t\t\t<p>Ing.arch. Jan Aul\u00edk, Ing.arch. Tade\u00e1\u0161 Matou\u0161ek<\/p><p>rodinn\u00fd d\u016fm Kunratice<\/p>\t\t\t\t\t\t\t\t<\/div>\n\t\t\t\t\t<\/div>\n\t\t\t\t<\/div>\n\t\t<div class=\"elementor-element elementor-element-cf24032 e-flex e-con-boxed e-con e-parent\" data-id=\"cf24032\" data-element_type=\"container\">\n\t\t\t\t\t<div class=\"e-con-inner\">\n\t\t\t\t<div class=\"elementor-element elementor-element-e505675 elementor-widget elementor-widget-image-gallery\" data-id=\"e505675\" data-element_type=\"widget\" data-widget_type=\"image-gallery.default\">\n\t\t\t\t\t\t\t<div class=\"elementor-image-gallery\">\n\t\t\t\n\t\t<style type=\"text\/css\">\n\t\t\t#gallery-1 {\n\t\t\t\tmargin: auto;\n\t\t\t}\n\t\t\t#gallery-1 .gallery-item {\n\t\t\t\tfloat: left;\n\t\t\t\tmargin-top: 10px;\n\t\t\t\ttext-align: center;\n\t\t\t\twidth: 100%;\n\t\t\t}\n\t\t\t#gallery-1 img {\n\t\t\t\tborder: 2px solid #cfcfcf;\n\t\t\t}\n\t\t\t#gallery-1 .gallery-caption {\n\t\t\t\tmargin-left: 0;\n\t\t\t}\n\t\t\t\/* see gallery_shortcode() in wp-includes\/media.php *\/\n\t\t<\/style>\n\t\t<div id='gallery-1' class='gallery galleryid-2234 gallery-columns-1 gallery-size-medium_large'><dl class='gallery-item'>\n\t\t\t<dt class='gallery-icon landscape'>\n\t\t\t\t<a data-elementor-open-lightbox=\"yes\" data-elementor-lightbox-slideshow=\"e505675\" data-elementor-lightbox-title=\"Kunratice01\" data-e-action-hash=\"#elementor-action%3Aaction%3Dlightbox%26settings%3DeyJpZCI6MjIzNiwidXJsIjoiaHR0cHM6XC9cL3d3dy5hcmNocGhvdG8uY3pcL3dwLWNvbnRlbnRcL3VwbG9hZHNcLzIwMjZcLzA0XC9LdW5yYXRpY2UwMS5qcGciLCJzbGlkZXNob3ciOiJlNTA1Njc1In0%3D\" href='https:\/\/www.archphoto.cz\/wp-content\/uploads\/2026\/04\/Kunratice01.jpg'><img fetchpriority=\"high\" decoding=\"async\" width=\"768\" height=\"505\" src=\"https:\/\/www.archphoto.cz\/wp-content\/uploads\/2026\/04\/Kunratice01-768x505.jpg\" class=\"attachment-medium_large size-medium_large\" alt=\"\" srcset=\"https:\/\/www.archphoto.cz\/wp-content\/uploads\/2026\/04\/Kunratice01-768x505.jpg 768w, https:\/\/www.archphoto.cz\/wp-content\/uploads\/2026\/04\/Kunratice01.jpg 1200w\" sizes=\"(max-width: 768px) 100vw, 768px\" \/><\/a>\n\t\t\t<\/dt><\/dl><br style=\"clear: both\" \/><dl class='gallery-item'>\n\t\t\t<dt class='gallery-icon landscape'>\n\t\t\t\t<a data-elementor-open-lightbox=\"yes\" data-elementor-lightbox-slideshow=\"e505675\" data-elementor-lightbox-title=\"Kunratice02\" data-e-action-hash=\"#elementor-action%3Aaction%3Dlightbox%26settings%3DeyJpZCI6MjIzNywidXJsIjoiaHR0cHM6XC9cL3d3dy5hcmNocGhvdG8uY3pcL3dwLWNvbnRlbnRcL3VwbG9hZHNcLzIwMjZcLzA0XC9LdW5yYXRpY2UwMi5qcGciLCJzbGlkZXNob3ciOiJlNTA1Njc1In0%3D\" href='https:\/\/www.archphoto.cz\/wp-content\/uploads\/2026\/04\/Kunratice02.jpg'><img decoding=\"async\" width=\"768\" height=\"513\" src=\"https:\/\/www.archphoto.cz\/wp-content\/uploads\/2026\/04\/Kunratice02-768x513.jpg\" class=\"attachment-medium_large size-medium_large\" alt=\"\" srcset=\"https:\/\/www.archphoto.cz\/wp-content\/uploads\/2026\/04\/Kunratice02-768x513.jpg 768w, https:\/\/www.archphoto.cz\/wp-content\/uploads\/2026\/04\/Kunratice02-272x182.jpg 272w, https:\/\/www.archphoto.cz\/wp-content\/uploads\/2026\/04\/Kunratice02.jpg 1200w\" sizes=\"(max-width: 768px) 100vw, 768px\" \/><\/a>\n\t\t\t<\/dt><\/dl><br style=\"clear: both\" \/><dl class='gallery-item'>\n\t\t\t<dt class='gallery-icon portrait'>\n\t\t\t\t<a data-elementor-open-lightbox=\"yes\" data-elementor-lightbox-slideshow=\"e505675\" data-elementor-lightbox-title=\"Kunratice03\" data-e-action-hash=\"#elementor-action%3Aaction%3Dlightbox%26settings%3DeyJpZCI6MjIzOCwidXJsIjoiaHR0cHM6XC9cL3d3dy5hcmNocGhvdG8uY3pcL3dwLWNvbnRlbnRcL3VwbG9hZHNcLzIwMjZcLzA0XC9LdW5yYXRpY2UwMy5qcGciLCJzbGlkZXNob3ciOiJlNTA1Njc1In0%3D\" href='https:\/\/www.archphoto.cz\/wp-content\/uploads\/2026\/04\/Kunratice03.jpg'><img decoding=\"async\" width=\"768\" height=\"1134\" src=\"https:\/\/www.archphoto.cz\/wp-content\/uploads\/2026\/04\/Kunratice03-768x1134.jpg\" class=\"attachment-medium_large size-medium_large\" alt=\"\" srcset=\"https:\/\/www.archphoto.cz\/wp-content\/uploads\/2026\/04\/Kunratice03-768x1134.jpg 768w, https:\/\/www.archphoto.cz\/wp-content\/uploads\/2026\/04\/Kunratice03.jpg 813w\" sizes=\"(max-width: 768px) 100vw, 768px\" \/><\/a>\n\t\t\t<\/dt><\/dl><br style=\"clear: both\" \/><dl class='gallery-item'>\n\t\t\t<dt class='gallery-icon landscape'>\n\t\t\t\t<a data-elementor-open-lightbox=\"yes\" data-elementor-lightbox-slideshow=\"e505675\" data-elementor-lightbox-title=\"Kunratice04\" data-e-action-hash=\"#elementor-action%3Aaction%3Dlightbox%26settings%3DeyJpZCI6MjIzOSwidXJsIjoiaHR0cHM6XC9cL3d3dy5hcmNocGhvdG8uY3pcL3dwLWNvbnRlbnRcL3VwbG9hZHNcLzIwMjZcLzA0XC9LdW5yYXRpY2UwNC5qcGciLCJzbGlkZXNob3ciOiJlNTA1Njc1In0%3D\" href='https:\/\/www.archphoto.cz\/wp-content\/uploads\/2026\/04\/Kunratice04.jpg'><img loading=\"lazy\" decoding=\"async\" width=\"768\" height=\"515\" src=\"https:\/\/www.archphoto.cz\/wp-content\/uploads\/2026\/04\/Kunratice04-768x515.jpg\" class=\"attachment-medium_large size-medium_large\" alt=\"\" srcset=\"https:\/\/www.archphoto.cz\/wp-content\/uploads\/2026\/04\/Kunratice04-768x515.jpg 768w, https:\/\/www.archphoto.cz\/wp-content\/uploads\/2026\/04\/Kunratice04-272x182.jpg 272w, https:\/\/www.archphoto.cz\/wp-content\/uploads\/2026\/04\/Kunratice04.jpg 1200w\" sizes=\"(max-width: 768px) 100vw, 768px\" \/><\/a>\n\t\t\t<\/dt><\/dl><br style=\"clear: both\" \/><dl class='gallery-item'>\n\t\t\t<dt class='gallery-icon portrait'>\n\t\t\t\t<a data-elementor-open-lightbox=\"yes\" data-elementor-lightbox-slideshow=\"e505675\" data-elementor-lightbox-title=\"Kunratice05\" data-e-action-hash=\"#elementor-action%3Aaction%3Dlightbox%26settings%3DeyJpZCI6MjI0MCwidXJsIjoiaHR0cHM6XC9cL3d3dy5hcmNocGhvdG8uY3pcL3dwLWNvbnRlbnRcL3VwbG9hZHNcLzIwMjZcLzA0XC9LdW5yYXRpY2UwNS5qcGciLCJzbGlkZXNob3ciOiJlNTA1Njc1In0%3D\" href='https:\/\/www.archphoto.cz\/wp-content\/uploads\/2026\/04\/Kunratice05.jpg'><img loading=\"lazy\" decoding=\"async\" width=\"768\" height=\"1138\" src=\"https:\/\/www.archphoto.cz\/wp-content\/uploads\/2026\/04\/Kunratice05-768x1138.jpg\" class=\"attachment-medium_large size-medium_large\" alt=\"\" srcset=\"https:\/\/www.archphoto.cz\/wp-content\/uploads\/2026\/04\/Kunratice05-768x1138.jpg 768w, https:\/\/www.archphoto.cz\/wp-content\/uploads\/2026\/04\/Kunratice05.jpg 810w\" sizes=\"(max-width: 768px) 100vw, 768px\" \/><\/a>\n\t\t\t<\/dt><\/dl><br style=\"clear: both\" \/><dl class='gallery-item'>\n\t\t\t<dt class='gallery-icon portrait'>\n\t\t\t\t<a data-elementor-open-lightbox=\"yes\" data-elementor-lightbox-slideshow=\"e505675\" data-elementor-lightbox-title=\"Kunratice06\" data-e-action-hash=\"#elementor-action%3Aaction%3Dlightbox%26settings%3DeyJpZCI6MjI0MSwidXJsIjoiaHR0cHM6XC9cL3d3dy5hcmNocGhvdG8uY3pcL3dwLWNvbnRlbnRcL3VwbG9hZHNcLzIwMjZcLzA0XC9LdW5yYXRpY2UwNi5qcGciLCJzbGlkZXNob3ciOiJlNTA1Njc1In0%3D\" href='https:\/\/www.archphoto.cz\/wp-content\/uploads\/2026\/04\/Kunratice06.jpg'><img loading=\"lazy\" decoding=\"async\" width=\"768\" height=\"1189\" src=\"https:\/\/www.archphoto.cz\/wp-content\/uploads\/2026\/04\/Kunratice06-768x1189.jpg\" class=\"attachment-medium_large size-medium_large\" alt=\"\" srcset=\"https:\/\/www.archphoto.cz\/wp-content\/uploads\/2026\/04\/Kunratice06-768x1189.jpg 768w, https:\/\/www.archphoto.cz\/wp-content\/uploads\/2026\/04\/Kunratice06.jpg 775w\" sizes=\"(max-width: 768px) 100vw, 768px\" \/><\/a>\n\t\t\t<\/dt><\/dl><br style=\"clear: both\" \/><dl class='gallery-item'>\n\t\t\t<dt class='gallery-icon landscape'>\n\t\t\t\t<a data-elementor-open-lightbox=\"yes\" data-elementor-lightbox-slideshow=\"e505675\" data-elementor-lightbox-title=\"Kunratice07\" data-e-action-hash=\"#elementor-action%3Aaction%3Dlightbox%26settings%3DeyJpZCI6MjI0MiwidXJsIjoiaHR0cHM6XC9cL3d3dy5hcmNocGhvdG8uY3pcL3dwLWNvbnRlbnRcL3VwbG9hZHNcLzIwMjZcLzA0XC9LdW5yYXRpY2UwNy5qcGciLCJzbGlkZXNob3ciOiJlNTA1Njc1In0%3D\" href='https:\/\/www.archphoto.cz\/wp-content\/uploads\/2026\/04\/Kunratice07.jpg'><img loading=\"lazy\" decoding=\"async\" width=\"768\" height=\"508\" src=\"https:\/\/www.archphoto.cz\/wp-content\/uploads\/2026\/04\/Kunratice07-768x508.jpg\" class=\"attachment-medium_large size-medium_large\" alt=\"\" srcset=\"https:\/\/www.archphoto.cz\/wp-content\/uploads\/2026\/04\/Kunratice07-768x508.jpg 768w, https:\/\/www.archphoto.cz\/wp-content\/uploads\/2026\/04\/Kunratice07.jpg 1200w\" sizes=\"(max-width: 768px) 100vw, 768px\" \/><\/a>\n\t\t\t<\/dt><\/dl><br style=\"clear: both\" \/><dl class='gallery-item'>\n\t\t\t<dt class='gallery-icon landscape'>\n\t\t\t\t<a data-elementor-open-lightbox=\"yes\" data-elementor-lightbox-slideshow=\"e505675\" data-elementor-lightbox-title=\"Kunratice08\" data-e-action-hash=\"#elementor-action%3Aaction%3Dlightbox%26settings%3DeyJpZCI6MjI0MywidXJsIjoiaHR0cHM6XC9cL3d3dy5hcmNocGhvdG8uY3pcL3dwLWNvbnRlbnRcL3VwbG9hZHNcLzIwMjZcLzA0XC9LdW5yYXRpY2UwOC5qcGciLCJzbGlkZXNob3ciOiJlNTA1Njc1In0%3D\" href='https:\/\/www.archphoto.cz\/wp-content\/uploads\/2026\/04\/Kunratice08.jpg'><img loading=\"lazy\" decoding=\"async\" width=\"768\" height=\"512\" src=\"https:\/\/www.archphoto.cz\/wp-content\/uploads\/2026\/04\/Kunratice08-768x512.jpg\" class=\"attachment-medium_large size-medium_large\" alt=\"\" srcset=\"https:\/\/www.archphoto.cz\/wp-content\/uploads\/2026\/04\/Kunratice08-768x512.jpg 768w, https:\/\/www.archphoto.cz\/wp-content\/uploads\/2026\/04\/Kunratice08-272x182.jpg 272w, https:\/\/www.archphoto.cz\/wp-content\/uploads\/2026\/04\/Kunratice08.jpg 1200w\" sizes=\"(max-width: 768px) 100vw, 768px\" \/><\/a>\n\t\t\t<\/dt><\/dl><br style=\"clear: both\" \/><dl class='gallery-item'>\n\t\t\t<dt class='gallery-icon portrait'>\n\t\t\t\t<a data-elementor-open-lightbox=\"yes\" data-elementor-lightbox-slideshow=\"e505675\" data-elementor-lightbox-title=\"Kunratice09\" data-e-action-hash=\"#elementor-action%3Aaction%3Dlightbox%26settings%3DeyJpZCI6MjI0NCwidXJsIjoiaHR0cHM6XC9cL3d3dy5hcmNocGhvdG8uY3pcL3dwLWNvbnRlbnRcL3VwbG9hZHNcLzIwMjZcLzA0XC9LdW5yYXRpY2UwOS5qcGciLCJzbGlkZXNob3ciOiJlNTA1Njc1In0%3D\" href='https:\/\/www.archphoto.cz\/wp-content\/uploads\/2026\/04\/Kunratice09.jpg'><img loading=\"lazy\" decoding=\"async\" width=\"768\" height=\"1151\" src=\"https:\/\/www.archphoto.cz\/wp-content\/uploads\/2026\/04\/Kunratice09-768x1151.jpg\" class=\"attachment-medium_large size-medium_large\" alt=\"\" srcset=\"https:\/\/www.archphoto.cz\/wp-content\/uploads\/2026\/04\/Kunratice09-768x1151.jpg 768w, https:\/\/www.archphoto.cz\/wp-content\/uploads\/2026\/04\/Kunratice09.jpg 801w\" sizes=\"(max-width: 768px) 100vw, 768px\" \/><\/a>\n\t\t\t<\/dt><\/dl><br style=\"clear: both\" \/>\n\t\t<\/div>\n\t\t<\/div>\n\t\t\t\t\t\t<\/div>\n\t\t\t\t\t<\/div>\n\t\t\t\t<\/div>\n\t\t\t\t<\/div>\n\t\t","protected":false},"excerpt":{"rendered":"<p>Ing.arch. Jan Aul\u00edk, Ing.arch. Tade\u00e1\u0161 Matou\u0161ek rodinn\u00fd d\u016fm Kunratice<\/p>\n","protected":false},"author":1,"featured_media":0,"parent":0,"menu_order":0,"comment_status":"closed","ping_status":"closed","template":"","meta":{"footnotes":""},"class_list":["post-2234","page","type-page","status-publish","hentry"],"_links":{"self":[{"href":"https:\/\/www.archphoto.cz\/index.php?rest_route=\/wp\/v2\/pages\/2234","targetHints":{"allow":["GET"]}}],"collection":[{"href":"https:\/\/www.archphoto.cz\/index.php?rest_route=\/wp\/v2\/pages"}],"about":[{"href":"https:\/\/www.archphoto.cz\/index.php?rest_route=\/wp\/v2\/types\/page"}],"author":[{"embeddable":true,"href":"https:\/\/www.archphoto.cz\/index.php?rest_route=\/wp\/v2\/users\/1"}],"replies":[{"embeddable":true,"href":"https:\/\/www.archphoto.cz\/index.php?rest_route=%2Fwp%2Fv2%2Fcomments&post=2234"}],"version-history":[{"count":3,"href":"https:\/\/www.archphoto.cz\/index.php?rest_route=\/wp\/v2\/pages\/2234\/revisions"}],"predecessor-version":[{"id":2247,"href":"https:\/\/www.archphoto.cz\/index.php?rest_route=\/wp\/v2\/pages\/2234\/revisions\/2247"}],"wp:attachment":[{"href":"https:\/\/www.archphoto.cz\/index.php?rest_route=%2Fwp%2Fv2%2Fmedia&parent=2234"}],"curies":[{"name":"wp","href":"https:\/\/api.w.org\/{rel}","templated":true}]}}