{"id":2132,"date":"2026-04-15T14:42:07","date_gmt":"2026-04-15T12:42:07","guid":{"rendered":"https:\/\/www.archphoto.cz\/?page_id=2132"},"modified":"2026-04-15T14:52:26","modified_gmt":"2026-04-15T12:52:26","slug":"25-abb","status":"publish","type":"page","link":"https:\/\/www.archphoto.cz\/?page_id=2132","title":{"rendered":"25 ABB"},"content":{"rendered":"\t\t<div data-elementor-type=\"wp-page\" data-elementor-id=\"2132\" class=\"elementor elementor-2132\">\n\t\t\t\t<div class=\"elementor-element elementor-element-e58051b e-flex e-con-boxed e-con e-parent\" data-id=\"e58051b\" data-element_type=\"container\">\n\t\t\t\t\t<div class=\"e-con-inner\">\n\t\t\t\t<div class=\"elementor-element elementor-element-e0d9c26 elementor-widget elementor-widget-spacer\" data-id=\"e0d9c26\" data-element_type=\"widget\" data-widget_type=\"spacer.default\">\n\t\t\t\t\t\t\t<div class=\"elementor-spacer\">\n\t\t\t<div class=\"elementor-spacer-inner\"><\/div>\n\t\t<\/div>\n\t\t\t\t\t\t<\/div>\n\t\t\t\t\t<\/div>\n\t\t\t\t<\/div>\n\t\t<div class=\"elementor-element elementor-element-3357835 e-flex e-con-boxed e-con e-parent\" data-id=\"3357835\" data-element_type=\"container\">\n\t\t\t\t\t<div class=\"e-con-inner\">\n\t\t\t\t<div class=\"elementor-element elementor-element-e7837de elementor-widget elementor-widget-text-editor\" data-id=\"e7837de\" data-element_type=\"widget\" data-widget_type=\"text-editor.default\">\n\t\t\t\t\t\t\t\t\t<p>Ing.arch. Jakub Fi\u0161er, Ing.arch. Krist\u00fdna Z\u00e1mostn\u00e1<\/p><p>klientsk\u00e9 centrum ABB<\/p>\t\t\t\t\t\t\t\t<\/div>\n\t\t\t\t\t<\/div>\n\t\t\t\t<\/div>\n\t\t<div class=\"elementor-element elementor-element-6f559a3 e-flex e-con-boxed e-con e-parent\" data-id=\"6f559a3\" data-element_type=\"container\">\n\t\t\t\t\t<div class=\"e-con-inner\">\n\t\t\t\t<div class=\"elementor-element elementor-element-3dd16cf elementor-widget elementor-widget-image-gallery\" data-id=\"3dd16cf\" data-element_type=\"widget\" data-widget_type=\"image-gallery.default\">\n\t\t\t\t\t\t\t<div class=\"elementor-image-gallery\">\n\t\t\t\n\t\t<style type=\"text\/css\">\n\t\t\t#gallery-1 {\n\t\t\t\tmargin: auto;\n\t\t\t}\n\t\t\t#gallery-1 .gallery-item {\n\t\t\t\tfloat: left;\n\t\t\t\tmargin-top: 10px;\n\t\t\t\ttext-align: center;\n\t\t\t\twidth: 100%;\n\t\t\t}\n\t\t\t#gallery-1 img {\n\t\t\t\tborder: 2px solid #cfcfcf;\n\t\t\t}\n\t\t\t#gallery-1 .gallery-caption {\n\t\t\t\tmargin-left: 0;\n\t\t\t}\n\t\t\t\/* see gallery_shortcode() in wp-includes\/media.php *\/\n\t\t<\/style>\n\t\t<div id='gallery-1' class='gallery galleryid-2132 gallery-columns-1 gallery-size-medium_large'><dl class='gallery-item'>\n\t\t\t<dt class='gallery-icon portrait'>\n\t\t\t\t<a data-elementor-open-lightbox=\"yes\" data-elementor-lightbox-slideshow=\"3dd16cf\" data-elementor-lightbox-title=\"ABB01\" data-e-action-hash=\"#elementor-action%3Aaction%3Dlightbox%26settings%3DeyJpZCI6MjEzOCwidXJsIjoiaHR0cHM6XC9cL3d3dy5hcmNocGhvdG8uY3pcL3dwLWNvbnRlbnRcL3VwbG9hZHNcLzIwMjZcLzA0XC9BQkIwMS0uanBnIiwic2xpZGVzaG93IjoiM2RkMTZjZiJ9\" href='https:\/\/www.archphoto.cz\/wp-content\/uploads\/2026\/04\/ABB01-.jpg'><img fetchpriority=\"high\" decoding=\"async\" width=\"768\" height=\"1151\" src=\"https:\/\/www.archphoto.cz\/wp-content\/uploads\/2026\/04\/ABB01--768x1151.jpg\" class=\"attachment-medium_large size-medium_large\" alt=\"\" srcset=\"https:\/\/www.archphoto.cz\/wp-content\/uploads\/2026\/04\/ABB01--768x1151.jpg 768w, https:\/\/www.archphoto.cz\/wp-content\/uploads\/2026\/04\/ABB01-.jpg 801w\" sizes=\"(max-width: 768px) 100vw, 768px\" \/><\/a>\n\t\t\t<\/dt><\/dl><br style=\"clear: both\" \/><dl class='gallery-item'>\n\t\t\t<dt class='gallery-icon landscape'>\n\t\t\t\t<a data-elementor-open-lightbox=\"yes\" data-elementor-lightbox-slideshow=\"3dd16cf\" data-elementor-lightbox-title=\"ABB02\" data-e-action-hash=\"#elementor-action%3Aaction%3Dlightbox%26settings%3DeyJpZCI6MjEzOSwidXJsIjoiaHR0cHM6XC9cL3d3dy5hcmNocGhvdG8uY3pcL3dwLWNvbnRlbnRcL3VwbG9hZHNcLzIwMjZcLzA0XC9BQkIwMi5qcGciLCJzbGlkZXNob3ciOiIzZGQxNmNmIn0%3D\" href='https:\/\/www.archphoto.cz\/wp-content\/uploads\/2026\/04\/ABB02.jpg'><img decoding=\"async\" width=\"768\" height=\"513\" src=\"https:\/\/www.archphoto.cz\/wp-content\/uploads\/2026\/04\/ABB02-768x513.jpg\" class=\"attachment-medium_large size-medium_large\" alt=\"\" srcset=\"https:\/\/www.archphoto.cz\/wp-content\/uploads\/2026\/04\/ABB02-768x513.jpg 768w, https:\/\/www.archphoto.cz\/wp-content\/uploads\/2026\/04\/ABB02-272x182.jpg 272w, https:\/\/www.archphoto.cz\/wp-content\/uploads\/2026\/04\/ABB02.jpg 1200w\" sizes=\"(max-width: 768px) 100vw, 768px\" \/><\/a>\n\t\t\t<\/dt><\/dl><br style=\"clear: both\" \/><dl class='gallery-item'>\n\t\t\t<dt class='gallery-icon portrait'>\n\t\t\t\t<a data-elementor-open-lightbox=\"yes\" data-elementor-lightbox-slideshow=\"3dd16cf\" data-elementor-lightbox-title=\"ABB03\" data-e-action-hash=\"#elementor-action%3Aaction%3Dlightbox%26settings%3DeyJpZCI6MjE0MCwidXJsIjoiaHR0cHM6XC9cL3d3dy5hcmNocGhvdG8uY3pcL3dwLWNvbnRlbnRcL3VwbG9hZHNcLzIwMjZcLzA0XC9BQkIwMy5qcGciLCJzbGlkZXNob3ciOiIzZGQxNmNmIn0%3D\" href='https:\/\/www.archphoto.cz\/wp-content\/uploads\/2026\/04\/ABB03.jpg'><img decoding=\"async\" width=\"768\" height=\"1148\" src=\"https:\/\/www.archphoto.cz\/wp-content\/uploads\/2026\/04\/ABB03-768x1148.jpg\" class=\"attachment-medium_large size-medium_large\" alt=\"\" srcset=\"https:\/\/www.archphoto.cz\/wp-content\/uploads\/2026\/04\/ABB03-768x1148.jpg 768w, https:\/\/www.archphoto.cz\/wp-content\/uploads\/2026\/04\/ABB03.jpg 803w\" sizes=\"(max-width: 768px) 100vw, 768px\" \/><\/a>\n\t\t\t<\/dt><\/dl><br style=\"clear: both\" \/><dl class='gallery-item'>\n\t\t\t<dt class='gallery-icon portrait'>\n\t\t\t\t<a data-elementor-open-lightbox=\"yes\" data-elementor-lightbox-slideshow=\"3dd16cf\" data-elementor-lightbox-title=\"ABB04\" data-e-action-hash=\"#elementor-action%3Aaction%3Dlightbox%26settings%3DeyJpZCI6MjE0MSwidXJsIjoiaHR0cHM6XC9cL3d3dy5hcmNocGhvdG8uY3pcL3dwLWNvbnRlbnRcL3VwbG9hZHNcLzIwMjZcLzA0XC9BQkIwNC5qcGciLCJzbGlkZXNob3ciOiIzZGQxNmNmIn0%3D\" href='https:\/\/www.archphoto.cz\/wp-content\/uploads\/2026\/04\/ABB04.jpg'><img loading=\"lazy\" decoding=\"async\" width=\"768\" height=\"1151\" src=\"https:\/\/www.archphoto.cz\/wp-content\/uploads\/2026\/04\/ABB04-768x1151.jpg\" class=\"attachment-medium_large size-medium_large\" alt=\"\" srcset=\"https:\/\/www.archphoto.cz\/wp-content\/uploads\/2026\/04\/ABB04-768x1151.jpg 768w, https:\/\/www.archphoto.cz\/wp-content\/uploads\/2026\/04\/ABB04.jpg 801w\" sizes=\"(max-width: 768px) 100vw, 768px\" \/><\/a>\n\t\t\t<\/dt><\/dl><br style=\"clear: both\" \/><dl class='gallery-item'>\n\t\t\t<dt class='gallery-icon portrait'>\n\t\t\t\t<a data-elementor-open-lightbox=\"yes\" data-elementor-lightbox-slideshow=\"3dd16cf\" data-elementor-lightbox-title=\"ABB05\" data-e-action-hash=\"#elementor-action%3Aaction%3Dlightbox%26settings%3DeyJpZCI6MjE0MiwidXJsIjoiaHR0cHM6XC9cL3d3dy5hcmNocGhvdG8uY3pcL3dwLWNvbnRlbnRcL3VwbG9hZHNcLzIwMjZcLzA0XC9BQkIwNS5qcGciLCJzbGlkZXNob3ciOiIzZGQxNmNmIn0%3D\" href='https:\/\/www.archphoto.cz\/wp-content\/uploads\/2026\/04\/ABB05.jpg'><img loading=\"lazy\" decoding=\"async\" width=\"768\" height=\"1151\" src=\"https:\/\/www.archphoto.cz\/wp-content\/uploads\/2026\/04\/ABB05-768x1151.jpg\" class=\"attachment-medium_large size-medium_large\" alt=\"\" srcset=\"https:\/\/www.archphoto.cz\/wp-content\/uploads\/2026\/04\/ABB05-768x1151.jpg 768w, https:\/\/www.archphoto.cz\/wp-content\/uploads\/2026\/04\/ABB05.jpg 801w\" sizes=\"(max-width: 768px) 100vw, 768px\" \/><\/a>\n\t\t\t<\/dt><\/dl><br style=\"clear: both\" \/><dl class='gallery-item'>\n\t\t\t<dt class='gallery-icon portrait'>\n\t\t\t\t<a data-elementor-open-lightbox=\"yes\" data-elementor-lightbox-slideshow=\"3dd16cf\" data-elementor-lightbox-title=\"ABB06\" data-e-action-hash=\"#elementor-action%3Aaction%3Dlightbox%26settings%3DeyJpZCI6MjE0MywidXJsIjoiaHR0cHM6XC9cL3d3dy5hcmNocGhvdG8uY3pcL3dwLWNvbnRlbnRcL3VwbG9hZHNcLzIwMjZcLzA0XC9BQkIwNi5qcGciLCJzbGlkZXNob3ciOiIzZGQxNmNmIn0%3D\" href='https:\/\/www.archphoto.cz\/wp-content\/uploads\/2026\/04\/ABB06.jpg'><img loading=\"lazy\" decoding=\"async\" width=\"768\" height=\"1151\" src=\"https:\/\/www.archphoto.cz\/wp-content\/uploads\/2026\/04\/ABB06-768x1151.jpg\" class=\"attachment-medium_large size-medium_large\" alt=\"\" srcset=\"https:\/\/www.archphoto.cz\/wp-content\/uploads\/2026\/04\/ABB06-768x1151.jpg 768w, https:\/\/www.archphoto.cz\/wp-content\/uploads\/2026\/04\/ABB06.jpg 801w\" sizes=\"(max-width: 768px) 100vw, 768px\" \/><\/a>\n\t\t\t<\/dt><\/dl><br style=\"clear: both\" \/><dl class='gallery-item'>\n\t\t\t<dt class='gallery-icon landscape'>\n\t\t\t\t<a data-elementor-open-lightbox=\"yes\" data-elementor-lightbox-slideshow=\"3dd16cf\" data-elementor-lightbox-title=\"ABB07\" data-e-action-hash=\"#elementor-action%3Aaction%3Dlightbox%26settings%3DeyJpZCI6MjE0NCwidXJsIjoiaHR0cHM6XC9cL3d3dy5hcmNocGhvdG8uY3pcL3dwLWNvbnRlbnRcL3VwbG9hZHNcLzIwMjZcLzA0XC9BQkIwNy5qcGciLCJzbGlkZXNob3ciOiIzZGQxNmNmIn0%3D\" href='https:\/\/www.archphoto.cz\/wp-content\/uploads\/2026\/04\/ABB07.jpg'><img loading=\"lazy\" decoding=\"async\" width=\"768\" height=\"515\" src=\"https:\/\/www.archphoto.cz\/wp-content\/uploads\/2026\/04\/ABB07-768x515.jpg\" class=\"attachment-medium_large size-medium_large\" alt=\"\" srcset=\"https:\/\/www.archphoto.cz\/wp-content\/uploads\/2026\/04\/ABB07-768x515.jpg 768w, https:\/\/www.archphoto.cz\/wp-content\/uploads\/2026\/04\/ABB07-272x182.jpg 272w, https:\/\/www.archphoto.cz\/wp-content\/uploads\/2026\/04\/ABB07.jpg 1200w\" sizes=\"(max-width: 768px) 100vw, 768px\" \/><\/a>\n\t\t\t<\/dt><\/dl><br style=\"clear: both\" \/><dl class='gallery-item'>\n\t\t\t<dt class='gallery-icon portrait'>\n\t\t\t\t<a data-elementor-open-lightbox=\"yes\" data-elementor-lightbox-slideshow=\"3dd16cf\" data-elementor-lightbox-title=\"ABB08\" data-e-action-hash=\"#elementor-action%3Aaction%3Dlightbox%26settings%3DeyJpZCI6MjE0NSwidXJsIjoiaHR0cHM6XC9cL3d3dy5hcmNocGhvdG8uY3pcL3dwLWNvbnRlbnRcL3VwbG9hZHNcLzIwMjZcLzA0XC9BQkIwOC5qcGciLCJzbGlkZXNob3ciOiIzZGQxNmNmIn0%3D\" href='https:\/\/www.archphoto.cz\/wp-content\/uploads\/2026\/04\/ABB08.jpg'><img loading=\"lazy\" decoding=\"async\" width=\"768\" height=\"1145\" src=\"https:\/\/www.archphoto.cz\/wp-content\/uploads\/2026\/04\/ABB08-768x1145.jpg\" class=\"attachment-medium_large size-medium_large\" alt=\"\" srcset=\"https:\/\/www.archphoto.cz\/wp-content\/uploads\/2026\/04\/ABB08-768x1145.jpg 768w, https:\/\/www.archphoto.cz\/wp-content\/uploads\/2026\/04\/ABB08.jpg 805w\" sizes=\"(max-width: 768px) 100vw, 768px\" \/><\/a>\n\t\t\t<\/dt><\/dl><br style=\"clear: both\" \/><dl class='gallery-item'>\n\t\t\t<dt class='gallery-icon landscape'>\n\t\t\t\t<a data-elementor-open-lightbox=\"yes\" data-elementor-lightbox-slideshow=\"3dd16cf\" data-elementor-lightbox-title=\"ABB09\" data-e-action-hash=\"#elementor-action%3Aaction%3Dlightbox%26settings%3DeyJpZCI6MjE0NiwidXJsIjoiaHR0cHM6XC9cL3d3dy5hcmNocGhvdG8uY3pcL3dwLWNvbnRlbnRcL3VwbG9hZHNcLzIwMjZcLzA0XC9BQkIwOS5qcGciLCJzbGlkZXNob3ciOiIzZGQxNmNmIn0%3D\" href='https:\/\/www.archphoto.cz\/wp-content\/uploads\/2026\/04\/ABB09.jpg'><img loading=\"lazy\" decoding=\"async\" width=\"768\" height=\"513\" src=\"https:\/\/www.archphoto.cz\/wp-content\/uploads\/2026\/04\/ABB09-768x513.jpg\" class=\"attachment-medium_large size-medium_large\" alt=\"\" srcset=\"https:\/\/www.archphoto.cz\/wp-content\/uploads\/2026\/04\/ABB09-768x513.jpg 768w, https:\/\/www.archphoto.cz\/wp-content\/uploads\/2026\/04\/ABB09-272x182.jpg 272w, https:\/\/www.archphoto.cz\/wp-content\/uploads\/2026\/04\/ABB09.jpg 1200w\" sizes=\"(max-width: 768px) 100vw, 768px\" \/><\/a>\n\t\t\t<\/dt><\/dl><br style=\"clear: both\" \/><dl class='gallery-item'>\n\t\t\t<dt class='gallery-icon portrait'>\n\t\t\t\t<a data-elementor-open-lightbox=\"yes\" data-elementor-lightbox-slideshow=\"3dd16cf\" data-elementor-lightbox-title=\"ABB10\" data-e-action-hash=\"#elementor-action%3Aaction%3Dlightbox%26settings%3DeyJpZCI6MjE0NywidXJsIjoiaHR0cHM6XC9cL3d3dy5hcmNocGhvdG8uY3pcL3dwLWNvbnRlbnRcL3VwbG9hZHNcLzIwMjZcLzA0XC9BQkIxMC5qcGciLCJzbGlkZXNob3ciOiIzZGQxNmNmIn0%3D\" href='https:\/\/www.archphoto.cz\/wp-content\/uploads\/2026\/04\/ABB10.jpg'><img loading=\"lazy\" decoding=\"async\" width=\"768\" height=\"1151\" src=\"https:\/\/www.archphoto.cz\/wp-content\/uploads\/2026\/04\/ABB10-768x1151.jpg\" class=\"attachment-medium_large size-medium_large\" alt=\"\" srcset=\"https:\/\/www.archphoto.cz\/wp-content\/uploads\/2026\/04\/ABB10-768x1151.jpg 768w, https:\/\/www.archphoto.cz\/wp-content\/uploads\/2026\/04\/ABB10.jpg 801w\" sizes=\"(max-width: 768px) 100vw, 768px\" \/><\/a>\n\t\t\t<\/dt><\/dl><br style=\"clear: both\" \/><dl class='gallery-item'>\n\t\t\t<dt class='gallery-icon portrait'>\n\t\t\t\t<a data-elementor-open-lightbox=\"yes\" data-elementor-lightbox-slideshow=\"3dd16cf\" data-elementor-lightbox-title=\"ABB11\" data-e-action-hash=\"#elementor-action%3Aaction%3Dlightbox%26settings%3DeyJpZCI6MjE0OCwidXJsIjoiaHR0cHM6XC9cL3d3dy5hcmNocGhvdG8uY3pcL3dwLWNvbnRlbnRcL3VwbG9hZHNcLzIwMjZcLzA0XC9BQkIxMS5qcGciLCJzbGlkZXNob3ciOiIzZGQxNmNmIn0%3D\" href='https:\/\/www.archphoto.cz\/wp-content\/uploads\/2026\/04\/ABB11.jpg'><img loading=\"lazy\" decoding=\"async\" width=\"768\" height=\"1151\" src=\"https:\/\/www.archphoto.cz\/wp-content\/uploads\/2026\/04\/ABB11-768x1151.jpg\" class=\"attachment-medium_large size-medium_large\" alt=\"\" srcset=\"https:\/\/www.archphoto.cz\/wp-content\/uploads\/2026\/04\/ABB11-768x1151.jpg 768w, https:\/\/www.archphoto.cz\/wp-content\/uploads\/2026\/04\/ABB11.jpg 801w\" sizes=\"(max-width: 768px) 100vw, 768px\" \/><\/a>\n\t\t\t<\/dt><\/dl><br style=\"clear: both\" \/><dl class='gallery-item'>\n\t\t\t<dt class='gallery-icon portrait'>\n\t\t\t\t<a data-elementor-open-lightbox=\"yes\" data-elementor-lightbox-slideshow=\"3dd16cf\" data-elementor-lightbox-title=\"ABB12\" data-e-action-hash=\"#elementor-action%3Aaction%3Dlightbox%26settings%3DeyJpZCI6MjE0OSwidXJsIjoiaHR0cHM6XC9cL3d3dy5hcmNocGhvdG8uY3pcL3dwLWNvbnRlbnRcL3VwbG9hZHNcLzIwMjZcLzA0XC9BQkIxMi5qcGciLCJzbGlkZXNob3ciOiIzZGQxNmNmIn0%3D\" href='https:\/\/www.archphoto.cz\/wp-content\/uploads\/2026\/04\/ABB12.jpg'><img loading=\"lazy\" decoding=\"async\" width=\"768\" height=\"1151\" src=\"https:\/\/www.archphoto.cz\/wp-content\/uploads\/2026\/04\/ABB12-768x1151.jpg\" class=\"attachment-medium_large size-medium_large\" alt=\"\" srcset=\"https:\/\/www.archphoto.cz\/wp-content\/uploads\/2026\/04\/ABB12-768x1151.jpg 768w, https:\/\/www.archphoto.cz\/wp-content\/uploads\/2026\/04\/ABB12.jpg 801w\" sizes=\"(max-width: 768px) 100vw, 768px\" \/><\/a>\n\t\t\t<\/dt><\/dl><br style=\"clear: both\" \/><dl class='gallery-item'>\n\t\t\t<dt class='gallery-icon portrait'>\n\t\t\t\t<a data-elementor-open-lightbox=\"yes\" data-elementor-lightbox-slideshow=\"3dd16cf\" data-elementor-lightbox-title=\"ABB13\" data-e-action-hash=\"#elementor-action%3Aaction%3Dlightbox%26settings%3DeyJpZCI6MjE1MCwidXJsIjoiaHR0cHM6XC9cL3d3dy5hcmNocGhvdG8uY3pcL3dwLWNvbnRlbnRcL3VwbG9hZHNcLzIwMjZcLzA0XC9BQkIxMy5qcGciLCJzbGlkZXNob3ciOiIzZGQxNmNmIn0%3D\" href='https:\/\/www.archphoto.cz\/wp-content\/uploads\/2026\/04\/ABB13.jpg'><img loading=\"lazy\" decoding=\"async\" width=\"768\" height=\"1152\" src=\"https:\/\/www.archphoto.cz\/wp-content\/uploads\/2026\/04\/ABB13-768x1152.jpg\" class=\"attachment-medium_large size-medium_large\" alt=\"\" srcset=\"https:\/\/www.archphoto.cz\/wp-content\/uploads\/2026\/04\/ABB13-768x1152.jpg 768w, https:\/\/www.archphoto.cz\/wp-content\/uploads\/2026\/04\/ABB13.jpg 800w\" sizes=\"(max-width: 768px) 100vw, 768px\" \/><\/a>\n\t\t\t<\/dt><\/dl><br style=\"clear: both\" \/>\n\t\t<\/div>\n\t\t<\/div>\n\t\t\t\t\t\t<\/div>\n\t\t\t\t\t<\/div>\n\t\t\t\t<\/div>\n\t\t\t\t<\/div>\n\t\t","protected":false},"excerpt":{"rendered":"<p>Ing.arch. Jakub Fi\u0161er, Ing.arch. Krist\u00fdna Z\u00e1mostn\u00e1 klientsk\u00e9 centrum ABB<\/p>\n","protected":false},"author":1,"featured_media":0,"parent":0,"menu_order":0,"comment_status":"closed","ping_status":"closed","template":"","meta":{"footnotes":""},"class_list":["post-2132","page","type-page","status-publish","hentry"],"_links":{"self":[{"href":"https:\/\/www.archphoto.cz\/index.php?rest_route=\/wp\/v2\/pages\/2132","targetHints":{"allow":["GET"]}}],"collection":[{"href":"https:\/\/www.archphoto.cz\/index.php?rest_route=\/wp\/v2\/pages"}],"about":[{"href":"https:\/\/www.archphoto.cz\/index.php?rest_route=\/wp\/v2\/types\/page"}],"author":[{"embeddable":true,"href":"https:\/\/www.archphoto.cz\/index.php?rest_route=\/wp\/v2\/users\/1"}],"replies":[{"embeddable":true,"href":"https:\/\/www.archphoto.cz\/index.php?rest_route=%2Fwp%2Fv2%2Fcomments&post=2132"}],"version-history":[{"count":10,"href":"https:\/\/www.archphoto.cz\/index.php?rest_route=\/wp\/v2\/pages\/2132\/revisions"}],"predecessor-version":[{"id":2177,"href":"https:\/\/www.archphoto.cz\/index.php?rest_route=\/wp\/v2\/pages\/2132\/revisions\/2177"}],"wp:attachment":[{"href":"https:\/\/www.archphoto.cz\/index.php?rest_route=%2Fwp%2Fv2%2Fmedia&parent=2132"}],"curies":[{"name":"wp","href":"https:\/\/api.w.org\/{rel}","templated":true}]}}