{"id":2106,"date":"2026-04-12T19:26:24","date_gmt":"2026-04-12T17:26:24","guid":{"rendered":"https:\/\/www.archphoto.cz\/?page_id=2106"},"modified":"2026-04-12T19:33:56","modified_gmt":"2026-04-12T17:33:56","slug":"about","status":"publish","type":"page","link":"https:\/\/www.archphoto.cz\/?page_id=2106","title":{"rendered":"about"},"content":{"rendered":"\t\t<div data-elementor-type=\"wp-page\" data-elementor-id=\"2106\" class=\"elementor elementor-2106\">\n\t\t\t\t<div class=\"elementor-element elementor-element-c495dba e-flex e-con-boxed e-con e-parent\" data-id=\"c495dba\" data-element_type=\"container\">\n\t\t\t\t\t<div class=\"e-con-inner\">\n\t\t\t\t\t<\/div>\n\t\t\t\t<\/div>\n\t\t<div class=\"elementor-element elementor-element-0924cf6 e-flex e-con-boxed e-con e-parent\" data-id=\"0924cf6\" data-element_type=\"container\">\n\t\t\t\t\t<div class=\"e-con-inner\">\n\t\t\t\t<div class=\"elementor-element elementor-element-9eea25f elementor-widget elementor-widget-image\" data-id=\"9eea25f\" data-element_type=\"widget\" data-widget_type=\"image.default\">\n\t\t\t\t\t\t\t\t\t\t\t\t\t\t\t<img fetchpriority=\"high\" decoding=\"async\" width=\"489\" height=\"600\" src=\"https:\/\/www.archphoto.cz\/wp-content\/uploads\/2026\/04\/f-256.jpg\" class=\"attachment-large size-large wp-image-2108\" alt=\"\" \/>\t\t\t\t\t\t\t\t\t\t\t\t\t\t\t<\/div>\n\t\t\t\t\t<\/div>\n\t\t\t\t<\/div>\n\t\t<div class=\"elementor-element elementor-element-e17f835 e-flex e-con-boxed e-con e-parent\" data-id=\"e17f835\" data-element_type=\"container\">\n\t\t\t\t\t<div class=\"e-con-inner\">\n\t\t\t\t<div class=\"elementor-element elementor-element-766b2de elementor-widget elementor-widget-text-editor\" data-id=\"766b2de\" data-element_type=\"widget\" data-widget_type=\"text-editor.default\">\n\t\t\t\t\t\t\t\t\t<p style=\"text-align: left;\">f 256<\/p>\t\t\t\t\t\t\t\t<\/div>\n\t\t\t\t\t<\/div>\n\t\t\t\t<\/div>\n\t\t<div class=\"elementor-element elementor-element-a9a012a e-flex e-con-boxed e-con e-parent\" data-id=\"a9a012a\" data-element_type=\"container\">\n\t\t\t\t\t<div class=\"e-con-inner\">\n\t\t\t\t<div class=\"elementor-element elementor-element-5f82608 elementor-widget elementor-widget-text-editor\" data-id=\"5f82608\" data-element_type=\"widget\" data-widget_type=\"text-editor.default\">\n\t\t\t\t\t\t\t\t\t<p>Vystudovali fotografii na FAMU a k tomu si pro v\u011bt\u0161\u00ed rozhled p\u0159idali i studium kulturn\u00ed antropologie na FFUK.<\/p><p>Spolupr\u00e1ce s architekty se datuje od roku 2010, kdy byli na z\u00e1klad\u011b sv\u00e9 voln\u00e9 tvorby osloveni k neobvykl\u00e9mu nafocen\u00ed model\u016f (camerou obscurou) pro p\u0159ipravovanou v\u00fdstavu v\u00fdznamn\u00e9ho architektonick\u00e9ho studia.<\/p><p>Od t\u00e9 doby spolupracuj\u00ed s mnoha renomovan\u00fdmi ateliery (Aul\u00edk Fi\u0161er Architekti , Ivan Kroupa Architekti, RKAW Ing Arch Radek Kola\u0159\u00edk, CMC architects V\u00edt M\u00e1slo, Closer Architects, di5 architekti in\u017een\u00fd\u0159i, CAMA architekti, SMLXL<\/p><p>jejich fotografie jsou prezentov\u00e1ny v mnoha publikac\u00edch a periodik\u00e1ch.<\/p><p>Publikace: Aul\u00edk Fi\u0161er Architekti \u2013 n\u00e1vrhy a realizace 1995-2010, ro\u010denka architekt\u016f 2011-12,<br \/>Architecture and Wine in Central Europe, Sou\u010dasn\u00fd \u010desk\u00fd industri\u00e1l, Naprej \u2013 \u010desk\u00e1 sportovn\u00ed<br \/>architektura 1847 \u2013 2012, Wood Planet, Go-OUT, Saudu-Taste It! , Architektura mimo centra,<br \/>DETAIL \u2013 special edition Wein und Raum<\/p><p>Periodika: Mf dnes, Reflex, Era 21, Archiweb, Dolce Vita, D\u0159evo&amp;stavby, MADE magazine, Arquitectura y dise\u00f1o, A10, Design Hospitality Diffusion, Interior design magasine, Spa-DE, Casas y m\u00e1s , MD Magazine, Deco Interier Magazine, Modern decoration Magazine<\/p><p>Nad\u00e1le se v\u0161ak intenzivn\u011b v\u011bnuj\u00ed sv\u00e9 voln\u00e9 tvorb\u011b.<\/p><p>kontakt: byms@seznam.cz<\/p>\t\t\t\t\t\t\t\t<\/div>\n\t\t\t\t\t<\/div>\n\t\t\t\t<\/div>\n\t\t\t\t<\/div>\n\t\t","protected":false},"excerpt":{"rendered":"<p>f 256 Vystudovali fotografii na FAMU a k tomu si pro v\u011bt\u0161\u00ed rozhled p\u0159idali i studium kulturn\u00ed antropologie na FFUK. Spolupr\u00e1ce s architekty se datuje od roku 2010, kdy byli na z\u00e1klad\u011b sv\u00e9 voln\u00e9 tvorby osloveni k neobvykl\u00e9mu nafocen\u00ed model\u016f (camerou obscurou) pro p\u0159ipravovanou v\u00fdstavu v\u00fdznamn\u00e9ho architektonick\u00e9ho studia. Od t\u00e9 doby spolupracuj\u00ed s mnoha renomovan\u00fdmi [&hellip;]<\/p>\n","protected":false},"author":1,"featured_media":0,"parent":0,"menu_order":0,"comment_status":"closed","ping_status":"closed","template":"","meta":{"footnotes":""},"class_list":["post-2106","page","type-page","status-publish","hentry"],"_links":{"self":[{"href":"https:\/\/www.archphoto.cz\/index.php?rest_route=\/wp\/v2\/pages\/2106","targetHints":{"allow":["GET"]}}],"collection":[{"href":"https:\/\/www.archphoto.cz\/index.php?rest_route=\/wp\/v2\/pages"}],"about":[{"href":"https:\/\/www.archphoto.cz\/index.php?rest_route=\/wp\/v2\/types\/page"}],"author":[{"embeddable":true,"href":"https:\/\/www.archphoto.cz\/index.php?rest_route=\/wp\/v2\/users\/1"}],"replies":[{"embeddable":true,"href":"https:\/\/www.archphoto.cz\/index.php?rest_route=%2Fwp%2Fv2%2Fcomments&post=2106"}],"version-history":[{"count":5,"href":"https:\/\/www.archphoto.cz\/index.php?rest_route=\/wp\/v2\/pages\/2106\/revisions"}],"predecessor-version":[{"id":2113,"href":"https:\/\/www.archphoto.cz\/index.php?rest_route=\/wp\/v2\/pages\/2106\/revisions\/2113"}],"wp:attachment":[{"href":"https:\/\/www.archphoto.cz\/index.php?rest_route=%2Fwp%2Fv2%2Fmedia&parent=2106"}],"curies":[{"name":"wp","href":"https:\/\/api.w.org\/{rel}","templated":true}]}}