{"id":1823,"date":"2026-04-12T17:21:02","date_gmt":"2026-04-12T15:21:02","guid":{"rendered":"https:\/\/www.archphoto.cz\/?page_id=1823"},"modified":"2026-04-15T14:36:51","modified_gmt":"2026-04-15T12:36:51","slug":"18-promed","status":"publish","type":"page","link":"https:\/\/www.archphoto.cz\/?page_id=1823","title":{"rendered":"18 Promed"},"content":{"rendered":"\t\t<div data-elementor-type=\"wp-page\" data-elementor-id=\"1823\" class=\"elementor elementor-1823\">\n\t\t\t\t<div class=\"elementor-element elementor-element-2c1a4e7 e-flex e-con-boxed e-con e-parent\" data-id=\"2c1a4e7\" data-element_type=\"container\">\n\t\t\t\t\t<div class=\"e-con-inner\">\n\t\t\t\t<div class=\"elementor-element elementor-element-33bc391 elementor-widget elementor-widget-spacer\" data-id=\"33bc391\" data-element_type=\"widget\" data-widget_type=\"spacer.default\">\n\t\t\t\t\t\t\t<div class=\"elementor-spacer\">\n\t\t\t<div class=\"elementor-spacer-inner\"><\/div>\n\t\t<\/div>\n\t\t\t\t\t\t<\/div>\n\t\t\t\t\t<\/div>\n\t\t\t\t<\/div>\n\t\t<div class=\"elementor-element elementor-element-a82a5e2 e-flex e-con-boxed e-con e-parent\" data-id=\"a82a5e2\" data-element_type=\"container\">\n\t\t\t\t\t<div class=\"e-con-inner\">\n\t\t\t\t<div class=\"elementor-element elementor-element-59427f8 elementor-widget elementor-widget-text-editor\" data-id=\"59427f8\" data-element_type=\"widget\" data-widget_type=\"text-editor.default\">\n\t\t\t\t\t\t\t\t\t<p style=\"text-align: left;\">Ing.arch. Jakub Fi\u0161er,\u00a0 Ing.arch. Krist\u00fdna Z\u00e1mostn\u00e1<\/p><p style=\"text-align: left;\">kancel\u00e1\u0159e firmy PROMED.cs<\/p>\t\t\t\t\t\t\t\t<\/div>\n\t\t\t\t\t<\/div>\n\t\t\t\t<\/div>\n\t\t<div class=\"elementor-element elementor-element-2b73d51 e-flex e-con-boxed e-con e-parent\" data-id=\"2b73d51\" data-element_type=\"container\">\n\t\t\t\t\t<div class=\"e-con-inner\">\n\t\t\t\t<div class=\"elementor-element elementor-element-bae1231 elementor-widget elementor-widget-image-gallery\" data-id=\"bae1231\" data-element_type=\"widget\" data-widget_type=\"image-gallery.default\">\n\t\t\t\t\t\t\t<div class=\"elementor-image-gallery\">\n\t\t\t\n\t\t<style type=\"text\/css\">\n\t\t\t#gallery-1 {\n\t\t\t\tmargin: auto;\n\t\t\t}\n\t\t\t#gallery-1 .gallery-item {\n\t\t\t\tfloat: left;\n\t\t\t\tmargin-top: 10px;\n\t\t\t\ttext-align: center;\n\t\t\t\twidth: 100%;\n\t\t\t}\n\t\t\t#gallery-1 img {\n\t\t\t\tborder: 2px solid #cfcfcf;\n\t\t\t}\n\t\t\t#gallery-1 .gallery-caption {\n\t\t\t\tmargin-left: 0;\n\t\t\t}\n\t\t\t\/* see gallery_shortcode() in wp-includes\/media.php *\/\n\t\t<\/style>\n\t\t<div id='gallery-1' class='gallery galleryid-1823 gallery-columns-1 gallery-size-medium_large'><dl class='gallery-item'>\n\t\t\t<dt class='gallery-icon landscape'>\n\t\t\t\t<a data-elementor-open-lightbox=\"yes\" data-elementor-lightbox-slideshow=\"bae1231\" data-elementor-lightbox-title=\"Art_instalation_in_office_spaces01\" data-e-action-hash=\"#elementor-action%3Aaction%3Dlightbox%26settings%3DeyJpZCI6MTgyOCwidXJsIjoiaHR0cHM6XC9cL3d3dy5hcmNocGhvdG8uY3pcL3dwLWNvbnRlbnRcL3VwbG9hZHNcLzIwMjZcLzA0XC9BcnRfaW5zdGFsYXRpb25faW5fb2ZmaWNlX3NwYWNlczAxLmpwZyIsInNsaWRlc2hvdyI6ImJhZTEyMzEifQ%3D%3D\" href='https:\/\/www.archphoto.cz\/wp-content\/uploads\/2026\/04\/Art_instalation_in_office_spaces01.jpg'><img fetchpriority=\"high\" decoding=\"async\" width=\"768\" height=\"514\" src=\"https:\/\/www.archphoto.cz\/wp-content\/uploads\/2026\/04\/Art_instalation_in_office_spaces01-768x514.jpg\" class=\"attachment-medium_large size-medium_large\" alt=\"\" srcset=\"https:\/\/www.archphoto.cz\/wp-content\/uploads\/2026\/04\/Art_instalation_in_office_spaces01-768x514.jpg 768w, https:\/\/www.archphoto.cz\/wp-content\/uploads\/2026\/04\/Art_instalation_in_office_spaces01-272x182.jpg 272w, https:\/\/www.archphoto.cz\/wp-content\/uploads\/2026\/04\/Art_instalation_in_office_spaces01.jpg 1200w\" sizes=\"(max-width: 768px) 100vw, 768px\" \/><\/a>\n\t\t\t<\/dt><\/dl><br style=\"clear: both\" \/><dl class='gallery-item'>\n\t\t\t<dt class='gallery-icon landscape'>\n\t\t\t\t<a data-elementor-open-lightbox=\"yes\" data-elementor-lightbox-slideshow=\"bae1231\" data-elementor-lightbox-title=\"Art_instalation_in_office_spaces13\" data-e-action-hash=\"#elementor-action%3Aaction%3Dlightbox%26settings%3DeyJpZCI6MTg0MCwidXJsIjoiaHR0cHM6XC9cL3d3dy5hcmNocGhvdG8uY3pcL3dwLWNvbnRlbnRcL3VwbG9hZHNcLzIwMjZcLzA0XC9BcnRfaW5zdGFsYXRpb25faW5fb2ZmaWNlX3NwYWNlczEzLmpwZyIsInNsaWRlc2hvdyI6ImJhZTEyMzEifQ%3D%3D\" href='https:\/\/www.archphoto.cz\/wp-content\/uploads\/2026\/04\/Art_instalation_in_office_spaces13.jpg'><img decoding=\"async\" width=\"768\" height=\"513\" src=\"https:\/\/www.archphoto.cz\/wp-content\/uploads\/2026\/04\/Art_instalation_in_office_spaces13-768x513.jpg\" class=\"attachment-medium_large size-medium_large\" alt=\"\" srcset=\"https:\/\/www.archphoto.cz\/wp-content\/uploads\/2026\/04\/Art_instalation_in_office_spaces13-768x513.jpg 768w, https:\/\/www.archphoto.cz\/wp-content\/uploads\/2026\/04\/Art_instalation_in_office_spaces13-272x182.jpg 272w, https:\/\/www.archphoto.cz\/wp-content\/uploads\/2026\/04\/Art_instalation_in_office_spaces13.jpg 1200w\" sizes=\"(max-width: 768px) 100vw, 768px\" \/><\/a>\n\t\t\t<\/dt><\/dl><br style=\"clear: both\" \/><dl class='gallery-item'>\n\t\t\t<dt class='gallery-icon landscape'>\n\t\t\t\t<a data-elementor-open-lightbox=\"yes\" data-elementor-lightbox-slideshow=\"bae1231\" data-elementor-lightbox-title=\"Art_instalation_in_office_spaces12\" data-e-action-hash=\"#elementor-action%3Aaction%3Dlightbox%26settings%3DeyJpZCI6MTgzOSwidXJsIjoiaHR0cHM6XC9cL3d3dy5hcmNocGhvdG8uY3pcL3dwLWNvbnRlbnRcL3VwbG9hZHNcLzIwMjZcLzA0XC9BcnRfaW5zdGFsYXRpb25faW5fb2ZmaWNlX3NwYWNlczEyLmpwZyIsInNsaWRlc2hvdyI6ImJhZTEyMzEifQ%3D%3D\" href='https:\/\/www.archphoto.cz\/wp-content\/uploads\/2026\/04\/Art_instalation_in_office_spaces12.jpg'><img decoding=\"async\" width=\"768\" height=\"514\" src=\"https:\/\/www.archphoto.cz\/wp-content\/uploads\/2026\/04\/Art_instalation_in_office_spaces12-768x514.jpg\" class=\"attachment-medium_large size-medium_large\" alt=\"\" srcset=\"https:\/\/www.archphoto.cz\/wp-content\/uploads\/2026\/04\/Art_instalation_in_office_spaces12-768x514.jpg 768w, https:\/\/www.archphoto.cz\/wp-content\/uploads\/2026\/04\/Art_instalation_in_office_spaces12-272x182.jpg 272w, https:\/\/www.archphoto.cz\/wp-content\/uploads\/2026\/04\/Art_instalation_in_office_spaces12.jpg 1200w\" sizes=\"(max-width: 768px) 100vw, 768px\" \/><\/a>\n\t\t\t<\/dt><\/dl><br style=\"clear: both\" \/><dl class='gallery-item'>\n\t\t\t<dt class='gallery-icon portrait'>\n\t\t\t\t<a data-elementor-open-lightbox=\"yes\" data-elementor-lightbox-slideshow=\"bae1231\" data-elementor-lightbox-title=\"Art_instalation_in_office_spaces11\" data-e-action-hash=\"#elementor-action%3Aaction%3Dlightbox%26settings%3DeyJpZCI6MTgzOCwidXJsIjoiaHR0cHM6XC9cL3d3dy5hcmNocGhvdG8uY3pcL3dwLWNvbnRlbnRcL3VwbG9hZHNcLzIwMjZcLzA0XC9BcnRfaW5zdGFsYXRpb25faW5fb2ZmaWNlX3NwYWNlczExLmpwZyIsInNsaWRlc2hvdyI6ImJhZTEyMzEifQ%3D%3D\" href='https:\/\/www.archphoto.cz\/wp-content\/uploads\/2026\/04\/Art_instalation_in_office_spaces11.jpg'><img loading=\"lazy\" decoding=\"async\" width=\"768\" height=\"1151\" src=\"https:\/\/www.archphoto.cz\/wp-content\/uploads\/2026\/04\/Art_instalation_in_office_spaces11-768x1151.jpg\" class=\"attachment-medium_large size-medium_large\" alt=\"\" srcset=\"https:\/\/www.archphoto.cz\/wp-content\/uploads\/2026\/04\/Art_instalation_in_office_spaces11-768x1151.jpg 768w, https:\/\/www.archphoto.cz\/wp-content\/uploads\/2026\/04\/Art_instalation_in_office_spaces11.jpg 801w\" sizes=\"(max-width: 768px) 100vw, 768px\" \/><\/a>\n\t\t\t<\/dt><\/dl><br style=\"clear: both\" \/><dl class='gallery-item'>\n\t\t\t<dt class='gallery-icon landscape'>\n\t\t\t\t<a data-elementor-open-lightbox=\"yes\" data-elementor-lightbox-slideshow=\"bae1231\" data-elementor-lightbox-title=\"Art_instalation_in_office_spaces10\" data-e-action-hash=\"#elementor-action%3Aaction%3Dlightbox%26settings%3DeyJpZCI6MTgzNywidXJsIjoiaHR0cHM6XC9cL3d3dy5hcmNocGhvdG8uY3pcL3dwLWNvbnRlbnRcL3VwbG9hZHNcLzIwMjZcLzA0XC9BcnRfaW5zdGFsYXRpb25faW5fb2ZmaWNlX3NwYWNlczEwLmpwZyIsInNsaWRlc2hvdyI6ImJhZTEyMzEifQ%3D%3D\" href='https:\/\/www.archphoto.cz\/wp-content\/uploads\/2026\/04\/Art_instalation_in_office_spaces10.jpg'><img loading=\"lazy\" decoding=\"async\" width=\"768\" height=\"514\" src=\"https:\/\/www.archphoto.cz\/wp-content\/uploads\/2026\/04\/Art_instalation_in_office_spaces10-768x514.jpg\" class=\"attachment-medium_large size-medium_large\" alt=\"\" srcset=\"https:\/\/www.archphoto.cz\/wp-content\/uploads\/2026\/04\/Art_instalation_in_office_spaces10-768x514.jpg 768w, https:\/\/www.archphoto.cz\/wp-content\/uploads\/2026\/04\/Art_instalation_in_office_spaces10-272x182.jpg 272w, https:\/\/www.archphoto.cz\/wp-content\/uploads\/2026\/04\/Art_instalation_in_office_spaces10.jpg 1200w\" sizes=\"(max-width: 768px) 100vw, 768px\" \/><\/a>\n\t\t\t<\/dt><\/dl><br style=\"clear: both\" \/><dl class='gallery-item'>\n\t\t\t<dt class='gallery-icon landscape'>\n\t\t\t\t<a data-elementor-open-lightbox=\"yes\" data-elementor-lightbox-slideshow=\"bae1231\" data-elementor-lightbox-title=\"Art_instalation_in_office_spaces09\" data-e-action-hash=\"#elementor-action%3Aaction%3Dlightbox%26settings%3DeyJpZCI6MTgzNiwidXJsIjoiaHR0cHM6XC9cL3d3dy5hcmNocGhvdG8uY3pcL3dwLWNvbnRlbnRcL3VwbG9hZHNcLzIwMjZcLzA0XC9BcnRfaW5zdGFsYXRpb25faW5fb2ZmaWNlX3NwYWNlczA5LmpwZyIsInNsaWRlc2hvdyI6ImJhZTEyMzEifQ%3D%3D\" href='https:\/\/www.archphoto.cz\/wp-content\/uploads\/2026\/04\/Art_instalation_in_office_spaces09.jpg'><img loading=\"lazy\" decoding=\"async\" width=\"768\" height=\"508\" src=\"https:\/\/www.archphoto.cz\/wp-content\/uploads\/2026\/04\/Art_instalation_in_office_spaces09-768x508.jpg\" class=\"attachment-medium_large size-medium_large\" alt=\"\" srcset=\"https:\/\/www.archphoto.cz\/wp-content\/uploads\/2026\/04\/Art_instalation_in_office_spaces09-768x508.jpg 768w, https:\/\/www.archphoto.cz\/wp-content\/uploads\/2026\/04\/Art_instalation_in_office_spaces09.jpg 1200w\" sizes=\"(max-width: 768px) 100vw, 768px\" \/><\/a>\n\t\t\t<\/dt><\/dl><br style=\"clear: both\" \/><dl class='gallery-item'>\n\t\t\t<dt class='gallery-icon portrait'>\n\t\t\t\t<a data-elementor-open-lightbox=\"yes\" data-elementor-lightbox-slideshow=\"bae1231\" data-elementor-lightbox-title=\"Art_instalation_in_office_spaces08\" data-e-action-hash=\"#elementor-action%3Aaction%3Dlightbox%26settings%3DeyJpZCI6MTgzNSwidXJsIjoiaHR0cHM6XC9cL3d3dy5hcmNocGhvdG8uY3pcL3dwLWNvbnRlbnRcL3VwbG9hZHNcLzIwMjZcLzA0XC9BcnRfaW5zdGFsYXRpb25faW5fb2ZmaWNlX3NwYWNlczA4LmpwZyIsInNsaWRlc2hvdyI6ImJhZTEyMzEifQ%3D%3D\" href='https:\/\/www.archphoto.cz\/wp-content\/uploads\/2026\/04\/Art_instalation_in_office_spaces08.jpg'><img loading=\"lazy\" decoding=\"async\" width=\"768\" height=\"1149\" src=\"https:\/\/www.archphoto.cz\/wp-content\/uploads\/2026\/04\/Art_instalation_in_office_spaces08-768x1149.jpg\" class=\"attachment-medium_large size-medium_large\" alt=\"\" srcset=\"https:\/\/www.archphoto.cz\/wp-content\/uploads\/2026\/04\/Art_instalation_in_office_spaces08-768x1149.jpg 768w, https:\/\/www.archphoto.cz\/wp-content\/uploads\/2026\/04\/Art_instalation_in_office_spaces08.jpg 802w\" sizes=\"(max-width: 768px) 100vw, 768px\" \/><\/a>\n\t\t\t<\/dt><\/dl><br style=\"clear: both\" \/><dl class='gallery-item'>\n\t\t\t<dt class='gallery-icon landscape'>\n\t\t\t\t<a data-elementor-open-lightbox=\"yes\" data-elementor-lightbox-slideshow=\"bae1231\" data-elementor-lightbox-title=\"Art_instalation_in_office_spaces07\" data-e-action-hash=\"#elementor-action%3Aaction%3Dlightbox%26settings%3DeyJpZCI6MTgzNCwidXJsIjoiaHR0cHM6XC9cL3d3dy5hcmNocGhvdG8uY3pcL3dwLWNvbnRlbnRcL3VwbG9hZHNcLzIwMjZcLzA0XC9BcnRfaW5zdGFsYXRpb25faW5fb2ZmaWNlX3NwYWNlczA3LmpwZyIsInNsaWRlc2hvdyI6ImJhZTEyMzEifQ%3D%3D\" href='https:\/\/www.archphoto.cz\/wp-content\/uploads\/2026\/04\/Art_instalation_in_office_spaces07.jpg'><img loading=\"lazy\" decoding=\"async\" width=\"768\" height=\"513\" src=\"https:\/\/www.archphoto.cz\/wp-content\/uploads\/2026\/04\/Art_instalation_in_office_spaces07-768x513.jpg\" class=\"attachment-medium_large size-medium_large\" alt=\"\" srcset=\"https:\/\/www.archphoto.cz\/wp-content\/uploads\/2026\/04\/Art_instalation_in_office_spaces07-768x513.jpg 768w, https:\/\/www.archphoto.cz\/wp-content\/uploads\/2026\/04\/Art_instalation_in_office_spaces07-272x182.jpg 272w, https:\/\/www.archphoto.cz\/wp-content\/uploads\/2026\/04\/Art_instalation_in_office_spaces07.jpg 1200w\" sizes=\"(max-width: 768px) 100vw, 768px\" \/><\/a>\n\t\t\t<\/dt><\/dl><br style=\"clear: both\" \/><dl class='gallery-item'>\n\t\t\t<dt class='gallery-icon landscape'>\n\t\t\t\t<a data-elementor-open-lightbox=\"yes\" data-elementor-lightbox-slideshow=\"bae1231\" data-elementor-lightbox-title=\"Art_instalation_in_office_spaces06\" data-e-action-hash=\"#elementor-action%3Aaction%3Dlightbox%26settings%3DeyJpZCI6MTgzMywidXJsIjoiaHR0cHM6XC9cL3d3dy5hcmNocGhvdG8uY3pcL3dwLWNvbnRlbnRcL3VwbG9hZHNcLzIwMjZcLzA0XC9BcnRfaW5zdGFsYXRpb25faW5fb2ZmaWNlX3NwYWNlczA2LmpwZyIsInNsaWRlc2hvdyI6ImJhZTEyMzEifQ%3D%3D\" href='https:\/\/www.archphoto.cz\/wp-content\/uploads\/2026\/04\/Art_instalation_in_office_spaces06.jpg'><img loading=\"lazy\" decoding=\"async\" width=\"768\" height=\"501\" src=\"https:\/\/www.archphoto.cz\/wp-content\/uploads\/2026\/04\/Art_instalation_in_office_spaces06-768x501.jpg\" class=\"attachment-medium_large size-medium_large\" alt=\"\" srcset=\"https:\/\/www.archphoto.cz\/wp-content\/uploads\/2026\/04\/Art_instalation_in_office_spaces06-768x501.jpg 768w, https:\/\/www.archphoto.cz\/wp-content\/uploads\/2026\/04\/Art_instalation_in_office_spaces06.jpg 1200w\" sizes=\"(max-width: 768px) 100vw, 768px\" \/><\/a>\n\t\t\t<\/dt><\/dl><br style=\"clear: both\" \/><dl class='gallery-item'>\n\t\t\t<dt class='gallery-icon landscape'>\n\t\t\t\t<a data-elementor-open-lightbox=\"yes\" data-elementor-lightbox-slideshow=\"bae1231\" data-elementor-lightbox-title=\"Art_instalation_in_office_spaces05\" data-e-action-hash=\"#elementor-action%3Aaction%3Dlightbox%26settings%3DeyJpZCI6MTgzMiwidXJsIjoiaHR0cHM6XC9cL3d3dy5hcmNocGhvdG8uY3pcL3dwLWNvbnRlbnRcL3VwbG9hZHNcLzIwMjZcLzA0XC9BcnRfaW5zdGFsYXRpb25faW5fb2ZmaWNlX3NwYWNlczA1LmpwZyIsInNsaWRlc2hvdyI6ImJhZTEyMzEifQ%3D%3D\" href='https:\/\/www.archphoto.cz\/wp-content\/uploads\/2026\/04\/Art_instalation_in_office_spaces05.jpg'><img loading=\"lazy\" decoding=\"async\" width=\"768\" height=\"509\" src=\"https:\/\/www.archphoto.cz\/wp-content\/uploads\/2026\/04\/Art_instalation_in_office_spaces05-768x509.jpg\" class=\"attachment-medium_large size-medium_large\" alt=\"\" srcset=\"https:\/\/www.archphoto.cz\/wp-content\/uploads\/2026\/04\/Art_instalation_in_office_spaces05-768x509.jpg 768w, https:\/\/www.archphoto.cz\/wp-content\/uploads\/2026\/04\/Art_instalation_in_office_spaces05.jpg 1200w\" sizes=\"(max-width: 768px) 100vw, 768px\" \/><\/a>\n\t\t\t<\/dt><\/dl><br style=\"clear: both\" \/><dl class='gallery-item'>\n\t\t\t<dt class='gallery-icon landscape'>\n\t\t\t\t<a data-elementor-open-lightbox=\"yes\" data-elementor-lightbox-slideshow=\"bae1231\" data-elementor-lightbox-title=\"Art_instalation_in_office_spaces04\" data-e-action-hash=\"#elementor-action%3Aaction%3Dlightbox%26settings%3DeyJpZCI6MTgzMSwidXJsIjoiaHR0cHM6XC9cL3d3dy5hcmNocGhvdG8uY3pcL3dwLWNvbnRlbnRcL3VwbG9hZHNcLzIwMjZcLzA0XC9BcnRfaW5zdGFsYXRpb25faW5fb2ZmaWNlX3NwYWNlczA0LmpwZyIsInNsaWRlc2hvdyI6ImJhZTEyMzEifQ%3D%3D\" href='https:\/\/www.archphoto.cz\/wp-content\/uploads\/2026\/04\/Art_instalation_in_office_spaces04.jpg'><img loading=\"lazy\" decoding=\"async\" width=\"768\" height=\"501\" src=\"https:\/\/www.archphoto.cz\/wp-content\/uploads\/2026\/04\/Art_instalation_in_office_spaces04-768x501.jpg\" class=\"attachment-medium_large size-medium_large\" alt=\"\" srcset=\"https:\/\/www.archphoto.cz\/wp-content\/uploads\/2026\/04\/Art_instalation_in_office_spaces04-768x501.jpg 768w, https:\/\/www.archphoto.cz\/wp-content\/uploads\/2026\/04\/Art_instalation_in_office_spaces04.jpg 1200w\" sizes=\"(max-width: 768px) 100vw, 768px\" \/><\/a>\n\t\t\t<\/dt><\/dl><br style=\"clear: both\" \/><dl class='gallery-item'>\n\t\t\t<dt class='gallery-icon landscape'>\n\t\t\t\t<a data-elementor-open-lightbox=\"yes\" data-elementor-lightbox-slideshow=\"bae1231\" data-elementor-lightbox-title=\"Art_instalation_in_office_spaces03\" data-e-action-hash=\"#elementor-action%3Aaction%3Dlightbox%26settings%3DeyJpZCI6MTgzMCwidXJsIjoiaHR0cHM6XC9cL3d3dy5hcmNocGhvdG8uY3pcL3dwLWNvbnRlbnRcL3VwbG9hZHNcLzIwMjZcLzA0XC9BcnRfaW5zdGFsYXRpb25faW5fb2ZmaWNlX3NwYWNlczAzLmpwZyIsInNsaWRlc2hvdyI6ImJhZTEyMzEifQ%3D%3D\" href='https:\/\/www.archphoto.cz\/wp-content\/uploads\/2026\/04\/Art_instalation_in_office_spaces03.jpg'><img loading=\"lazy\" decoding=\"async\" width=\"768\" height=\"538\" src=\"https:\/\/www.archphoto.cz\/wp-content\/uploads\/2026\/04\/Art_instalation_in_office_spaces03-768x538.jpg\" class=\"attachment-medium_large size-medium_large\" alt=\"\" srcset=\"https:\/\/www.archphoto.cz\/wp-content\/uploads\/2026\/04\/Art_instalation_in_office_spaces03-768x538.jpg 768w, https:\/\/www.archphoto.cz\/wp-content\/uploads\/2026\/04\/Art_instalation_in_office_spaces03.jpg 1200w\" sizes=\"(max-width: 768px) 100vw, 768px\" \/><\/a>\n\t\t\t<\/dt><\/dl><br style=\"clear: both\" \/><dl class='gallery-item'>\n\t\t\t<dt class='gallery-icon landscape'>\n\t\t\t\t<a data-elementor-open-lightbox=\"yes\" data-elementor-lightbox-slideshow=\"bae1231\" data-elementor-lightbox-title=\"Art_instalation_in_office_spaces02\" data-e-action-hash=\"#elementor-action%3Aaction%3Dlightbox%26settings%3DeyJpZCI6MTgyOSwidXJsIjoiaHR0cHM6XC9cL3d3dy5hcmNocGhvdG8uY3pcL3dwLWNvbnRlbnRcL3VwbG9hZHNcLzIwMjZcLzA0XC9BcnRfaW5zdGFsYXRpb25faW5fb2ZmaWNlX3NwYWNlczAyLmpwZyIsInNsaWRlc2hvdyI6ImJhZTEyMzEifQ%3D%3D\" href='https:\/\/www.archphoto.cz\/wp-content\/uploads\/2026\/04\/Art_instalation_in_office_spaces02.jpg'><img loading=\"lazy\" decoding=\"async\" width=\"768\" height=\"513\" src=\"https:\/\/www.archphoto.cz\/wp-content\/uploads\/2026\/04\/Art_instalation_in_office_spaces02-768x513.jpg\" class=\"attachment-medium_large size-medium_large\" alt=\"\" srcset=\"https:\/\/www.archphoto.cz\/wp-content\/uploads\/2026\/04\/Art_instalation_in_office_spaces02-768x513.jpg 768w, https:\/\/www.archphoto.cz\/wp-content\/uploads\/2026\/04\/Art_instalation_in_office_spaces02-272x182.jpg 272w, https:\/\/www.archphoto.cz\/wp-content\/uploads\/2026\/04\/Art_instalation_in_office_spaces02.jpg 1200w\" sizes=\"(max-width: 768px) 100vw, 768px\" \/><\/a>\n\t\t\t<\/dt><\/dl><br style=\"clear: both\" \/>\n\t\t<\/div>\n\t\t<\/div>\n\t\t\t\t\t\t<\/div>\n\t\t\t\t\t<\/div>\n\t\t\t\t<\/div>\n\t\t\t\t<\/div>\n\t\t","protected":false},"excerpt":{"rendered":"<p>Ing.arch. Jakub Fi\u0161er,\u00a0 Ing.arch. Krist\u00fdna Z\u00e1mostn\u00e1 kancel\u00e1\u0159e firmy PROMED.cs<\/p>\n","protected":false},"author":1,"featured_media":0,"parent":0,"menu_order":0,"comment_status":"closed","ping_status":"closed","template":"","meta":{"footnotes":""},"class_list":["post-1823","page","type-page","status-publish","hentry"],"_links":{"self":[{"href":"https:\/\/www.archphoto.cz\/index.php?rest_route=\/wp\/v2\/pages\/1823","targetHints":{"allow":["GET"]}}],"collection":[{"href":"https:\/\/www.archphoto.cz\/index.php?rest_route=\/wp\/v2\/pages"}],"about":[{"href":"https:\/\/www.archphoto.cz\/index.php?rest_route=\/wp\/v2\/types\/page"}],"author":[{"embeddable":true,"href":"https:\/\/www.archphoto.cz\/index.php?rest_route=\/wp\/v2\/users\/1"}],"replies":[{"embeddable":true,"href":"https:\/\/www.archphoto.cz\/index.php?rest_route=%2Fwp%2Fv2%2Fcomments&post=1823"}],"version-history":[{"count":13,"href":"https:\/\/www.archphoto.cz\/index.php?rest_route=\/wp\/v2\/pages\/1823\/revisions"}],"predecessor-version":[{"id":2128,"href":"https:\/\/www.archphoto.cz\/index.php?rest_route=\/wp\/v2\/pages\/1823\/revisions\/2128"}],"wp:attachment":[{"href":"https:\/\/www.archphoto.cz\/index.php?rest_route=%2Fwp%2Fv2%2Fmedia&parent=1823"}],"curies":[{"name":"wp","href":"https:\/\/api.w.org\/{rel}","templated":true}]}}