{"id":1794,"date":"2026-04-12T16:46:29","date_gmt":"2026-04-12T14:46:29","guid":{"rendered":"https:\/\/www.archphoto.cz\/?page_id=1794"},"modified":"2026-04-12T18:30:33","modified_gmt":"2026-04-12T16:30:33","slug":"17-pruhonice","status":"publish","type":"page","link":"https:\/\/www.archphoto.cz\/?page_id=1794","title":{"rendered":"17 Pr\u016fhonice"},"content":{"rendered":"\t\t<div data-elementor-type=\"wp-page\" data-elementor-id=\"1794\" class=\"elementor elementor-1794\">\n\t\t\t\t<div class=\"elementor-element elementor-element-9802aac e-flex e-con-boxed e-con e-parent\" data-id=\"9802aac\" data-element_type=\"container\">\n\t\t\t\t\t<div class=\"e-con-inner\">\n\t\t\t\t<div class=\"elementor-element elementor-element-ea8679d elementor-widget elementor-widget-spacer\" data-id=\"ea8679d\" data-element_type=\"widget\" data-widget_type=\"spacer.default\">\n\t\t\t\t\t\t\t<div class=\"elementor-spacer\">\n\t\t\t<div class=\"elementor-spacer-inner\"><\/div>\n\t\t<\/div>\n\t\t\t\t\t\t<\/div>\n\t\t\t\t\t<\/div>\n\t\t\t\t<\/div>\n\t\t<div class=\"elementor-element elementor-element-1a98992 e-flex e-con-boxed e-con e-parent\" data-id=\"1a98992\" data-element_type=\"container\">\n\t\t\t\t\t<div class=\"e-con-inner\">\n\t\t\t\t<div class=\"elementor-element elementor-element-7890825 elementor-widget elementor-widget-text-editor\" data-id=\"7890825\" data-element_type=\"widget\" data-widget_type=\"text-editor.default\">\n\t\t\t\t\t\t\t\t\t<p style=\"text-align: left;\">Ing.arch Jan Aul\u00edk, Ing.arch. Mark\u00e9ta Aul\u00edkov\u00e1<\/p><p style=\"text-align: left;\">Vila Pr\u016fhonice<\/p>\t\t\t\t\t\t\t\t<\/div>\n\t\t\t\t\t<\/div>\n\t\t\t\t<\/div>\n\t\t<div class=\"elementor-element elementor-element-2c42b57 e-flex e-con-boxed e-con e-parent\" data-id=\"2c42b57\" data-element_type=\"container\">\n\t\t\t\t\t<div class=\"e-con-inner\">\n\t\t\t\t<div class=\"elementor-element elementor-element-70a9369 elementor-widget elementor-widget-image-gallery\" data-id=\"70a9369\" data-element_type=\"widget\" data-widget_type=\"image-gallery.default\">\n\t\t\t\t\t\t\t<div class=\"elementor-image-gallery\">\n\t\t\t\n\t\t<style type=\"text\/css\">\n\t\t\t#gallery-1 {\n\t\t\t\tmargin: auto;\n\t\t\t}\n\t\t\t#gallery-1 .gallery-item {\n\t\t\t\tfloat: left;\n\t\t\t\tmargin-top: 10px;\n\t\t\t\ttext-align: center;\n\t\t\t\twidth: 100%;\n\t\t\t}\n\t\t\t#gallery-1 img {\n\t\t\t\tborder: 2px solid #cfcfcf;\n\t\t\t}\n\t\t\t#gallery-1 .gallery-caption {\n\t\t\t\tmargin-left: 0;\n\t\t\t}\n\t\t\t\/* see gallery_shortcode() in wp-includes\/media.php *\/\n\t\t<\/style>\n\t\t<div id='gallery-1' class='gallery galleryid-1794 gallery-columns-1 gallery-size-medium_large'><dl class='gallery-item'>\n\t\t\t<dt class='gallery-icon landscape'>\n\t\t\t\t<a data-elementor-open-lightbox=\"yes\" data-elementor-lightbox-slideshow=\"70a9369\" data-elementor-lightbox-title=\"Villa_Pruhonice01\" data-e-action-hash=\"#elementor-action%3Aaction%3Dlightbox%26settings%3DeyJpZCI6MTc5OCwidXJsIjoiaHR0cHM6XC9cL3d3dy5hcmNocGhvdG8uY3pcL3dwLWNvbnRlbnRcL3VwbG9hZHNcLzIwMjZcLzA0XC9WaWxsYV9QcnVob25pY2UwMS5qcGciLCJzbGlkZXNob3ciOiI3MGE5MzY5In0%3D\" href='https:\/\/www.archphoto.cz\/wp-content\/uploads\/2026\/04\/Villa_Pruhonice01.jpg'><img fetchpriority=\"high\" decoding=\"async\" width=\"768\" height=\"513\" src=\"https:\/\/www.archphoto.cz\/wp-content\/uploads\/2026\/04\/Villa_Pruhonice01-768x513.jpg\" class=\"attachment-medium_large size-medium_large\" alt=\"\" srcset=\"https:\/\/www.archphoto.cz\/wp-content\/uploads\/2026\/04\/Villa_Pruhonice01-768x513.jpg 768w, https:\/\/www.archphoto.cz\/wp-content\/uploads\/2026\/04\/Villa_Pruhonice01-272x182.jpg 272w, https:\/\/www.archphoto.cz\/wp-content\/uploads\/2026\/04\/Villa_Pruhonice01.jpg 1200w\" sizes=\"(max-width: 768px) 100vw, 768px\" \/><\/a>\n\t\t\t<\/dt><\/dl><br style=\"clear: both\" \/><dl class='gallery-item'>\n\t\t\t<dt class='gallery-icon portrait'>\n\t\t\t\t<a data-elementor-open-lightbox=\"yes\" data-elementor-lightbox-slideshow=\"70a9369\" data-elementor-lightbox-title=\"Villa_Pruhonice02\" data-e-action-hash=\"#elementor-action%3Aaction%3Dlightbox%26settings%3DeyJpZCI6MTc5OSwidXJsIjoiaHR0cHM6XC9cL3d3dy5hcmNocGhvdG8uY3pcL3dwLWNvbnRlbnRcL3VwbG9hZHNcLzIwMjZcLzA0XC9WaWxsYV9QcnVob25pY2UwMi5qcGciLCJzbGlkZXNob3ciOiI3MGE5MzY5In0%3D\" href='https:\/\/www.archphoto.cz\/wp-content\/uploads\/2026\/04\/Villa_Pruhonice02.jpg'><img decoding=\"async\" width=\"768\" height=\"1116\" src=\"https:\/\/www.archphoto.cz\/wp-content\/uploads\/2026\/04\/Villa_Pruhonice02-768x1116.jpg\" class=\"attachment-medium_large size-medium_large\" alt=\"\" srcset=\"https:\/\/www.archphoto.cz\/wp-content\/uploads\/2026\/04\/Villa_Pruhonice02-768x1116.jpg 768w, https:\/\/www.archphoto.cz\/wp-content\/uploads\/2026\/04\/Villa_Pruhonice02.jpg 826w\" sizes=\"(max-width: 768px) 100vw, 768px\" \/><\/a>\n\t\t\t<\/dt><\/dl><br style=\"clear: both\" \/><dl class='gallery-item'>\n\t\t\t<dt class='gallery-icon portrait'>\n\t\t\t\t<a data-elementor-open-lightbox=\"yes\" data-elementor-lightbox-slideshow=\"70a9369\" data-elementor-lightbox-title=\"Villa_Pruhonice03\" data-e-action-hash=\"#elementor-action%3Aaction%3Dlightbox%26settings%3DeyJpZCI6MTgwMCwidXJsIjoiaHR0cHM6XC9cL3d3dy5hcmNocGhvdG8uY3pcL3dwLWNvbnRlbnRcL3VwbG9hZHNcLzIwMjZcLzA0XC9WaWxsYV9QcnVob25pY2UwMy5qcGciLCJzbGlkZXNob3ciOiI3MGE5MzY5In0%3D\" href='https:\/\/www.archphoto.cz\/wp-content\/uploads\/2026\/04\/Villa_Pruhonice03.jpg'><img decoding=\"async\" width=\"768\" height=\"1145\" src=\"https:\/\/www.archphoto.cz\/wp-content\/uploads\/2026\/04\/Villa_Pruhonice03-768x1145.jpg\" class=\"attachment-medium_large size-medium_large\" alt=\"\" srcset=\"https:\/\/www.archphoto.cz\/wp-content\/uploads\/2026\/04\/Villa_Pruhonice03-768x1145.jpg 768w, https:\/\/www.archphoto.cz\/wp-content\/uploads\/2026\/04\/Villa_Pruhonice03.jpg 805w\" sizes=\"(max-width: 768px) 100vw, 768px\" \/><\/a>\n\t\t\t<\/dt><\/dl><br style=\"clear: both\" \/><dl class='gallery-item'>\n\t\t\t<dt class='gallery-icon portrait'>\n\t\t\t\t<a data-elementor-open-lightbox=\"yes\" data-elementor-lightbox-slideshow=\"70a9369\" data-elementor-lightbox-title=\"Villa_Pruhonice04\" data-e-action-hash=\"#elementor-action%3Aaction%3Dlightbox%26settings%3DeyJpZCI6MTgwMSwidXJsIjoiaHR0cHM6XC9cL3d3dy5hcmNocGhvdG8uY3pcL3dwLWNvbnRlbnRcL3VwbG9hZHNcLzIwMjZcLzA0XC9WaWxsYV9QcnVob25pY2UwNC5qcGciLCJzbGlkZXNob3ciOiI3MGE5MzY5In0%3D\" href='https:\/\/www.archphoto.cz\/wp-content\/uploads\/2026\/04\/Villa_Pruhonice04.jpg'><img loading=\"lazy\" decoding=\"async\" width=\"768\" height=\"1082\" src=\"https:\/\/www.archphoto.cz\/wp-content\/uploads\/2026\/04\/Villa_Pruhonice04-768x1082.jpg\" class=\"attachment-medium_large size-medium_large\" alt=\"\" srcset=\"https:\/\/www.archphoto.cz\/wp-content\/uploads\/2026\/04\/Villa_Pruhonice04-768x1082.jpg 768w, https:\/\/www.archphoto.cz\/wp-content\/uploads\/2026\/04\/Villa_Pruhonice04.jpg 852w\" sizes=\"(max-width: 768px) 100vw, 768px\" \/><\/a>\n\t\t\t<\/dt><\/dl><br style=\"clear: both\" \/><dl class='gallery-item'>\n\t\t\t<dt class='gallery-icon landscape'>\n\t\t\t\t<a data-elementor-open-lightbox=\"yes\" data-elementor-lightbox-slideshow=\"70a9369\" data-elementor-lightbox-title=\"Villa_Pruhonice05\" data-e-action-hash=\"#elementor-action%3Aaction%3Dlightbox%26settings%3DeyJpZCI6MTgwMiwidXJsIjoiaHR0cHM6XC9cL3d3dy5hcmNocGhvdG8uY3pcL3dwLWNvbnRlbnRcL3VwbG9hZHNcLzIwMjZcLzA0XC9WaWxsYV9QcnVob25pY2UwNS5qcGciLCJzbGlkZXNob3ciOiI3MGE5MzY5In0%3D\" href='https:\/\/www.archphoto.cz\/wp-content\/uploads\/2026\/04\/Villa_Pruhonice05.jpg'><img loading=\"lazy\" decoding=\"async\" width=\"768\" height=\"435\" src=\"https:\/\/www.archphoto.cz\/wp-content\/uploads\/2026\/04\/Villa_Pruhonice05-768x435.jpg\" class=\"attachment-medium_large size-medium_large\" alt=\"\" srcset=\"https:\/\/www.archphoto.cz\/wp-content\/uploads\/2026\/04\/Villa_Pruhonice05-768x435.jpg 768w, https:\/\/www.archphoto.cz\/wp-content\/uploads\/2026\/04\/Villa_Pruhonice05.jpg 1200w\" sizes=\"(max-width: 768px) 100vw, 768px\" \/><\/a>\n\t\t\t<\/dt><\/dl><br style=\"clear: both\" \/><dl class='gallery-item'>\n\t\t\t<dt class='gallery-icon landscape'>\n\t\t\t\t<a data-elementor-open-lightbox=\"yes\" data-elementor-lightbox-slideshow=\"70a9369\" data-elementor-lightbox-title=\"Villa_Pruhonice06\" data-e-action-hash=\"#elementor-action%3Aaction%3Dlightbox%26settings%3DeyJpZCI6MTgwMywidXJsIjoiaHR0cHM6XC9cL3d3dy5hcmNocGhvdG8uY3pcL3dwLWNvbnRlbnRcL3VwbG9hZHNcLzIwMjZcLzA0XC9WaWxsYV9QcnVob25pY2UwNi5qcGciLCJzbGlkZXNob3ciOiI3MGE5MzY5In0%3D\" href='https:\/\/www.archphoto.cz\/wp-content\/uploads\/2026\/04\/Villa_Pruhonice06.jpg'><img loading=\"lazy\" decoding=\"async\" width=\"768\" height=\"548\" src=\"https:\/\/www.archphoto.cz\/wp-content\/uploads\/2026\/04\/Villa_Pruhonice06-768x548.jpg\" class=\"attachment-medium_large size-medium_large\" alt=\"\" srcset=\"https:\/\/www.archphoto.cz\/wp-content\/uploads\/2026\/04\/Villa_Pruhonice06-768x548.jpg 768w, https:\/\/www.archphoto.cz\/wp-content\/uploads\/2026\/04\/Villa_Pruhonice06.jpg 1200w\" sizes=\"(max-width: 768px) 100vw, 768px\" \/><\/a>\n\t\t\t<\/dt><\/dl><br style=\"clear: both\" \/><dl class='gallery-item'>\n\t\t\t<dt class='gallery-icon landscape'>\n\t\t\t\t<a data-elementor-open-lightbox=\"yes\" data-elementor-lightbox-slideshow=\"70a9369\" data-elementor-lightbox-title=\"Villa_Pruhonice07\" data-e-action-hash=\"#elementor-action%3Aaction%3Dlightbox%26settings%3DeyJpZCI6MTgwNCwidXJsIjoiaHR0cHM6XC9cL3d3dy5hcmNocGhvdG8uY3pcL3dwLWNvbnRlbnRcL3VwbG9hZHNcLzIwMjZcLzA0XC9WaWxsYV9QcnVob25pY2UwNy5qcGciLCJzbGlkZXNob3ciOiI3MGE5MzY5In0%3D\" href='https:\/\/www.archphoto.cz\/wp-content\/uploads\/2026\/04\/Villa_Pruhonice07.jpg'><img loading=\"lazy\" decoding=\"async\" width=\"768\" height=\"513\" src=\"https:\/\/www.archphoto.cz\/wp-content\/uploads\/2026\/04\/Villa_Pruhonice07-768x513.jpg\" class=\"attachment-medium_large size-medium_large\" alt=\"\" srcset=\"https:\/\/www.archphoto.cz\/wp-content\/uploads\/2026\/04\/Villa_Pruhonice07-768x513.jpg 768w, https:\/\/www.archphoto.cz\/wp-content\/uploads\/2026\/04\/Villa_Pruhonice07-272x182.jpg 272w, https:\/\/www.archphoto.cz\/wp-content\/uploads\/2026\/04\/Villa_Pruhonice07.jpg 1200w\" sizes=\"(max-width: 768px) 100vw, 768px\" \/><\/a>\n\t\t\t<\/dt><\/dl><br style=\"clear: both\" \/><dl class='gallery-item'>\n\t\t\t<dt class='gallery-icon portrait'>\n\t\t\t\t<a data-elementor-open-lightbox=\"yes\" data-elementor-lightbox-slideshow=\"70a9369\" data-elementor-lightbox-title=\"Villa_Pruhonice08\" data-e-action-hash=\"#elementor-action%3Aaction%3Dlightbox%26settings%3DeyJpZCI6MTgwNSwidXJsIjoiaHR0cHM6XC9cL3d3dy5hcmNocGhvdG8uY3pcL3dwLWNvbnRlbnRcL3VwbG9hZHNcLzIwMjZcLzA0XC9WaWxsYV9QcnVob25pY2UwOC5qcGciLCJzbGlkZXNob3ciOiI3MGE5MzY5In0%3D\" href='https:\/\/www.archphoto.cz\/wp-content\/uploads\/2026\/04\/Villa_Pruhonice08.jpg'><img loading=\"lazy\" decoding=\"async\" width=\"768\" height=\"1173\" src=\"https:\/\/www.archphoto.cz\/wp-content\/uploads\/2026\/04\/Villa_Pruhonice08-768x1173.jpg\" class=\"attachment-medium_large size-medium_large\" alt=\"\" srcset=\"https:\/\/www.archphoto.cz\/wp-content\/uploads\/2026\/04\/Villa_Pruhonice08-768x1173.jpg 768w, https:\/\/www.archphoto.cz\/wp-content\/uploads\/2026\/04\/Villa_Pruhonice08.jpg 786w\" sizes=\"(max-width: 768px) 100vw, 768px\" \/><\/a>\n\t\t\t<\/dt><\/dl><br style=\"clear: both\" \/><dl class='gallery-item'>\n\t\t\t<dt class='gallery-icon landscape'>\n\t\t\t\t<a data-elementor-open-lightbox=\"yes\" data-elementor-lightbox-slideshow=\"70a9369\" data-elementor-lightbox-title=\"Villa_Pruhonice09\" data-e-action-hash=\"#elementor-action%3Aaction%3Dlightbox%26settings%3DeyJpZCI6MTgwNiwidXJsIjoiaHR0cHM6XC9cL3d3dy5hcmNocGhvdG8uY3pcL3dwLWNvbnRlbnRcL3VwbG9hZHNcLzIwMjZcLzA0XC9WaWxsYV9QcnVob25pY2UwOS5qcGciLCJzbGlkZXNob3ciOiI3MGE5MzY5In0%3D\" href='https:\/\/www.archphoto.cz\/wp-content\/uploads\/2026\/04\/Villa_Pruhonice09.jpg'><img loading=\"lazy\" decoding=\"async\" width=\"768\" height=\"509\" src=\"https:\/\/www.archphoto.cz\/wp-content\/uploads\/2026\/04\/Villa_Pruhonice09-768x509.jpg\" class=\"attachment-medium_large size-medium_large\" alt=\"\" srcset=\"https:\/\/www.archphoto.cz\/wp-content\/uploads\/2026\/04\/Villa_Pruhonice09-768x509.jpg 768w, https:\/\/www.archphoto.cz\/wp-content\/uploads\/2026\/04\/Villa_Pruhonice09.jpg 1200w\" sizes=\"(max-width: 768px) 100vw, 768px\" \/><\/a>\n\t\t\t<\/dt><\/dl><br style=\"clear: both\" \/><dl class='gallery-item'>\n\t\t\t<dt class='gallery-icon landscape'>\n\t\t\t\t<a data-elementor-open-lightbox=\"yes\" data-elementor-lightbox-slideshow=\"70a9369\" data-elementor-lightbox-title=\"Villa_Pruhonice10\" data-e-action-hash=\"#elementor-action%3Aaction%3Dlightbox%26settings%3DeyJpZCI6MTgwNywidXJsIjoiaHR0cHM6XC9cL3d3dy5hcmNocGhvdG8uY3pcL3dwLWNvbnRlbnRcL3VwbG9hZHNcLzIwMjZcLzA0XC9WaWxsYV9QcnVob25pY2UxMC5qcGciLCJzbGlkZXNob3ciOiI3MGE5MzY5In0%3D\" href='https:\/\/www.archphoto.cz\/wp-content\/uploads\/2026\/04\/Villa_Pruhonice10.jpg'><img loading=\"lazy\" decoding=\"async\" width=\"768\" height=\"513\" src=\"https:\/\/www.archphoto.cz\/wp-content\/uploads\/2026\/04\/Villa_Pruhonice10-768x513.jpg\" class=\"attachment-medium_large size-medium_large\" alt=\"\" srcset=\"https:\/\/www.archphoto.cz\/wp-content\/uploads\/2026\/04\/Villa_Pruhonice10-768x513.jpg 768w, https:\/\/www.archphoto.cz\/wp-content\/uploads\/2026\/04\/Villa_Pruhonice10-272x182.jpg 272w, https:\/\/www.archphoto.cz\/wp-content\/uploads\/2026\/04\/Villa_Pruhonice10.jpg 1200w\" sizes=\"(max-width: 768px) 100vw, 768px\" \/><\/a>\n\t\t\t<\/dt><\/dl><br style=\"clear: both\" \/><dl class='gallery-item'>\n\t\t\t<dt class='gallery-icon landscape'>\n\t\t\t\t<a data-elementor-open-lightbox=\"yes\" data-elementor-lightbox-slideshow=\"70a9369\" data-elementor-lightbox-title=\"Villa_Pruhonice11\" data-e-action-hash=\"#elementor-action%3Aaction%3Dlightbox%26settings%3DeyJpZCI6MTgwOCwidXJsIjoiaHR0cHM6XC9cL3d3dy5hcmNocGhvdG8uY3pcL3dwLWNvbnRlbnRcL3VwbG9hZHNcLzIwMjZcLzA0XC9WaWxsYV9QcnVob25pY2UxMS5qcGciLCJzbGlkZXNob3ciOiI3MGE5MzY5In0%3D\" href='https:\/\/www.archphoto.cz\/wp-content\/uploads\/2026\/04\/Villa_Pruhonice11.jpg'><img loading=\"lazy\" decoding=\"async\" width=\"768\" height=\"507\" src=\"https:\/\/www.archphoto.cz\/wp-content\/uploads\/2026\/04\/Villa_Pruhonice11-768x507.jpg\" class=\"attachment-medium_large size-medium_large\" alt=\"\" srcset=\"https:\/\/www.archphoto.cz\/wp-content\/uploads\/2026\/04\/Villa_Pruhonice11-768x507.jpg 768w, https:\/\/www.archphoto.cz\/wp-content\/uploads\/2026\/04\/Villa_Pruhonice11.jpg 1200w\" sizes=\"(max-width: 768px) 100vw, 768px\" \/><\/a>\n\t\t\t<\/dt><\/dl><br style=\"clear: both\" \/><dl class='gallery-item'>\n\t\t\t<dt class='gallery-icon portrait'>\n\t\t\t\t<a data-elementor-open-lightbox=\"yes\" data-elementor-lightbox-slideshow=\"70a9369\" data-elementor-lightbox-title=\"Villa_Pruhonice12\" data-e-action-hash=\"#elementor-action%3Aaction%3Dlightbox%26settings%3DeyJpZCI6MTgwOSwidXJsIjoiaHR0cHM6XC9cL3d3dy5hcmNocGhvdG8uY3pcL3dwLWNvbnRlbnRcL3VwbG9hZHNcLzIwMjZcLzA0XC9WaWxsYV9QcnVob25pY2UxMi5qcGciLCJzbGlkZXNob3ciOiI3MGE5MzY5In0%3D\" href='https:\/\/www.archphoto.cz\/wp-content\/uploads\/2026\/04\/Villa_Pruhonice12.jpg'><img loading=\"lazy\" decoding=\"async\" width=\"768\" height=\"1114\" src=\"https:\/\/www.archphoto.cz\/wp-content\/uploads\/2026\/04\/Villa_Pruhonice12-768x1114.jpg\" class=\"attachment-medium_large size-medium_large\" alt=\"\" srcset=\"https:\/\/www.archphoto.cz\/wp-content\/uploads\/2026\/04\/Villa_Pruhonice12-768x1114.jpg 768w, https:\/\/www.archphoto.cz\/wp-content\/uploads\/2026\/04\/Villa_Pruhonice12.jpg 827w\" sizes=\"(max-width: 768px) 100vw, 768px\" \/><\/a>\n\t\t\t<\/dt><\/dl><br style=\"clear: both\" \/><dl class='gallery-item'>\n\t\t\t<dt class='gallery-icon landscape'>\n\t\t\t\t<a data-elementor-open-lightbox=\"yes\" data-elementor-lightbox-slideshow=\"70a9369\" data-elementor-lightbox-title=\"Villa_Pruhonice13\" data-e-action-hash=\"#elementor-action%3Aaction%3Dlightbox%26settings%3DeyJpZCI6MTgxMCwidXJsIjoiaHR0cHM6XC9cL3d3dy5hcmNocGhvdG8uY3pcL3dwLWNvbnRlbnRcL3VwbG9hZHNcLzIwMjZcLzA0XC9WaWxsYV9QcnVob25pY2UxMy5qcGciLCJzbGlkZXNob3ciOiI3MGE5MzY5In0%3D\" href='https:\/\/www.archphoto.cz\/wp-content\/uploads\/2026\/04\/Villa_Pruhonice13.jpg'><img loading=\"lazy\" decoding=\"async\" width=\"768\" height=\"513\" src=\"https:\/\/www.archphoto.cz\/wp-content\/uploads\/2026\/04\/Villa_Pruhonice13-768x513.jpg\" class=\"attachment-medium_large size-medium_large\" alt=\"\" srcset=\"https:\/\/www.archphoto.cz\/wp-content\/uploads\/2026\/04\/Villa_Pruhonice13-768x513.jpg 768w, https:\/\/www.archphoto.cz\/wp-content\/uploads\/2026\/04\/Villa_Pruhonice13-272x182.jpg 272w, https:\/\/www.archphoto.cz\/wp-content\/uploads\/2026\/04\/Villa_Pruhonice13.jpg 1200w\" sizes=\"(max-width: 768px) 100vw, 768px\" \/><\/a>\n\t\t\t<\/dt><\/dl><br style=\"clear: both\" \/><dl class='gallery-item'>\n\t\t\t<dt class='gallery-icon portrait'>\n\t\t\t\t<a data-elementor-open-lightbox=\"yes\" data-elementor-lightbox-slideshow=\"70a9369\" data-elementor-lightbox-title=\"Villa_Pruhonice14\" data-e-action-hash=\"#elementor-action%3Aaction%3Dlightbox%26settings%3DeyJpZCI6MTgxMSwidXJsIjoiaHR0cHM6XC9cL3d3dy5hcmNocGhvdG8uY3pcL3dwLWNvbnRlbnRcL3VwbG9hZHNcLzIwMjZcLzA0XC9WaWxsYV9QcnVob25pY2UxNC5qcGciLCJzbGlkZXNob3ciOiI3MGE5MzY5In0%3D\" href='https:\/\/www.archphoto.cz\/wp-content\/uploads\/2026\/04\/Villa_Pruhonice14.jpg'><img loading=\"lazy\" decoding=\"async\" width=\"768\" height=\"1151\" src=\"https:\/\/www.archphoto.cz\/wp-content\/uploads\/2026\/04\/Villa_Pruhonice14-768x1151.jpg\" class=\"attachment-medium_large size-medium_large\" alt=\"\" srcset=\"https:\/\/www.archphoto.cz\/wp-content\/uploads\/2026\/04\/Villa_Pruhonice14-768x1151.jpg 768w, https:\/\/www.archphoto.cz\/wp-content\/uploads\/2026\/04\/Villa_Pruhonice14.jpg 801w\" sizes=\"(max-width: 768px) 100vw, 768px\" \/><\/a>\n\t\t\t<\/dt><\/dl><br style=\"clear: both\" \/><dl class='gallery-item'>\n\t\t\t<dt class='gallery-icon portrait'>\n\t\t\t\t<a data-elementor-open-lightbox=\"yes\" data-elementor-lightbox-slideshow=\"70a9369\" data-elementor-lightbox-title=\"Villa_Pruhonice15\" data-e-action-hash=\"#elementor-action%3Aaction%3Dlightbox%26settings%3DeyJpZCI6MTgxMiwidXJsIjoiaHR0cHM6XC9cL3d3dy5hcmNocGhvdG8uY3pcL3dwLWNvbnRlbnRcL3VwbG9hZHNcLzIwMjZcLzA0XC9WaWxsYV9QcnVob25pY2UxNS5qcGciLCJzbGlkZXNob3ciOiI3MGE5MzY5In0%3D\" href='https:\/\/www.archphoto.cz\/wp-content\/uploads\/2026\/04\/Villa_Pruhonice15.jpg'><img loading=\"lazy\" decoding=\"async\" width=\"768\" height=\"1151\" src=\"https:\/\/www.archphoto.cz\/wp-content\/uploads\/2026\/04\/Villa_Pruhonice15-768x1151.jpg\" class=\"attachment-medium_large size-medium_large\" alt=\"\" srcset=\"https:\/\/www.archphoto.cz\/wp-content\/uploads\/2026\/04\/Villa_Pruhonice15-768x1151.jpg 768w, https:\/\/www.archphoto.cz\/wp-content\/uploads\/2026\/04\/Villa_Pruhonice15.jpg 801w\" sizes=\"(max-width: 768px) 100vw, 768px\" \/><\/a>\n\t\t\t<\/dt><\/dl><br style=\"clear: both\" \/><dl class='gallery-item'>\n\t\t\t<dt class='gallery-icon landscape'>\n\t\t\t\t<a data-elementor-open-lightbox=\"yes\" data-elementor-lightbox-slideshow=\"70a9369\" data-elementor-lightbox-title=\"Villa_Pruhonice16\" data-e-action-hash=\"#elementor-action%3Aaction%3Dlightbox%26settings%3DeyJpZCI6MTgxMywidXJsIjoiaHR0cHM6XC9cL3d3dy5hcmNocGhvdG8uY3pcL3dwLWNvbnRlbnRcL3VwbG9hZHNcLzIwMjZcLzA0XC9WaWxsYV9QcnVob25pY2UxNi5qcGciLCJzbGlkZXNob3ciOiI3MGE5MzY5In0%3D\" href='https:\/\/www.archphoto.cz\/wp-content\/uploads\/2026\/04\/Villa_Pruhonice16.jpg'><img loading=\"lazy\" decoding=\"async\" width=\"768\" height=\"513\" src=\"https:\/\/www.archphoto.cz\/wp-content\/uploads\/2026\/04\/Villa_Pruhonice16-768x513.jpg\" class=\"attachment-medium_large size-medium_large\" alt=\"\" srcset=\"https:\/\/www.archphoto.cz\/wp-content\/uploads\/2026\/04\/Villa_Pruhonice16-768x513.jpg 768w, https:\/\/www.archphoto.cz\/wp-content\/uploads\/2026\/04\/Villa_Pruhonice16-272x182.jpg 272w, https:\/\/www.archphoto.cz\/wp-content\/uploads\/2026\/04\/Villa_Pruhonice16.jpg 1200w\" sizes=\"(max-width: 768px) 100vw, 768px\" \/><\/a>\n\t\t\t<\/dt><\/dl><br style=\"clear: both\" \/>\n\t\t<\/div>\n\t\t<\/div>\n\t\t\t\t\t\t<\/div>\n\t\t\t\t\t<\/div>\n\t\t\t\t<\/div>\n\t\t\t\t<\/div>\n\t\t","protected":false},"excerpt":{"rendered":"<p>Ing.arch Jan Aul\u00edk, Ing.arch. Mark\u00e9ta Aul\u00edkov\u00e1 Vila Pr\u016fhonice<\/p>\n","protected":false},"author":1,"featured_media":0,"parent":0,"menu_order":0,"comment_status":"closed","ping_status":"closed","template":"","meta":{"footnotes":""},"class_list":["post-1794","page","type-page","status-publish","hentry"],"_links":{"self":[{"href":"https:\/\/www.archphoto.cz\/index.php?rest_route=\/wp\/v2\/pages\/1794","targetHints":{"allow":["GET"]}}],"collection":[{"href":"https:\/\/www.archphoto.cz\/index.php?rest_route=\/wp\/v2\/pages"}],"about":[{"href":"https:\/\/www.archphoto.cz\/index.php?rest_route=\/wp\/v2\/types\/page"}],"author":[{"embeddable":true,"href":"https:\/\/www.archphoto.cz\/index.php?rest_route=\/wp\/v2\/users\/1"}],"replies":[{"embeddable":true,"href":"https:\/\/www.archphoto.cz\/index.php?rest_route=%2Fwp%2Fv2%2Fcomments&post=1794"}],"version-history":[{"count":9,"href":"https:\/\/www.archphoto.cz\/index.php?rest_route=\/wp\/v2\/pages\/1794\/revisions"}],"predecessor-version":[{"id":2068,"href":"https:\/\/www.archphoto.cz\/index.php?rest_route=\/wp\/v2\/pages\/1794\/revisions\/2068"}],"wp:attachment":[{"href":"https:\/\/www.archphoto.cz\/index.php?rest_route=%2Fwp%2Fv2%2Fmedia&parent=1794"}],"curies":[{"name":"wp","href":"https:\/\/api.w.org\/{rel}","templated":true}]}}