{"id":1767,"date":"2026-04-12T16:40:31","date_gmt":"2026-04-12T14:40:31","guid":{"rendered":"https:\/\/www.archphoto.cz\/?page_id=1767"},"modified":"2026-04-15T14:38:04","modified_gmt":"2026-04-15T12:38:04","slug":"16-red-pif","status":"publish","type":"page","link":"https:\/\/www.archphoto.cz\/?page_id=1767","title":{"rendered":"16 Red Pif"},"content":{"rendered":"\t\t<div data-elementor-type=\"wp-page\" data-elementor-id=\"1767\" class=\"elementor elementor-1767\">\n\t\t\t\t<div class=\"elementor-element elementor-element-df017b0 e-flex e-con-boxed e-con e-parent\" data-id=\"df017b0\" data-element_type=\"container\">\n\t\t\t\t\t<div class=\"e-con-inner\">\n\t\t\t\t\t<\/div>\n\t\t\t\t<\/div>\n\t\t<div class=\"elementor-element elementor-element-8e08171 e-flex e-con-boxed e-con e-parent\" data-id=\"8e08171\" data-element_type=\"container\">\n\t\t\t\t\t<div class=\"e-con-inner\">\n\t\t\t\t<div class=\"elementor-element elementor-element-c7fb24a elementor-widget elementor-widget-text-editor\" data-id=\"c7fb24a\" data-element_type=\"widget\" data-widget_type=\"text-editor.default\">\n\t\t\t\t\t\t\t\t\t<p style=\"text-align: left;\">Ing.arch. Jakub Fi\u0161er, Ing.arch. Petra Skalick\u00e1<\/p><p style=\"text-align: left;\">Vinot\u00e9ka Red Pif<\/p>\t\t\t\t\t\t\t\t<\/div>\n\t\t\t\t\t<\/div>\n\t\t\t\t<\/div>\n\t\t<div class=\"elementor-element elementor-element-8906b01 e-flex e-con-boxed e-con e-parent\" data-id=\"8906b01\" data-element_type=\"container\">\n\t\t\t\t\t<div class=\"e-con-inner\">\n\t\t\t\t<div class=\"elementor-element elementor-element-f3d4e9d elementor-widget elementor-widget-image-gallery\" data-id=\"f3d4e9d\" data-element_type=\"widget\" data-widget_type=\"image-gallery.default\">\n\t\t\t\t\t\t\t<div class=\"elementor-image-gallery\">\n\t\t\t\n\t\t<style type=\"text\/css\">\n\t\t\t#gallery-1 {\n\t\t\t\tmargin: auto;\n\t\t\t}\n\t\t\t#gallery-1 .gallery-item {\n\t\t\t\tfloat: left;\n\t\t\t\tmargin-top: 10px;\n\t\t\t\ttext-align: center;\n\t\t\t\twidth: 100%;\n\t\t\t}\n\t\t\t#gallery-1 img {\n\t\t\t\tborder: 2px solid #cfcfcf;\n\t\t\t}\n\t\t\t#gallery-1 .gallery-caption {\n\t\t\t\tmargin-left: 0;\n\t\t\t}\n\t\t\t\/* see gallery_shortcode() in wp-includes\/media.php *\/\n\t\t<\/style>\n\t\t<div id='gallery-1' class='gallery galleryid-1767 gallery-columns-1 gallery-size-medium_large'><dl class='gallery-item'>\n\t\t\t<dt class='gallery-icon landscape'>\n\t\t\t\t<a data-elementor-open-lightbox=\"yes\" data-elementor-lightbox-slideshow=\"f3d4e9d\" data-elementor-lightbox-title=\"Red_Pif01\" data-e-action-hash=\"#elementor-action%3Aaction%3Dlightbox%26settings%3DeyJpZCI6MTc3MSwidXJsIjoiaHR0cHM6XC9cL3d3dy5hcmNocGhvdG8uY3pcL3dwLWNvbnRlbnRcL3VwbG9hZHNcLzIwMjZcLzA0XC9SZWRfUGlmMDEuanBnIiwic2xpZGVzaG93IjoiZjNkNGU5ZCJ9\" href='https:\/\/www.archphoto.cz\/wp-content\/uploads\/2026\/04\/Red_Pif01.jpg'><img fetchpriority=\"high\" decoding=\"async\" width=\"768\" height=\"511\" src=\"https:\/\/www.archphoto.cz\/wp-content\/uploads\/2026\/04\/Red_Pif01-768x511.jpg\" class=\"attachment-medium_large size-medium_large\" alt=\"\" srcset=\"https:\/\/www.archphoto.cz\/wp-content\/uploads\/2026\/04\/Red_Pif01-768x511.jpg 768w, https:\/\/www.archphoto.cz\/wp-content\/uploads\/2026\/04\/Red_Pif01-272x182.jpg 272w, https:\/\/www.archphoto.cz\/wp-content\/uploads\/2026\/04\/Red_Pif01.jpg 1200w\" sizes=\"(max-width: 768px) 100vw, 768px\" \/><\/a>\n\t\t\t<\/dt><\/dl><br style=\"clear: both\" \/><dl class='gallery-item'>\n\t\t\t<dt class='gallery-icon portrait'>\n\t\t\t\t<a data-elementor-open-lightbox=\"yes\" data-elementor-lightbox-slideshow=\"f3d4e9d\" data-elementor-lightbox-title=\"Red_Pif13\" data-e-action-hash=\"#elementor-action%3Aaction%3Dlightbox%26settings%3DeyJpZCI6MTc4MywidXJsIjoiaHR0cHM6XC9cL3d3dy5hcmNocGhvdG8uY3pcL3dwLWNvbnRlbnRcL3VwbG9hZHNcLzIwMjZcLzA0XC9SZWRfUGlmMTMuanBnIiwic2xpZGVzaG93IjoiZjNkNGU5ZCJ9\" href='https:\/\/www.archphoto.cz\/wp-content\/uploads\/2026\/04\/Red_Pif13.jpg'><img decoding=\"async\" width=\"768\" height=\"1155\" src=\"https:\/\/www.archphoto.cz\/wp-content\/uploads\/2026\/04\/Red_Pif13-768x1155.jpg\" class=\"attachment-medium_large size-medium_large\" alt=\"\" srcset=\"https:\/\/www.archphoto.cz\/wp-content\/uploads\/2026\/04\/Red_Pif13-768x1155.jpg 768w, https:\/\/www.archphoto.cz\/wp-content\/uploads\/2026\/04\/Red_Pif13.jpg 798w\" sizes=\"(max-width: 768px) 100vw, 768px\" \/><\/a>\n\t\t\t<\/dt><\/dl><br style=\"clear: both\" \/><dl class='gallery-item'>\n\t\t\t<dt class='gallery-icon portrait'>\n\t\t\t\t<a data-elementor-open-lightbox=\"yes\" data-elementor-lightbox-slideshow=\"f3d4e9d\" data-elementor-lightbox-title=\"Red_Pif14\" data-e-action-hash=\"#elementor-action%3Aaction%3Dlightbox%26settings%3DeyJpZCI6MTc4NCwidXJsIjoiaHR0cHM6XC9cL3d3dy5hcmNocGhvdG8uY3pcL3dwLWNvbnRlbnRcL3VwbG9hZHNcLzIwMjZcLzA0XC9SZWRfUGlmMTQuanBnIiwic2xpZGVzaG93IjoiZjNkNGU5ZCJ9\" href='https:\/\/www.archphoto.cz\/wp-content\/uploads\/2026\/04\/Red_Pif14.jpg'><img decoding=\"async\" width=\"768\" height=\"1159\" src=\"https:\/\/www.archphoto.cz\/wp-content\/uploads\/2026\/04\/Red_Pif14-768x1159.jpg\" class=\"attachment-medium_large size-medium_large\" alt=\"\" srcset=\"https:\/\/www.archphoto.cz\/wp-content\/uploads\/2026\/04\/Red_Pif14-768x1159.jpg 768w, https:\/\/www.archphoto.cz\/wp-content\/uploads\/2026\/04\/Red_Pif14.jpg 795w\" sizes=\"(max-width: 768px) 100vw, 768px\" \/><\/a>\n\t\t\t<\/dt><\/dl><br style=\"clear: both\" \/><dl class='gallery-item'>\n\t\t\t<dt class='gallery-icon portrait'>\n\t\t\t\t<a data-elementor-open-lightbox=\"yes\" data-elementor-lightbox-slideshow=\"f3d4e9d\" data-elementor-lightbox-title=\"Red_Pif12\" data-e-action-hash=\"#elementor-action%3Aaction%3Dlightbox%26settings%3DeyJpZCI6MTc4MiwidXJsIjoiaHR0cHM6XC9cL3d3dy5hcmNocGhvdG8uY3pcL3dwLWNvbnRlbnRcL3VwbG9hZHNcLzIwMjZcLzA0XC9SZWRfUGlmMTIuanBnIiwic2xpZGVzaG93IjoiZjNkNGU5ZCJ9\" href='https:\/\/www.archphoto.cz\/wp-content\/uploads\/2026\/04\/Red_Pif12.jpg'><img loading=\"lazy\" decoding=\"async\" width=\"768\" height=\"1155\" src=\"https:\/\/www.archphoto.cz\/wp-content\/uploads\/2026\/04\/Red_Pif12-768x1155.jpg\" class=\"attachment-medium_large size-medium_large\" alt=\"\" srcset=\"https:\/\/www.archphoto.cz\/wp-content\/uploads\/2026\/04\/Red_Pif12-768x1155.jpg 768w, https:\/\/www.archphoto.cz\/wp-content\/uploads\/2026\/04\/Red_Pif12.jpg 798w\" sizes=\"(max-width: 768px) 100vw, 768px\" \/><\/a>\n\t\t\t<\/dt><\/dl><br style=\"clear: both\" \/><dl class='gallery-item'>\n\t\t\t<dt class='gallery-icon portrait'>\n\t\t\t\t<a data-elementor-open-lightbox=\"yes\" data-elementor-lightbox-slideshow=\"f3d4e9d\" data-elementor-lightbox-title=\"Red_Pif11\" data-e-action-hash=\"#elementor-action%3Aaction%3Dlightbox%26settings%3DeyJpZCI6MTc4MSwidXJsIjoiaHR0cHM6XC9cL3d3dy5hcmNocGhvdG8uY3pcL3dwLWNvbnRlbnRcL3VwbG9hZHNcLzIwMjZcLzA0XC9SZWRfUGlmMTEuanBnIiwic2xpZGVzaG93IjoiZjNkNGU5ZCJ9\" href='https:\/\/www.archphoto.cz\/wp-content\/uploads\/2026\/04\/Red_Pif11.jpg'><img loading=\"lazy\" decoding=\"async\" width=\"691\" height=\"1200\" src=\"https:\/\/www.archphoto.cz\/wp-content\/uploads\/2026\/04\/Red_Pif11.jpg\" class=\"attachment-medium_large size-medium_large\" alt=\"\" \/><\/a>\n\t\t\t<\/dt><\/dl><br style=\"clear: both\" \/><dl class='gallery-item'>\n\t\t\t<dt class='gallery-icon portrait'>\n\t\t\t\t<a data-elementor-open-lightbox=\"yes\" data-elementor-lightbox-slideshow=\"f3d4e9d\" data-elementor-lightbox-title=\"Red_Pif10\" data-e-action-hash=\"#elementor-action%3Aaction%3Dlightbox%26settings%3DeyJpZCI6MTc4MCwidXJsIjoiaHR0cHM6XC9cL3d3dy5hcmNocGhvdG8uY3pcL3dwLWNvbnRlbnRcL3VwbG9hZHNcLzIwMjZcLzA0XC9SZWRfUGlmMTAuanBnIiwic2xpZGVzaG93IjoiZjNkNGU5ZCJ9\" href='https:\/\/www.archphoto.cz\/wp-content\/uploads\/2026\/04\/Red_Pif10.jpg'><img loading=\"lazy\" decoding=\"async\" width=\"768\" height=\"1155\" src=\"https:\/\/www.archphoto.cz\/wp-content\/uploads\/2026\/04\/Red_Pif10-768x1155.jpg\" class=\"attachment-medium_large size-medium_large\" alt=\"\" srcset=\"https:\/\/www.archphoto.cz\/wp-content\/uploads\/2026\/04\/Red_Pif10-768x1155.jpg 768w, https:\/\/www.archphoto.cz\/wp-content\/uploads\/2026\/04\/Red_Pif10.jpg 798w\" sizes=\"(max-width: 768px) 100vw, 768px\" \/><\/a>\n\t\t\t<\/dt><\/dl><br style=\"clear: both\" \/><dl class='gallery-item'>\n\t\t\t<dt class='gallery-icon portrait'>\n\t\t\t\t<a data-elementor-open-lightbox=\"yes\" data-elementor-lightbox-slideshow=\"f3d4e9d\" data-elementor-lightbox-title=\"Red_Pif09\" data-e-action-hash=\"#elementor-action%3Aaction%3Dlightbox%26settings%3DeyJpZCI6MTc3OSwidXJsIjoiaHR0cHM6XC9cL3d3dy5hcmNocGhvdG8uY3pcL3dwLWNvbnRlbnRcL3VwbG9hZHNcLzIwMjZcLzA0XC9SZWRfUGlmMDkuanBnIiwic2xpZGVzaG93IjoiZjNkNGU5ZCJ9\" href='https:\/\/www.archphoto.cz\/wp-content\/uploads\/2026\/04\/Red_Pif09.jpg'><img loading=\"lazy\" decoding=\"async\" width=\"756\" height=\"1200\" src=\"https:\/\/www.archphoto.cz\/wp-content\/uploads\/2026\/04\/Red_Pif09.jpg\" class=\"attachment-medium_large size-medium_large\" alt=\"\" \/><\/a>\n\t\t\t<\/dt><\/dl><br style=\"clear: both\" \/><dl class='gallery-item'>\n\t\t\t<dt class='gallery-icon landscape'>\n\t\t\t\t<a data-elementor-open-lightbox=\"yes\" data-elementor-lightbox-slideshow=\"f3d4e9d\" data-elementor-lightbox-title=\"Red_Pif08\" data-e-action-hash=\"#elementor-action%3Aaction%3Dlightbox%26settings%3DeyJpZCI6MTc3OCwidXJsIjoiaHR0cHM6XC9cL3d3dy5hcmNocGhvdG8uY3pcL3dwLWNvbnRlbnRcL3VwbG9hZHNcLzIwMjZcLzA0XC9SZWRfUGlmMDguanBnIiwic2xpZGVzaG93IjoiZjNkNGU5ZCJ9\" href='https:\/\/www.archphoto.cz\/wp-content\/uploads\/2026\/04\/Red_Pif08.jpg'><img loading=\"lazy\" decoding=\"async\" width=\"768\" height=\"393\" src=\"https:\/\/www.archphoto.cz\/wp-content\/uploads\/2026\/04\/Red_Pif08-768x393.jpg\" class=\"attachment-medium_large size-medium_large\" alt=\"\" srcset=\"https:\/\/www.archphoto.cz\/wp-content\/uploads\/2026\/04\/Red_Pif08-768x393.jpg 768w, https:\/\/www.archphoto.cz\/wp-content\/uploads\/2026\/04\/Red_Pif08.jpg 1200w\" sizes=\"(max-width: 768px) 100vw, 768px\" \/><\/a>\n\t\t\t<\/dt><\/dl><br style=\"clear: both\" \/><dl class='gallery-item'>\n\t\t\t<dt class='gallery-icon landscape'>\n\t\t\t\t<a data-elementor-open-lightbox=\"yes\" data-elementor-lightbox-slideshow=\"f3d4e9d\" data-elementor-lightbox-title=\"Red_Pif07\" data-e-action-hash=\"#elementor-action%3Aaction%3Dlightbox%26settings%3DeyJpZCI6MTc3NywidXJsIjoiaHR0cHM6XC9cL3d3dy5hcmNocGhvdG8uY3pcL3dwLWNvbnRlbnRcL3VwbG9hZHNcLzIwMjZcLzA0XC9SZWRfUGlmMDcuanBnIiwic2xpZGVzaG93IjoiZjNkNGU5ZCJ9\" href='https:\/\/www.archphoto.cz\/wp-content\/uploads\/2026\/04\/Red_Pif07.jpg'><img loading=\"lazy\" decoding=\"async\" width=\"768\" height=\"536\" src=\"https:\/\/www.archphoto.cz\/wp-content\/uploads\/2026\/04\/Red_Pif07-768x536.jpg\" class=\"attachment-medium_large size-medium_large\" alt=\"\" srcset=\"https:\/\/www.archphoto.cz\/wp-content\/uploads\/2026\/04\/Red_Pif07-768x536.jpg 768w, https:\/\/www.archphoto.cz\/wp-content\/uploads\/2026\/04\/Red_Pif07.jpg 1200w\" sizes=\"(max-width: 768px) 100vw, 768px\" \/><\/a>\n\t\t\t<\/dt><\/dl><br style=\"clear: both\" \/><dl class='gallery-item'>\n\t\t\t<dt class='gallery-icon portrait'>\n\t\t\t\t<a data-elementor-open-lightbox=\"yes\" data-elementor-lightbox-slideshow=\"f3d4e9d\" data-elementor-lightbox-title=\"Red_Pif06\" data-e-action-hash=\"#elementor-action%3Aaction%3Dlightbox%26settings%3DeyJpZCI6MTc3NiwidXJsIjoiaHR0cHM6XC9cL3d3dy5hcmNocGhvdG8uY3pcL3dwLWNvbnRlbnRcL3VwbG9hZHNcLzIwMjZcLzA0XC9SZWRfUGlmMDYuanBnIiwic2xpZGVzaG93IjoiZjNkNGU5ZCJ9\" href='https:\/\/www.archphoto.cz\/wp-content\/uploads\/2026\/04\/Red_Pif06.jpg'><img loading=\"lazy\" decoding=\"async\" width=\"768\" height=\"1155\" src=\"https:\/\/www.archphoto.cz\/wp-content\/uploads\/2026\/04\/Red_Pif06-768x1155.jpg\" class=\"attachment-medium_large size-medium_large\" alt=\"\" srcset=\"https:\/\/www.archphoto.cz\/wp-content\/uploads\/2026\/04\/Red_Pif06-768x1155.jpg 768w, https:\/\/www.archphoto.cz\/wp-content\/uploads\/2026\/04\/Red_Pif06.jpg 798w\" sizes=\"(max-width: 768px) 100vw, 768px\" \/><\/a>\n\t\t\t<\/dt><\/dl><br style=\"clear: both\" \/><dl class='gallery-item'>\n\t\t\t<dt class='gallery-icon landscape'>\n\t\t\t\t<a data-elementor-open-lightbox=\"yes\" data-elementor-lightbox-slideshow=\"f3d4e9d\" data-elementor-lightbox-title=\"Red_Pif05\" data-e-action-hash=\"#elementor-action%3Aaction%3Dlightbox%26settings%3DeyJpZCI6MTc3NSwidXJsIjoiaHR0cHM6XC9cL3d3dy5hcmNocGhvdG8uY3pcL3dwLWNvbnRlbnRcL3VwbG9hZHNcLzIwMjZcLzA0XC9SZWRfUGlmMDUuanBnIiwic2xpZGVzaG93IjoiZjNkNGU5ZCJ9\" href='https:\/\/www.archphoto.cz\/wp-content\/uploads\/2026\/04\/Red_Pif05.jpg'><img loading=\"lazy\" decoding=\"async\" width=\"768\" height=\"511\" src=\"https:\/\/www.archphoto.cz\/wp-content\/uploads\/2026\/04\/Red_Pif05-768x511.jpg\" class=\"attachment-medium_large size-medium_large\" alt=\"\" srcset=\"https:\/\/www.archphoto.cz\/wp-content\/uploads\/2026\/04\/Red_Pif05-768x511.jpg 768w, https:\/\/www.archphoto.cz\/wp-content\/uploads\/2026\/04\/Red_Pif05-272x182.jpg 272w, https:\/\/www.archphoto.cz\/wp-content\/uploads\/2026\/04\/Red_Pif05.jpg 1200w\" sizes=\"(max-width: 768px) 100vw, 768px\" \/><\/a>\n\t\t\t<\/dt><\/dl><br style=\"clear: both\" \/><dl class='gallery-item'>\n\t\t\t<dt class='gallery-icon landscape'>\n\t\t\t\t<a data-elementor-open-lightbox=\"yes\" data-elementor-lightbox-slideshow=\"f3d4e9d\" data-elementor-lightbox-title=\"Red_Pif04\" data-e-action-hash=\"#elementor-action%3Aaction%3Dlightbox%26settings%3DeyJpZCI6MTc3NCwidXJsIjoiaHR0cHM6XC9cL3d3dy5hcmNocGhvdG8uY3pcL3dwLWNvbnRlbnRcL3VwbG9hZHNcLzIwMjZcLzA0XC9SZWRfUGlmMDQuanBnIiwic2xpZGVzaG93IjoiZjNkNGU5ZCJ9\" href='https:\/\/www.archphoto.cz\/wp-content\/uploads\/2026\/04\/Red_Pif04.jpg'><img loading=\"lazy\" decoding=\"async\" width=\"768\" height=\"525\" src=\"https:\/\/www.archphoto.cz\/wp-content\/uploads\/2026\/04\/Red_Pif04-768x525.jpg\" class=\"attachment-medium_large size-medium_large\" alt=\"\" srcset=\"https:\/\/www.archphoto.cz\/wp-content\/uploads\/2026\/04\/Red_Pif04-768x525.jpg 768w, https:\/\/www.archphoto.cz\/wp-content\/uploads\/2026\/04\/Red_Pif04.jpg 1200w\" sizes=\"(max-width: 768px) 100vw, 768px\" \/><\/a>\n\t\t\t<\/dt><\/dl><br style=\"clear: both\" \/><dl class='gallery-item'>\n\t\t\t<dt class='gallery-icon landscape'>\n\t\t\t\t<a data-elementor-open-lightbox=\"yes\" data-elementor-lightbox-slideshow=\"f3d4e9d\" data-elementor-lightbox-title=\"Red_Pif02\" data-e-action-hash=\"#elementor-action%3Aaction%3Dlightbox%26settings%3DeyJpZCI6MTc3MiwidXJsIjoiaHR0cHM6XC9cL3d3dy5hcmNocGhvdG8uY3pcL3dwLWNvbnRlbnRcL3VwbG9hZHNcLzIwMjZcLzA0XC9SZWRfUGlmMDIuanBnIiwic2xpZGVzaG93IjoiZjNkNGU5ZCJ9\" href='https:\/\/www.archphoto.cz\/wp-content\/uploads\/2026\/04\/Red_Pif02.jpg'><img loading=\"lazy\" decoding=\"async\" width=\"768\" height=\"511\" src=\"https:\/\/www.archphoto.cz\/wp-content\/uploads\/2026\/04\/Red_Pif02-768x511.jpg\" class=\"attachment-medium_large size-medium_large\" alt=\"\" srcset=\"https:\/\/www.archphoto.cz\/wp-content\/uploads\/2026\/04\/Red_Pif02-768x511.jpg 768w, https:\/\/www.archphoto.cz\/wp-content\/uploads\/2026\/04\/Red_Pif02-272x182.jpg 272w, https:\/\/www.archphoto.cz\/wp-content\/uploads\/2026\/04\/Red_Pif02.jpg 1200w\" sizes=\"(max-width: 768px) 100vw, 768px\" \/><\/a>\n\t\t\t<\/dt><\/dl><br style=\"clear: both\" \/><dl class='gallery-item'>\n\t\t\t<dt class='gallery-icon portrait'>\n\t\t\t\t<a data-elementor-open-lightbox=\"yes\" data-elementor-lightbox-slideshow=\"f3d4e9d\" data-elementor-lightbox-title=\"Red_Pif03\" data-e-action-hash=\"#elementor-action%3Aaction%3Dlightbox%26settings%3DeyJpZCI6MTc3MywidXJsIjoiaHR0cHM6XC9cL3d3dy5hcmNocGhvdG8uY3pcL3dwLWNvbnRlbnRcL3VwbG9hZHNcLzIwMjZcLzA0XC9SZWRfUGlmMDMuanBnIiwic2xpZGVzaG93IjoiZjNkNGU5ZCJ9\" href='https:\/\/www.archphoto.cz\/wp-content\/uploads\/2026\/04\/Red_Pif03.jpg'><img loading=\"lazy\" decoding=\"async\" width=\"768\" height=\"1106\" src=\"https:\/\/www.archphoto.cz\/wp-content\/uploads\/2026\/04\/Red_Pif03-768x1106.jpg\" class=\"attachment-medium_large size-medium_large\" alt=\"\" srcset=\"https:\/\/www.archphoto.cz\/wp-content\/uploads\/2026\/04\/Red_Pif03-768x1106.jpg 768w, https:\/\/www.archphoto.cz\/wp-content\/uploads\/2026\/04\/Red_Pif03.jpg 833w\" sizes=\"(max-width: 768px) 100vw, 768px\" \/><\/a>\n\t\t\t<\/dt><\/dl><br style=\"clear: both\" \/>\n\t\t<\/div>\n\t\t<\/div>\n\t\t\t\t\t\t<\/div>\n\t\t\t\t\t<\/div>\n\t\t\t\t<\/div>\n\t\t\t\t<\/div>\n\t\t","protected":false},"excerpt":{"rendered":"<p>Ing.arch. Jakub Fi\u0161er, Ing.arch. Petra Skalick\u00e1 Vinot\u00e9ka Red Pif<\/p>\n","protected":false},"author":1,"featured_media":0,"parent":0,"menu_order":0,"comment_status":"closed","ping_status":"closed","template":"","meta":{"footnotes":""},"class_list":["post-1767","page","type-page","status-publish","hentry"],"_links":{"self":[{"href":"https:\/\/www.archphoto.cz\/index.php?rest_route=\/wp\/v2\/pages\/1767","targetHints":{"allow":["GET"]}}],"collection":[{"href":"https:\/\/www.archphoto.cz\/index.php?rest_route=\/wp\/v2\/pages"}],"about":[{"href":"https:\/\/www.archphoto.cz\/index.php?rest_route=\/wp\/v2\/types\/page"}],"author":[{"embeddable":true,"href":"https:\/\/www.archphoto.cz\/index.php?rest_route=\/wp\/v2\/users\/1"}],"replies":[{"embeddable":true,"href":"https:\/\/www.archphoto.cz\/index.php?rest_route=%2Fwp%2Fv2%2Fcomments&post=1767"}],"version-history":[{"count":12,"href":"https:\/\/www.archphoto.cz\/index.php?rest_route=\/wp\/v2\/pages\/1767\/revisions"}],"predecessor-version":[{"id":2131,"href":"https:\/\/www.archphoto.cz\/index.php?rest_route=\/wp\/v2\/pages\/1767\/revisions\/2131"}],"wp:attachment":[{"href":"https:\/\/www.archphoto.cz\/index.php?rest_route=%2Fwp%2Fv2%2Fmedia&parent=1767"}],"curies":[{"name":"wp","href":"https:\/\/api.w.org\/{rel}","templated":true}]}}