{"id":1674,"date":"2026-04-12T16:00:02","date_gmt":"2026-04-12T14:00:02","guid":{"rendered":"https:\/\/www.archphoto.cz\/?page_id=1674"},"modified":"2026-04-12T18:28:42","modified_gmt":"2026-04-12T16:28:42","slug":"13-cez","status":"publish","type":"page","link":"https:\/\/www.archphoto.cz\/?page_id=1674","title":{"rendered":"13 \u010cEZ"},"content":{"rendered":"\t\t<div data-elementor-type=\"wp-page\" data-elementor-id=\"1674\" class=\"elementor elementor-1674\">\n\t\t\t\t<div class=\"elementor-element elementor-element-6b53803 e-flex e-con-boxed e-con e-parent\" data-id=\"6b53803\" data-element_type=\"container\">\n\t\t\t\t\t<div class=\"e-con-inner\">\n\t\t\t\t<div class=\"elementor-element elementor-element-09972b1 elementor-widget elementor-widget-spacer\" data-id=\"09972b1\" data-element_type=\"widget\" data-widget_type=\"spacer.default\">\n\t\t\t\t\t\t\t<div class=\"elementor-spacer\">\n\t\t\t<div class=\"elementor-spacer-inner\"><\/div>\n\t\t<\/div>\n\t\t\t\t\t\t<\/div>\n\t\t\t\t\t<\/div>\n\t\t\t\t<\/div>\n\t\t<div class=\"elementor-element elementor-element-9b1c16a e-flex e-con-boxed e-con e-parent\" data-id=\"9b1c16a\" data-element_type=\"container\">\n\t\t\t\t\t<div class=\"e-con-inner\">\n\t\t\t\t<div class=\"elementor-element elementor-element-6f93955 elementor-widget elementor-widget-text-editor\" data-id=\"6f93955\" data-element_type=\"widget\" data-widget_type=\"text-editor.default\">\n\t\t\t\t\t\t\t\t\t<p style=\"text-align: left;\">di5 architekti In\u017een\u00fd\u0159i s.r.o.<\/p><p style=\"text-align: left;\">\u010cEZ hlavn\u00ed spr\u00e1va<\/p>\t\t\t\t\t\t\t\t<\/div>\n\t\t\t\t\t<\/div>\n\t\t\t\t<\/div>\n\t\t<div class=\"elementor-element elementor-element-1c5ffa3 e-flex e-con-boxed e-con e-parent\" data-id=\"1c5ffa3\" data-element_type=\"container\">\n\t\t\t\t\t<div class=\"e-con-inner\">\n\t\t\t\t<div class=\"elementor-element elementor-element-79d5e36 elementor-widget elementor-widget-image-gallery\" data-id=\"79d5e36\" data-element_type=\"widget\" data-widget_type=\"image-gallery.default\">\n\t\t\t\t\t\t\t<div class=\"elementor-image-gallery\">\n\t\t\t\n\t\t<style type=\"text\/css\">\n\t\t\t#gallery-1 {\n\t\t\t\tmargin: auto;\n\t\t\t}\n\t\t\t#gallery-1 .gallery-item {\n\t\t\t\tfloat: left;\n\t\t\t\tmargin-top: 10px;\n\t\t\t\ttext-align: center;\n\t\t\t\twidth: 100%;\n\t\t\t}\n\t\t\t#gallery-1 img {\n\t\t\t\tborder: 2px solid #cfcfcf;\n\t\t\t}\n\t\t\t#gallery-1 .gallery-caption {\n\t\t\t\tmargin-left: 0;\n\t\t\t}\n\t\t\t\/* see gallery_shortcode() in wp-includes\/media.php *\/\n\t\t<\/style>\n\t\t<div id='gallery-1' class='gallery galleryid-1674 gallery-columns-1 gallery-size-medium_large'><dl class='gallery-item'>\n\t\t\t<dt class='gallery-icon portrait'>\n\t\t\t\t<a data-elementor-open-lightbox=\"yes\" data-elementor-lightbox-slideshow=\"79d5e36\" data-elementor-lightbox-title=\"Main_Administration_CEZ_01\" data-e-action-hash=\"#elementor-action%3Aaction%3Dlightbox%26settings%3DeyJpZCI6MTY3OCwidXJsIjoiaHR0cHM6XC9cL3d3dy5hcmNocGhvdG8uY3pcL3dwLWNvbnRlbnRcL3VwbG9hZHNcLzIwMjZcLzA0XC9NYWluX0FkbWluaXN0cmF0aW9uX0NFWl8wMS5qcGciLCJzbGlkZXNob3ciOiI3OWQ1ZTM2In0%3D\" href='https:\/\/www.archphoto.cz\/wp-content\/uploads\/2026\/04\/Main_Administration_CEZ_01.jpg'><img fetchpriority=\"high\" decoding=\"async\" width=\"768\" height=\"1110\" src=\"https:\/\/www.archphoto.cz\/wp-content\/uploads\/2026\/04\/Main_Administration_CEZ_01-768x1110.jpg\" class=\"attachment-medium_large size-medium_large\" alt=\"\" srcset=\"https:\/\/www.archphoto.cz\/wp-content\/uploads\/2026\/04\/Main_Administration_CEZ_01-768x1110.jpg 768w, https:\/\/www.archphoto.cz\/wp-content\/uploads\/2026\/04\/Main_Administration_CEZ_01.jpg 830w\" sizes=\"(max-width: 768px) 100vw, 768px\" \/><\/a>\n\t\t\t<\/dt><\/dl><br style=\"clear: both\" \/><dl class='gallery-item'>\n\t\t\t<dt class='gallery-icon portrait'>\n\t\t\t\t<a data-elementor-open-lightbox=\"yes\" data-elementor-lightbox-slideshow=\"79d5e36\" data-elementor-lightbox-title=\"Main_Administration_CEZ_02\" data-e-action-hash=\"#elementor-action%3Aaction%3Dlightbox%26settings%3DeyJpZCI6MTY3OSwidXJsIjoiaHR0cHM6XC9cL3d3dy5hcmNocGhvdG8uY3pcL3dwLWNvbnRlbnRcL3VwbG9hZHNcLzIwMjZcLzA0XC9NYWluX0FkbWluaXN0cmF0aW9uX0NFWl8wMi5qcGciLCJzbGlkZXNob3ciOiI3OWQ1ZTM2In0%3D\" href='https:\/\/www.archphoto.cz\/wp-content\/uploads\/2026\/04\/Main_Administration_CEZ_02.jpg'><img decoding=\"async\" width=\"768\" height=\"1124\" src=\"https:\/\/www.archphoto.cz\/wp-content\/uploads\/2026\/04\/Main_Administration_CEZ_02-768x1124.jpg\" class=\"attachment-medium_large size-medium_large\" alt=\"\" srcset=\"https:\/\/www.archphoto.cz\/wp-content\/uploads\/2026\/04\/Main_Administration_CEZ_02-768x1124.jpg 768w, https:\/\/www.archphoto.cz\/wp-content\/uploads\/2026\/04\/Main_Administration_CEZ_02.jpg 820w\" sizes=\"(max-width: 768px) 100vw, 768px\" \/><\/a>\n\t\t\t<\/dt><\/dl><br style=\"clear: both\" \/><dl class='gallery-item'>\n\t\t\t<dt class='gallery-icon portrait'>\n\t\t\t\t<a data-elementor-open-lightbox=\"yes\" data-elementor-lightbox-slideshow=\"79d5e36\" data-elementor-lightbox-title=\"Main_Administration_CEZ_03\" data-e-action-hash=\"#elementor-action%3Aaction%3Dlightbox%26settings%3DeyJpZCI6MTY4MCwidXJsIjoiaHR0cHM6XC9cL3d3dy5hcmNocGhvdG8uY3pcL3dwLWNvbnRlbnRcL3VwbG9hZHNcLzIwMjZcLzA0XC9NYWluX0FkbWluaXN0cmF0aW9uX0NFWl8wMy5qcGciLCJzbGlkZXNob3ciOiI3OWQ1ZTM2In0%3D\" href='https:\/\/www.archphoto.cz\/wp-content\/uploads\/2026\/04\/Main_Administration_CEZ_03.jpg'><img decoding=\"async\" width=\"768\" height=\"1082\" src=\"https:\/\/www.archphoto.cz\/wp-content\/uploads\/2026\/04\/Main_Administration_CEZ_03-768x1082.jpg\" class=\"attachment-medium_large size-medium_large\" alt=\"\" srcset=\"https:\/\/www.archphoto.cz\/wp-content\/uploads\/2026\/04\/Main_Administration_CEZ_03-768x1082.jpg 768w, https:\/\/www.archphoto.cz\/wp-content\/uploads\/2026\/04\/Main_Administration_CEZ_03.jpg 852w\" sizes=\"(max-width: 768px) 100vw, 768px\" \/><\/a>\n\t\t\t<\/dt><\/dl><br style=\"clear: both\" \/><dl class='gallery-item'>\n\t\t\t<dt class='gallery-icon portrait'>\n\t\t\t\t<a data-elementor-open-lightbox=\"yes\" data-elementor-lightbox-slideshow=\"79d5e36\" data-elementor-lightbox-title=\"Main_Administration_CEZ_04\" data-e-action-hash=\"#elementor-action%3Aaction%3Dlightbox%26settings%3DeyJpZCI6MTY4MSwidXJsIjoiaHR0cHM6XC9cL3d3dy5hcmNocGhvdG8uY3pcL3dwLWNvbnRlbnRcL3VwbG9hZHNcLzIwMjZcLzA0XC9NYWluX0FkbWluaXN0cmF0aW9uX0NFWl8wNC5qcGciLCJzbGlkZXNob3ciOiI3OWQ1ZTM2In0%3D\" href='https:\/\/www.archphoto.cz\/wp-content\/uploads\/2026\/04\/Main_Administration_CEZ_04.jpg'><img loading=\"lazy\" decoding=\"async\" width=\"768\" height=\"1151\" src=\"https:\/\/www.archphoto.cz\/wp-content\/uploads\/2026\/04\/Main_Administration_CEZ_04-768x1151.jpg\" class=\"attachment-medium_large size-medium_large\" alt=\"\" srcset=\"https:\/\/www.archphoto.cz\/wp-content\/uploads\/2026\/04\/Main_Administration_CEZ_04-768x1151.jpg 768w, https:\/\/www.archphoto.cz\/wp-content\/uploads\/2026\/04\/Main_Administration_CEZ_04.jpg 801w\" sizes=\"(max-width: 768px) 100vw, 768px\" \/><\/a>\n\t\t\t<\/dt><\/dl><br style=\"clear: both\" \/><dl class='gallery-item'>\n\t\t\t<dt class='gallery-icon portrait'>\n\t\t\t\t<a data-elementor-open-lightbox=\"yes\" data-elementor-lightbox-slideshow=\"79d5e36\" data-elementor-lightbox-title=\"Main_Administration_CEZ_05\" data-e-action-hash=\"#elementor-action%3Aaction%3Dlightbox%26settings%3DeyJpZCI6MTY4MiwidXJsIjoiaHR0cHM6XC9cL3d3dy5hcmNocGhvdG8uY3pcL3dwLWNvbnRlbnRcL3VwbG9hZHNcLzIwMjZcLzA0XC9NYWluX0FkbWluaXN0cmF0aW9uX0NFWl8wNS5qcGciLCJzbGlkZXNob3ciOiI3OWQ1ZTM2In0%3D\" href='https:\/\/www.archphoto.cz\/wp-content\/uploads\/2026\/04\/Main_Administration_CEZ_05.jpg'><img loading=\"lazy\" decoding=\"async\" width=\"768\" height=\"1072\" src=\"https:\/\/www.archphoto.cz\/wp-content\/uploads\/2026\/04\/Main_Administration_CEZ_05-768x1072.jpg\" class=\"attachment-medium_large size-medium_large\" alt=\"\" srcset=\"https:\/\/www.archphoto.cz\/wp-content\/uploads\/2026\/04\/Main_Administration_CEZ_05-768x1072.jpg 768w, https:\/\/www.archphoto.cz\/wp-content\/uploads\/2026\/04\/Main_Administration_CEZ_05.jpg 860w\" sizes=\"(max-width: 768px) 100vw, 768px\" \/><\/a>\n\t\t\t<\/dt><\/dl><br style=\"clear: both\" \/><dl class='gallery-item'>\n\t\t\t<dt class='gallery-icon portrait'>\n\t\t\t\t<a data-elementor-open-lightbox=\"yes\" data-elementor-lightbox-slideshow=\"79d5e36\" data-elementor-lightbox-title=\"Main_Administration_CEZ_06\" data-e-action-hash=\"#elementor-action%3Aaction%3Dlightbox%26settings%3DeyJpZCI6MTY4MywidXJsIjoiaHR0cHM6XC9cL3d3dy5hcmNocGhvdG8uY3pcL3dwLWNvbnRlbnRcL3VwbG9hZHNcLzIwMjZcLzA0XC9NYWluX0FkbWluaXN0cmF0aW9uX0NFWl8wNi5qcGciLCJzbGlkZXNob3ciOiI3OWQ1ZTM2In0%3D\" href='https:\/\/www.archphoto.cz\/wp-content\/uploads\/2026\/04\/Main_Administration_CEZ_06.jpg'><img loading=\"lazy\" decoding=\"async\" width=\"768\" height=\"1120\" src=\"https:\/\/www.archphoto.cz\/wp-content\/uploads\/2026\/04\/Main_Administration_CEZ_06-768x1120.jpg\" class=\"attachment-medium_large size-medium_large\" alt=\"\" srcset=\"https:\/\/www.archphoto.cz\/wp-content\/uploads\/2026\/04\/Main_Administration_CEZ_06-768x1120.jpg 768w, https:\/\/www.archphoto.cz\/wp-content\/uploads\/2026\/04\/Main_Administration_CEZ_06.jpg 823w\" sizes=\"(max-width: 768px) 100vw, 768px\" \/><\/a>\n\t\t\t<\/dt><\/dl><br style=\"clear: both\" \/><dl class='gallery-item'>\n\t\t\t<dt class='gallery-icon portrait'>\n\t\t\t\t<a data-elementor-open-lightbox=\"yes\" data-elementor-lightbox-slideshow=\"79d5e36\" data-elementor-lightbox-title=\"Main_Administration_CEZ_07\" data-e-action-hash=\"#elementor-action%3Aaction%3Dlightbox%26settings%3DeyJpZCI6MTY4NCwidXJsIjoiaHR0cHM6XC9cL3d3dy5hcmNocGhvdG8uY3pcL3dwLWNvbnRlbnRcL3VwbG9hZHNcLzIwMjZcLzA0XC9NYWluX0FkbWluaXN0cmF0aW9uX0NFWl8wNy5qcGciLCJzbGlkZXNob3ciOiI3OWQ1ZTM2In0%3D\" href='https:\/\/www.archphoto.cz\/wp-content\/uploads\/2026\/04\/Main_Administration_CEZ_07.jpg'><img loading=\"lazy\" decoding=\"async\" width=\"768\" height=\"1125\" src=\"https:\/\/www.archphoto.cz\/wp-content\/uploads\/2026\/04\/Main_Administration_CEZ_07-768x1125.jpg\" class=\"attachment-medium_large size-medium_large\" alt=\"\" srcset=\"https:\/\/www.archphoto.cz\/wp-content\/uploads\/2026\/04\/Main_Administration_CEZ_07-768x1125.jpg 768w, https:\/\/www.archphoto.cz\/wp-content\/uploads\/2026\/04\/Main_Administration_CEZ_07.jpg 819w\" sizes=\"(max-width: 768px) 100vw, 768px\" \/><\/a>\n\t\t\t<\/dt><\/dl><br style=\"clear: both\" \/><dl class='gallery-item'>\n\t\t\t<dt class='gallery-icon portrait'>\n\t\t\t\t<a data-elementor-open-lightbox=\"yes\" data-elementor-lightbox-slideshow=\"79d5e36\" data-elementor-lightbox-title=\"Main_Administration_CEZ_08\" data-e-action-hash=\"#elementor-action%3Aaction%3Dlightbox%26settings%3DeyJpZCI6MTY4NSwidXJsIjoiaHR0cHM6XC9cL3d3dy5hcmNocGhvdG8uY3pcL3dwLWNvbnRlbnRcL3VwbG9hZHNcLzIwMjZcLzA0XC9NYWluX0FkbWluaXN0cmF0aW9uX0NFWl8wOC5qcGciLCJzbGlkZXNob3ciOiI3OWQ1ZTM2In0%3D\" href='https:\/\/www.archphoto.cz\/wp-content\/uploads\/2026\/04\/Main_Administration_CEZ_08.jpg'><img loading=\"lazy\" decoding=\"async\" width=\"768\" height=\"1153\" src=\"https:\/\/www.archphoto.cz\/wp-content\/uploads\/2026\/04\/Main_Administration_CEZ_08-768x1153.jpg\" class=\"attachment-medium_large size-medium_large\" alt=\"\" srcset=\"https:\/\/www.archphoto.cz\/wp-content\/uploads\/2026\/04\/Main_Administration_CEZ_08-768x1153.jpg 768w, https:\/\/www.archphoto.cz\/wp-content\/uploads\/2026\/04\/Main_Administration_CEZ_08.jpg 799w\" sizes=\"(max-width: 768px) 100vw, 768px\" \/><\/a>\n\t\t\t<\/dt><\/dl><br style=\"clear: both\" \/><dl class='gallery-item'>\n\t\t\t<dt class='gallery-icon portrait'>\n\t\t\t\t<a data-elementor-open-lightbox=\"yes\" data-elementor-lightbox-slideshow=\"79d5e36\" data-elementor-lightbox-title=\"Main_Administration_CEZ_09\" data-e-action-hash=\"#elementor-action%3Aaction%3Dlightbox%26settings%3DeyJpZCI6MTY4NiwidXJsIjoiaHR0cHM6XC9cL3d3dy5hcmNocGhvdG8uY3pcL3dwLWNvbnRlbnRcL3VwbG9hZHNcLzIwMjZcLzA0XC9NYWluX0FkbWluaXN0cmF0aW9uX0NFWl8wOS5qcGciLCJzbGlkZXNob3ciOiI3OWQ1ZTM2In0%3D\" href='https:\/\/www.archphoto.cz\/wp-content\/uploads\/2026\/04\/Main_Administration_CEZ_09.jpg'><img loading=\"lazy\" decoding=\"async\" width=\"768\" height=\"1151\" src=\"https:\/\/www.archphoto.cz\/wp-content\/uploads\/2026\/04\/Main_Administration_CEZ_09-768x1151.jpg\" class=\"attachment-medium_large size-medium_large\" alt=\"\" srcset=\"https:\/\/www.archphoto.cz\/wp-content\/uploads\/2026\/04\/Main_Administration_CEZ_09-768x1151.jpg 768w, https:\/\/www.archphoto.cz\/wp-content\/uploads\/2026\/04\/Main_Administration_CEZ_09.jpg 801w\" sizes=\"(max-width: 768px) 100vw, 768px\" \/><\/a>\n\t\t\t<\/dt><\/dl><br style=\"clear: both\" \/><dl class='gallery-item'>\n\t\t\t<dt class='gallery-icon portrait'>\n\t\t\t\t<a data-elementor-open-lightbox=\"yes\" data-elementor-lightbox-slideshow=\"79d5e36\" data-elementor-lightbox-title=\"Main_Administration_CEZ_10\" data-e-action-hash=\"#elementor-action%3Aaction%3Dlightbox%26settings%3DeyJpZCI6MTY4NywidXJsIjoiaHR0cHM6XC9cL3d3dy5hcmNocGhvdG8uY3pcL3dwLWNvbnRlbnRcL3VwbG9hZHNcLzIwMjZcLzA0XC9NYWluX0FkbWluaXN0cmF0aW9uX0NFWl8xMC5qcGciLCJzbGlkZXNob3ciOiI3OWQ1ZTM2In0%3D\" href='https:\/\/www.archphoto.cz\/wp-content\/uploads\/2026\/04\/Main_Administration_CEZ_10.jpg'><img loading=\"lazy\" decoding=\"async\" width=\"768\" height=\"1155\" src=\"https:\/\/www.archphoto.cz\/wp-content\/uploads\/2026\/04\/Main_Administration_CEZ_10-768x1155.jpg\" class=\"attachment-medium_large size-medium_large\" alt=\"\" srcset=\"https:\/\/www.archphoto.cz\/wp-content\/uploads\/2026\/04\/Main_Administration_CEZ_10-768x1155.jpg 768w, https:\/\/www.archphoto.cz\/wp-content\/uploads\/2026\/04\/Main_Administration_CEZ_10.jpg 798w\" sizes=\"(max-width: 768px) 100vw, 768px\" \/><\/a>\n\t\t\t<\/dt><\/dl><br style=\"clear: both\" \/><dl class='gallery-item'>\n\t\t\t<dt class='gallery-icon portrait'>\n\t\t\t\t<a data-elementor-open-lightbox=\"yes\" data-elementor-lightbox-slideshow=\"79d5e36\" data-elementor-lightbox-title=\"Main_Administration_CEZ_11\" data-e-action-hash=\"#elementor-action%3Aaction%3Dlightbox%26settings%3DeyJpZCI6MTY4OCwidXJsIjoiaHR0cHM6XC9cL3d3dy5hcmNocGhvdG8uY3pcL3dwLWNvbnRlbnRcL3VwbG9hZHNcLzIwMjZcLzA0XC9NYWluX0FkbWluaXN0cmF0aW9uX0NFWl8xMS5qcGciLCJzbGlkZXNob3ciOiI3OWQ1ZTM2In0%3D\" href='https:\/\/www.archphoto.cz\/wp-content\/uploads\/2026\/04\/Main_Administration_CEZ_11.jpg'><img loading=\"lazy\" decoding=\"async\" width=\"768\" height=\"1151\" src=\"https:\/\/www.archphoto.cz\/wp-content\/uploads\/2026\/04\/Main_Administration_CEZ_11-768x1151.jpg\" class=\"attachment-medium_large size-medium_large\" alt=\"\" srcset=\"https:\/\/www.archphoto.cz\/wp-content\/uploads\/2026\/04\/Main_Administration_CEZ_11-768x1151.jpg 768w, https:\/\/www.archphoto.cz\/wp-content\/uploads\/2026\/04\/Main_Administration_CEZ_11.jpg 801w\" sizes=\"(max-width: 768px) 100vw, 768px\" \/><\/a>\n\t\t\t<\/dt><\/dl><br style=\"clear: both\" \/><dl class='gallery-item'>\n\t\t\t<dt class='gallery-icon landscape'>\n\t\t\t\t<a data-elementor-open-lightbox=\"yes\" data-elementor-lightbox-slideshow=\"79d5e36\" data-elementor-lightbox-title=\"Main_Administration_CEZ_12\" data-e-action-hash=\"#elementor-action%3Aaction%3Dlightbox%26settings%3DeyJpZCI6MTY4OSwidXJsIjoiaHR0cHM6XC9cL3d3dy5hcmNocGhvdG8uY3pcL3dwLWNvbnRlbnRcL3VwbG9hZHNcLzIwMjZcLzA0XC9NYWluX0FkbWluaXN0cmF0aW9uX0NFWl8xMi5qcGciLCJzbGlkZXNob3ciOiI3OWQ1ZTM2In0%3D\" href='https:\/\/www.archphoto.cz\/wp-content\/uploads\/2026\/04\/Main_Administration_CEZ_12.jpg'><img loading=\"lazy\" decoding=\"async\" width=\"768\" height=\"531\" src=\"https:\/\/www.archphoto.cz\/wp-content\/uploads\/2026\/04\/Main_Administration_CEZ_12-768x531.jpg\" class=\"attachment-medium_large size-medium_large\" alt=\"\" srcset=\"https:\/\/www.archphoto.cz\/wp-content\/uploads\/2026\/04\/Main_Administration_CEZ_12-768x531.jpg 768w, https:\/\/www.archphoto.cz\/wp-content\/uploads\/2026\/04\/Main_Administration_CEZ_12.jpg 1200w\" sizes=\"(max-width: 768px) 100vw, 768px\" \/><\/a>\n\t\t\t<\/dt><\/dl><br style=\"clear: both\" \/><dl class='gallery-item'>\n\t\t\t<dt class='gallery-icon landscape'>\n\t\t\t\t<a data-elementor-open-lightbox=\"yes\" data-elementor-lightbox-slideshow=\"79d5e36\" data-elementor-lightbox-title=\"Main_Administration_CEZ_13\" data-e-action-hash=\"#elementor-action%3Aaction%3Dlightbox%26settings%3DeyJpZCI6MTY5MCwidXJsIjoiaHR0cHM6XC9cL3d3dy5hcmNocGhvdG8uY3pcL3dwLWNvbnRlbnRcL3VwbG9hZHNcLzIwMjZcLzA0XC9NYWluX0FkbWluaXN0cmF0aW9uX0NFWl8xMy5qcGciLCJzbGlkZXNob3ciOiI3OWQ1ZTM2In0%3D\" href='https:\/\/www.archphoto.cz\/wp-content\/uploads\/2026\/04\/Main_Administration_CEZ_13.jpg'><img loading=\"lazy\" decoding=\"async\" width=\"768\" height=\"513\" src=\"https:\/\/www.archphoto.cz\/wp-content\/uploads\/2026\/04\/Main_Administration_CEZ_13-768x513.jpg\" class=\"attachment-medium_large size-medium_large\" alt=\"\" srcset=\"https:\/\/www.archphoto.cz\/wp-content\/uploads\/2026\/04\/Main_Administration_CEZ_13-768x513.jpg 768w, https:\/\/www.archphoto.cz\/wp-content\/uploads\/2026\/04\/Main_Administration_CEZ_13-272x182.jpg 272w, https:\/\/www.archphoto.cz\/wp-content\/uploads\/2026\/04\/Main_Administration_CEZ_13.jpg 1200w\" sizes=\"(max-width: 768px) 100vw, 768px\" \/><\/a>\n\t\t\t<\/dt><\/dl><br style=\"clear: both\" \/><dl class='gallery-item'>\n\t\t\t<dt class='gallery-icon portrait'>\n\t\t\t\t<a data-elementor-open-lightbox=\"yes\" data-elementor-lightbox-slideshow=\"79d5e36\" data-elementor-lightbox-title=\"Main_Administration_CEZ_14\" data-e-action-hash=\"#elementor-action%3Aaction%3Dlightbox%26settings%3DeyJpZCI6MTY5MSwidXJsIjoiaHR0cHM6XC9cL3d3dy5hcmNocGhvdG8uY3pcL3dwLWNvbnRlbnRcL3VwbG9hZHNcLzIwMjZcLzA0XC9NYWluX0FkbWluaXN0cmF0aW9uX0NFWl8xNC5qcGciLCJzbGlkZXNob3ciOiI3OWQ1ZTM2In0%3D\" href='https:\/\/www.archphoto.cz\/wp-content\/uploads\/2026\/04\/Main_Administration_CEZ_14.jpg'><img loading=\"lazy\" decoding=\"async\" width=\"768\" height=\"1151\" src=\"https:\/\/www.archphoto.cz\/wp-content\/uploads\/2026\/04\/Main_Administration_CEZ_14-768x1151.jpg\" class=\"attachment-medium_large size-medium_large\" alt=\"\" srcset=\"https:\/\/www.archphoto.cz\/wp-content\/uploads\/2026\/04\/Main_Administration_CEZ_14-768x1151.jpg 768w, https:\/\/www.archphoto.cz\/wp-content\/uploads\/2026\/04\/Main_Administration_CEZ_14.jpg 801w\" sizes=\"(max-width: 768px) 100vw, 768px\" \/><\/a>\n\t\t\t<\/dt><\/dl><br style=\"clear: both\" \/><dl class='gallery-item'>\n\t\t\t<dt class='gallery-icon portrait'>\n\t\t\t\t<a data-elementor-open-lightbox=\"yes\" data-elementor-lightbox-slideshow=\"79d5e36\" data-elementor-lightbox-title=\"Main_Administration_CEZ_15\" data-e-action-hash=\"#elementor-action%3Aaction%3Dlightbox%26settings%3DeyJpZCI6MTY5MiwidXJsIjoiaHR0cHM6XC9cL3d3dy5hcmNocGhvdG8uY3pcL3dwLWNvbnRlbnRcL3VwbG9hZHNcLzIwMjZcLzA0XC9NYWluX0FkbWluaXN0cmF0aW9uX0NFWl8xNS5qcGciLCJzbGlkZXNob3ciOiI3OWQ1ZTM2In0%3D\" href='https:\/\/www.archphoto.cz\/wp-content\/uploads\/2026\/04\/Main_Administration_CEZ_15.jpg'><img loading=\"lazy\" decoding=\"async\" width=\"768\" height=\"1151\" src=\"https:\/\/www.archphoto.cz\/wp-content\/uploads\/2026\/04\/Main_Administration_CEZ_15-768x1151.jpg\" class=\"attachment-medium_large size-medium_large\" alt=\"\" srcset=\"https:\/\/www.archphoto.cz\/wp-content\/uploads\/2026\/04\/Main_Administration_CEZ_15-768x1151.jpg 768w, https:\/\/www.archphoto.cz\/wp-content\/uploads\/2026\/04\/Main_Administration_CEZ_15.jpg 801w\" sizes=\"(max-width: 768px) 100vw, 768px\" \/><\/a>\n\t\t\t<\/dt><\/dl><br style=\"clear: both\" \/><dl class='gallery-item'>\n\t\t\t<dt class='gallery-icon portrait'>\n\t\t\t\t<a data-elementor-open-lightbox=\"yes\" data-elementor-lightbox-slideshow=\"79d5e36\" data-elementor-lightbox-title=\"Main_Administration_CEZ_16\" data-e-action-hash=\"#elementor-action%3Aaction%3Dlightbox%26settings%3DeyJpZCI6MTY5MywidXJsIjoiaHR0cHM6XC9cL3d3dy5hcmNocGhvdG8uY3pcL3dwLWNvbnRlbnRcL3VwbG9hZHNcLzIwMjZcLzA0XC9NYWluX0FkbWluaXN0cmF0aW9uX0NFWl8xNi5qcGciLCJzbGlkZXNob3ciOiI3OWQ1ZTM2In0%3D\" href='https:\/\/www.archphoto.cz\/wp-content\/uploads\/2026\/04\/Main_Administration_CEZ_16.jpg'><img loading=\"lazy\" decoding=\"async\" width=\"768\" height=\"1151\" src=\"https:\/\/www.archphoto.cz\/wp-content\/uploads\/2026\/04\/Main_Administration_CEZ_16-768x1151.jpg\" class=\"attachment-medium_large size-medium_large\" alt=\"\" srcset=\"https:\/\/www.archphoto.cz\/wp-content\/uploads\/2026\/04\/Main_Administration_CEZ_16-768x1151.jpg 768w, https:\/\/www.archphoto.cz\/wp-content\/uploads\/2026\/04\/Main_Administration_CEZ_16.jpg 801w\" sizes=\"(max-width: 768px) 100vw, 768px\" \/><\/a>\n\t\t\t<\/dt><\/dl><br style=\"clear: both\" \/><dl class='gallery-item'>\n\t\t\t<dt class='gallery-icon portrait'>\n\t\t\t\t<a data-elementor-open-lightbox=\"yes\" data-elementor-lightbox-slideshow=\"79d5e36\" data-elementor-lightbox-title=\"Main_Administration_CEZ_17\" data-e-action-hash=\"#elementor-action%3Aaction%3Dlightbox%26settings%3DeyJpZCI6MTY5NCwidXJsIjoiaHR0cHM6XC9cL3d3dy5hcmNocGhvdG8uY3pcL3dwLWNvbnRlbnRcL3VwbG9hZHNcLzIwMjZcLzA0XC9NYWluX0FkbWluaXN0cmF0aW9uX0NFWl8xNy5qcGciLCJzbGlkZXNob3ciOiI3OWQ1ZTM2In0%3D\" href='https:\/\/www.archphoto.cz\/wp-content\/uploads\/2026\/04\/Main_Administration_CEZ_17.jpg'><img loading=\"lazy\" decoding=\"async\" width=\"768\" height=\"1151\" src=\"https:\/\/www.archphoto.cz\/wp-content\/uploads\/2026\/04\/Main_Administration_CEZ_17-768x1151.jpg\" class=\"attachment-medium_large size-medium_large\" alt=\"\" srcset=\"https:\/\/www.archphoto.cz\/wp-content\/uploads\/2026\/04\/Main_Administration_CEZ_17-768x1151.jpg 768w, https:\/\/www.archphoto.cz\/wp-content\/uploads\/2026\/04\/Main_Administration_CEZ_17.jpg 801w\" sizes=\"(max-width: 768px) 100vw, 768px\" \/><\/a>\n\t\t\t<\/dt><\/dl><br style=\"clear: both\" \/>\n\t\t<\/div>\n\t\t<\/div>\n\t\t\t\t\t\t<\/div>\n\t\t\t\t\t<\/div>\n\t\t\t\t<\/div>\n\t\t\t\t<\/div>\n\t\t","protected":false},"excerpt":{"rendered":"<p>di5 architekti In\u017een\u00fd\u0159i s.r.o. \u010cEZ hlavn\u00ed spr\u00e1va<\/p>\n","protected":false},"author":1,"featured_media":0,"parent":0,"menu_order":0,"comment_status":"closed","ping_status":"closed","template":"","meta":{"footnotes":""},"class_list":["post-1674","page","type-page","status-publish","hentry"],"_links":{"self":[{"href":"https:\/\/www.archphoto.cz\/index.php?rest_route=\/wp\/v2\/pages\/1674","targetHints":{"allow":["GET"]}}],"collection":[{"href":"https:\/\/www.archphoto.cz\/index.php?rest_route=\/wp\/v2\/pages"}],"about":[{"href":"https:\/\/www.archphoto.cz\/index.php?rest_route=\/wp\/v2\/types\/page"}],"author":[{"embeddable":true,"href":"https:\/\/www.archphoto.cz\/index.php?rest_route=\/wp\/v2\/users\/1"}],"replies":[{"embeddable":true,"href":"https:\/\/www.archphoto.cz\/index.php?rest_route=%2Fwp%2Fv2%2Fcomments&post=1674"}],"version-history":[{"count":9,"href":"https:\/\/www.archphoto.cz\/index.php?rest_route=\/wp\/v2\/pages\/1674\/revisions"}],"predecessor-version":[{"id":2056,"href":"https:\/\/www.archphoto.cz\/index.php?rest_route=\/wp\/v2\/pages\/1674\/revisions\/2056"}],"wp:attachment":[{"href":"https:\/\/www.archphoto.cz\/index.php?rest_route=%2Fwp%2Fv2%2Fmedia&parent=1674"}],"curies":[{"name":"wp","href":"https:\/\/api.w.org\/{rel}","templated":true}]}}