{"id":1638,"date":"2026-04-12T15:50:42","date_gmt":"2026-04-12T13:50:42","guid":{"rendered":"https:\/\/www.archphoto.cz\/?page_id=1638"},"modified":"2026-04-12T18:28:22","modified_gmt":"2026-04-12T16:28:22","slug":"12-lounovice","status":"publish","type":"page","link":"https:\/\/www.archphoto.cz\/?page_id=1638","title":{"rendered":"12 Lou\u0148ovice"},"content":{"rendered":"\t\t<div data-elementor-type=\"wp-page\" data-elementor-id=\"1638\" class=\"elementor elementor-1638\">\n\t\t\t\t<div class=\"elementor-element elementor-element-64f8219 e-flex e-con-boxed e-con e-parent\" data-id=\"64f8219\" data-element_type=\"container\">\n\t\t\t\t\t<div class=\"e-con-inner\">\n\t\t\t\t<div class=\"elementor-element elementor-element-179101a elementor-widget elementor-widget-spacer\" data-id=\"179101a\" data-element_type=\"widget\" data-widget_type=\"spacer.default\">\n\t\t\t\t\t\t\t<div class=\"elementor-spacer\">\n\t\t\t<div class=\"elementor-spacer-inner\"><\/div>\n\t\t<\/div>\n\t\t\t\t\t\t<\/div>\n\t\t\t\t\t<\/div>\n\t\t\t\t<\/div>\n\t\t<div class=\"elementor-element elementor-element-fcf6de3 e-flex e-con-boxed e-con e-parent\" data-id=\"fcf6de3\" data-element_type=\"container\">\n\t\t\t\t\t<div class=\"e-con-inner\">\n\t\t\t\t<div class=\"elementor-element elementor-element-4810195 elementor-widget elementor-widget-text-editor\" data-id=\"4810195\" data-element_type=\"widget\" data-widget_type=\"text-editor.default\">\n\t\t\t\t\t\t\t\t\t<p style=\"text-align: left;\">di5 Architekti in\u017een\u00fd\u0159i s.r.o.<\/p><p style=\"text-align: left;\">v\u00edkendov\u00fd d\u016fm Lou\u0148ovice<\/p>\t\t\t\t\t\t\t\t<\/div>\n\t\t\t\t\t<\/div>\n\t\t\t\t<\/div>\n\t\t<div class=\"elementor-element elementor-element-15d8c27 e-flex e-con-boxed e-con e-parent\" data-id=\"15d8c27\" data-element_type=\"container\">\n\t\t\t\t\t<div class=\"e-con-inner\">\n\t\t\t\t<div class=\"elementor-element elementor-element-f6aadf8 elementor-widget elementor-widget-image-gallery\" data-id=\"f6aadf8\" data-element_type=\"widget\" data-widget_type=\"image-gallery.default\">\n\t\t\t\t\t\t\t<div class=\"elementor-image-gallery\">\n\t\t\t\n\t\t<style type=\"text\/css\">\n\t\t\t#gallery-1 {\n\t\t\t\tmargin: auto;\n\t\t\t}\n\t\t\t#gallery-1 .gallery-item {\n\t\t\t\tfloat: left;\n\t\t\t\tmargin-top: 10px;\n\t\t\t\ttext-align: center;\n\t\t\t\twidth: 100%;\n\t\t\t}\n\t\t\t#gallery-1 img {\n\t\t\t\tborder: 2px solid #cfcfcf;\n\t\t\t}\n\t\t\t#gallery-1 .gallery-caption {\n\t\t\t\tmargin-left: 0;\n\t\t\t}\n\t\t\t\/* see gallery_shortcode() in wp-includes\/media.php *\/\n\t\t<\/style>\n\t\t<div id='gallery-1' class='gallery galleryid-1638 gallery-columns-1 gallery-size-medium_large'><dl class='gallery-item'>\n\t\t\t<dt class='gallery-icon landscape'>\n\t\t\t\t<a data-elementor-open-lightbox=\"yes\" data-elementor-lightbox-slideshow=\"f6aadf8\" data-elementor-lightbox-title=\"Lounovice07_W\" data-e-action-hash=\"#elementor-action%3Aaction%3Dlightbox%26settings%3DeyJpZCI6MTY0MiwidXJsIjoiaHR0cHM6XC9cL3d3dy5hcmNocGhvdG8uY3pcL3dwLWNvbnRlbnRcL3VwbG9hZHNcLzIwMjZcLzA0XC9Mb3Vub3ZpY2UwN19XLmpwZyIsInNsaWRlc2hvdyI6ImY2YWFkZjgifQ%3D%3D\" href='https:\/\/www.archphoto.cz\/wp-content\/uploads\/2026\/04\/Lounovice07_W.jpg'><img fetchpriority=\"high\" decoding=\"async\" width=\"768\" height=\"518\" src=\"https:\/\/www.archphoto.cz\/wp-content\/uploads\/2026\/04\/Lounovice07_W-768x518.jpg\" class=\"attachment-medium_large size-medium_large\" alt=\"\" srcset=\"https:\/\/www.archphoto.cz\/wp-content\/uploads\/2026\/04\/Lounovice07_W-768x518.jpg 768w, https:\/\/www.archphoto.cz\/wp-content\/uploads\/2026\/04\/Lounovice07_W-272x182.jpg 272w, https:\/\/www.archphoto.cz\/wp-content\/uploads\/2026\/04\/Lounovice07_W.jpg 1200w\" sizes=\"(max-width: 768px) 100vw, 768px\" \/><\/a>\n\t\t\t<\/dt><\/dl><br style=\"clear: both\" \/><dl class='gallery-item'>\n\t\t\t<dt class='gallery-icon portrait'>\n\t\t\t\t<a data-elementor-open-lightbox=\"yes\" data-elementor-lightbox-slideshow=\"f6aadf8\" data-elementor-lightbox-title=\"Lounovice08_W\" data-e-action-hash=\"#elementor-action%3Aaction%3Dlightbox%26settings%3DeyJpZCI6MTY0MywidXJsIjoiaHR0cHM6XC9cL3d3dy5hcmNocGhvdG8uY3pcL3dwLWNvbnRlbnRcL3VwbG9hZHNcLzIwMjZcLzA0XC9Mb3Vub3ZpY2UwOF9XLmpwZyIsInNsaWRlc2hvdyI6ImY2YWFkZjgifQ%3D%3D\" href='https:\/\/www.archphoto.cz\/wp-content\/uploads\/2026\/04\/Lounovice08_W.jpg'><img decoding=\"async\" width=\"768\" height=\"1108\" src=\"https:\/\/www.archphoto.cz\/wp-content\/uploads\/2026\/04\/Lounovice08_W-768x1108.jpg\" class=\"attachment-medium_large size-medium_large\" alt=\"\" srcset=\"https:\/\/www.archphoto.cz\/wp-content\/uploads\/2026\/04\/Lounovice08_W-768x1108.jpg 768w, https:\/\/www.archphoto.cz\/wp-content\/uploads\/2026\/04\/Lounovice08_W.jpg 832w\" sizes=\"(max-width: 768px) 100vw, 768px\" \/><\/a>\n\t\t\t<\/dt><\/dl><br style=\"clear: both\" \/><dl class='gallery-item'>\n\t\t\t<dt class='gallery-icon portrait'>\n\t\t\t\t<a data-elementor-open-lightbox=\"yes\" data-elementor-lightbox-slideshow=\"f6aadf8\" data-elementor-lightbox-title=\"Lounovice09_W\" data-e-action-hash=\"#elementor-action%3Aaction%3Dlightbox%26settings%3DeyJpZCI6MTY0NCwidXJsIjoiaHR0cHM6XC9cL3d3dy5hcmNocGhvdG8uY3pcL3dwLWNvbnRlbnRcL3VwbG9hZHNcLzIwMjZcLzA0XC9Mb3Vub3ZpY2UwOV9XLmpwZyIsInNsaWRlc2hvdyI6ImY2YWFkZjgifQ%3D%3D\" href='https:\/\/www.archphoto.cz\/wp-content\/uploads\/2026\/04\/Lounovice09_W.jpg'><img decoding=\"async\" width=\"768\" height=\"1077\" src=\"https:\/\/www.archphoto.cz\/wp-content\/uploads\/2026\/04\/Lounovice09_W-768x1077.jpg\" class=\"attachment-medium_large size-medium_large\" alt=\"\" srcset=\"https:\/\/www.archphoto.cz\/wp-content\/uploads\/2026\/04\/Lounovice09_W-768x1077.jpg 768w, https:\/\/www.archphoto.cz\/wp-content\/uploads\/2026\/04\/Lounovice09_W.jpg 856w\" sizes=\"(max-width: 768px) 100vw, 768px\" \/><\/a>\n\t\t\t<\/dt><\/dl><br style=\"clear: both\" \/><dl class='gallery-item'>\n\t\t\t<dt class='gallery-icon landscape'>\n\t\t\t\t<a data-elementor-open-lightbox=\"yes\" data-elementor-lightbox-slideshow=\"f6aadf8\" data-elementor-lightbox-title=\"Lounovice13_W\" data-e-action-hash=\"#elementor-action%3Aaction%3Dlightbox%26settings%3DeyJpZCI6MTY0NSwidXJsIjoiaHR0cHM6XC9cL3d3dy5hcmNocGhvdG8uY3pcL3dwLWNvbnRlbnRcL3VwbG9hZHNcLzIwMjZcLzA0XC9Mb3Vub3ZpY2UxM19XLmpwZyIsInNsaWRlc2hvdyI6ImY2YWFkZjgifQ%3D%3D\" href='https:\/\/www.archphoto.cz\/wp-content\/uploads\/2026\/04\/Lounovice13_W.jpg'><img loading=\"lazy\" decoding=\"async\" width=\"768\" height=\"504\" src=\"https:\/\/www.archphoto.cz\/wp-content\/uploads\/2026\/04\/Lounovice13_W-768x504.jpg\" class=\"attachment-medium_large size-medium_large\" alt=\"\" srcset=\"https:\/\/www.archphoto.cz\/wp-content\/uploads\/2026\/04\/Lounovice13_W-768x504.jpg 768w, https:\/\/www.archphoto.cz\/wp-content\/uploads\/2026\/04\/Lounovice13_W.jpg 1200w\" sizes=\"(max-width: 768px) 100vw, 768px\" \/><\/a>\n\t\t\t<\/dt><\/dl><br style=\"clear: both\" \/><dl class='gallery-item'>\n\t\t\t<dt class='gallery-icon landscape'>\n\t\t\t\t<a data-elementor-open-lightbox=\"yes\" data-elementor-lightbox-slideshow=\"f6aadf8\" data-elementor-lightbox-title=\"Lounovice22_W\" data-e-action-hash=\"#elementor-action%3Aaction%3Dlightbox%26settings%3DeyJpZCI6MTY0NiwidXJsIjoiaHR0cHM6XC9cL3d3dy5hcmNocGhvdG8uY3pcL3dwLWNvbnRlbnRcL3VwbG9hZHNcLzIwMjZcLzA0XC9Mb3Vub3ZpY2UyMl9XLmpwZyIsInNsaWRlc2hvdyI6ImY2YWFkZjgifQ%3D%3D\" href='https:\/\/www.archphoto.cz\/wp-content\/uploads\/2026\/04\/Lounovice22_W.jpg'><img loading=\"lazy\" decoding=\"async\" width=\"768\" height=\"512\" src=\"https:\/\/www.archphoto.cz\/wp-content\/uploads\/2026\/04\/Lounovice22_W-768x512.jpg\" class=\"attachment-medium_large size-medium_large\" alt=\"\" srcset=\"https:\/\/www.archphoto.cz\/wp-content\/uploads\/2026\/04\/Lounovice22_W-768x512.jpg 768w, https:\/\/www.archphoto.cz\/wp-content\/uploads\/2026\/04\/Lounovice22_W-272x182.jpg 272w, https:\/\/www.archphoto.cz\/wp-content\/uploads\/2026\/04\/Lounovice22_W.jpg 1200w\" sizes=\"(max-width: 768px) 100vw, 768px\" \/><\/a>\n\t\t\t<\/dt><\/dl><br style=\"clear: both\" \/><dl class='gallery-item'>\n\t\t\t<dt class='gallery-icon landscape'>\n\t\t\t\t<a data-elementor-open-lightbox=\"yes\" data-elementor-lightbox-slideshow=\"f6aadf8\" data-elementor-lightbox-title=\"Lounovice27_W\" data-e-action-hash=\"#elementor-action%3Aaction%3Dlightbox%26settings%3DeyJpZCI6MTY0NywidXJsIjoiaHR0cHM6XC9cL3d3dy5hcmNocGhvdG8uY3pcL3dwLWNvbnRlbnRcL3VwbG9hZHNcLzIwMjZcLzA0XC9Mb3Vub3ZpY2UyN19XLmpwZyIsInNsaWRlc2hvdyI6ImY2YWFkZjgifQ%3D%3D\" href='https:\/\/www.archphoto.cz\/wp-content\/uploads\/2026\/04\/Lounovice27_W.jpg'><img loading=\"lazy\" decoding=\"async\" width=\"768\" height=\"529\" src=\"https:\/\/www.archphoto.cz\/wp-content\/uploads\/2026\/04\/Lounovice27_W-768x529.jpg\" class=\"attachment-medium_large size-medium_large\" alt=\"\" srcset=\"https:\/\/www.archphoto.cz\/wp-content\/uploads\/2026\/04\/Lounovice27_W-768x529.jpg 768w, https:\/\/www.archphoto.cz\/wp-content\/uploads\/2026\/04\/Lounovice27_W.jpg 1200w\" sizes=\"(max-width: 768px) 100vw, 768px\" \/><\/a>\n\t\t\t<\/dt><\/dl><br style=\"clear: both\" \/><dl class='gallery-item'>\n\t\t\t<dt class='gallery-icon landscape'>\n\t\t\t\t<a data-elementor-open-lightbox=\"yes\" data-elementor-lightbox-slideshow=\"f6aadf8\" data-elementor-lightbox-title=\"Lounovice29_W\" data-e-action-hash=\"#elementor-action%3Aaction%3Dlightbox%26settings%3DeyJpZCI6MTY0OCwidXJsIjoiaHR0cHM6XC9cL3d3dy5hcmNocGhvdG8uY3pcL3dwLWNvbnRlbnRcL3VwbG9hZHNcLzIwMjZcLzA0XC9Mb3Vub3ZpY2UyOV9XLmpwZyIsInNsaWRlc2hvdyI6ImY2YWFkZjgifQ%3D%3D\" href='https:\/\/www.archphoto.cz\/wp-content\/uploads\/2026\/04\/Lounovice29_W.jpg'><img loading=\"lazy\" decoding=\"async\" width=\"768\" height=\"531\" src=\"https:\/\/www.archphoto.cz\/wp-content\/uploads\/2026\/04\/Lounovice29_W-768x531.jpg\" class=\"attachment-medium_large size-medium_large\" alt=\"\" srcset=\"https:\/\/www.archphoto.cz\/wp-content\/uploads\/2026\/04\/Lounovice29_W-768x531.jpg 768w, https:\/\/www.archphoto.cz\/wp-content\/uploads\/2026\/04\/Lounovice29_W.jpg 1200w\" sizes=\"(max-width: 768px) 100vw, 768px\" \/><\/a>\n\t\t\t<\/dt><\/dl><br style=\"clear: both\" \/><dl class='gallery-item'>\n\t\t\t<dt class='gallery-icon landscape'>\n\t\t\t\t<a data-elementor-open-lightbox=\"yes\" data-elementor-lightbox-slideshow=\"f6aadf8\" data-elementor-lightbox-title=\"Weekend_house01\" data-e-action-hash=\"#elementor-action%3Aaction%3Dlightbox%26settings%3DeyJpZCI6MTY0OSwidXJsIjoiaHR0cHM6XC9cL3d3dy5hcmNocGhvdG8uY3pcL3dwLWNvbnRlbnRcL3VwbG9hZHNcLzIwMjZcLzA0XC9XZWVrZW5kX2hvdXNlMDEuanBnIiwic2xpZGVzaG93IjoiZjZhYWRmOCJ9\" href='https:\/\/www.archphoto.cz\/wp-content\/uploads\/2026\/04\/Weekend_house01.jpg'><img loading=\"lazy\" decoding=\"async\" width=\"768\" height=\"509\" src=\"https:\/\/www.archphoto.cz\/wp-content\/uploads\/2026\/04\/Weekend_house01-768x509.jpg\" class=\"attachment-medium_large size-medium_large\" alt=\"\" srcset=\"https:\/\/www.archphoto.cz\/wp-content\/uploads\/2026\/04\/Weekend_house01-768x509.jpg 768w, https:\/\/www.archphoto.cz\/wp-content\/uploads\/2026\/04\/Weekend_house01.jpg 1200w\" sizes=\"(max-width: 768px) 100vw, 768px\" \/><\/a>\n\t\t\t<\/dt><\/dl><br style=\"clear: both\" \/><dl class='gallery-item'>\n\t\t\t<dt class='gallery-icon portrait'>\n\t\t\t\t<a data-elementor-open-lightbox=\"yes\" data-elementor-lightbox-slideshow=\"f6aadf8\" data-elementor-lightbox-title=\"Weekend_house02\" data-e-action-hash=\"#elementor-action%3Aaction%3Dlightbox%26settings%3DeyJpZCI6MTY1MCwidXJsIjoiaHR0cHM6XC9cL3d3dy5hcmNocGhvdG8uY3pcL3dwLWNvbnRlbnRcL3VwbG9hZHNcLzIwMjZcLzA0XC9XZWVrZW5kX2hvdXNlMDIuanBnIiwic2xpZGVzaG93IjoiZjZhYWRmOCJ9\" href='https:\/\/www.archphoto.cz\/wp-content\/uploads\/2026\/04\/Weekend_house02.jpg'><img loading=\"lazy\" decoding=\"async\" width=\"768\" height=\"1153\" src=\"https:\/\/www.archphoto.cz\/wp-content\/uploads\/2026\/04\/Weekend_house02-768x1153.jpg\" class=\"attachment-medium_large size-medium_large\" alt=\"\" srcset=\"https:\/\/www.archphoto.cz\/wp-content\/uploads\/2026\/04\/Weekend_house02-768x1153.jpg 768w, https:\/\/www.archphoto.cz\/wp-content\/uploads\/2026\/04\/Weekend_house02.jpg 799w\" sizes=\"(max-width: 768px) 100vw, 768px\" \/><\/a>\n\t\t\t<\/dt><\/dl><br style=\"clear: both\" \/><dl class='gallery-item'>\n\t\t\t<dt class='gallery-icon landscape'>\n\t\t\t\t<a data-elementor-open-lightbox=\"yes\" data-elementor-lightbox-slideshow=\"f6aadf8\" data-elementor-lightbox-title=\"Weekend_house03\" data-e-action-hash=\"#elementor-action%3Aaction%3Dlightbox%26settings%3DeyJpZCI6MTY1MSwidXJsIjoiaHR0cHM6XC9cL3d3dy5hcmNocGhvdG8uY3pcL3dwLWNvbnRlbnRcL3VwbG9hZHNcLzIwMjZcLzA0XC9XZWVrZW5kX2hvdXNlMDMuanBnIiwic2xpZGVzaG93IjoiZjZhYWRmOCJ9\" href='https:\/\/www.archphoto.cz\/wp-content\/uploads\/2026\/04\/Weekend_house03.jpg'><img loading=\"lazy\" decoding=\"async\" width=\"768\" height=\"508\" src=\"https:\/\/www.archphoto.cz\/wp-content\/uploads\/2026\/04\/Weekend_house03-768x508.jpg\" class=\"attachment-medium_large size-medium_large\" alt=\"\" srcset=\"https:\/\/www.archphoto.cz\/wp-content\/uploads\/2026\/04\/Weekend_house03-768x508.jpg 768w, https:\/\/www.archphoto.cz\/wp-content\/uploads\/2026\/04\/Weekend_house03.jpg 1200w\" sizes=\"(max-width: 768px) 100vw, 768px\" \/><\/a>\n\t\t\t<\/dt><\/dl><br style=\"clear: both\" \/><dl class='gallery-item'>\n\t\t\t<dt class='gallery-icon landscape'>\n\t\t\t\t<a data-elementor-open-lightbox=\"yes\" data-elementor-lightbox-slideshow=\"f6aadf8\" data-elementor-lightbox-title=\"Weekend_house04\" data-e-action-hash=\"#elementor-action%3Aaction%3Dlightbox%26settings%3DeyJpZCI6MTY1MiwidXJsIjoiaHR0cHM6XC9cL3d3dy5hcmNocGhvdG8uY3pcL3dwLWNvbnRlbnRcL3VwbG9hZHNcLzIwMjZcLzA0XC9XZWVrZW5kX2hvdXNlMDQuanBnIiwic2xpZGVzaG93IjoiZjZhYWRmOCJ9\" href='https:\/\/www.archphoto.cz\/wp-content\/uploads\/2026\/04\/Weekend_house04.jpg'><img loading=\"lazy\" decoding=\"async\" width=\"768\" height=\"515\" src=\"https:\/\/www.archphoto.cz\/wp-content\/uploads\/2026\/04\/Weekend_house04-768x515.jpg\" class=\"attachment-medium_large size-medium_large\" alt=\"\" srcset=\"https:\/\/www.archphoto.cz\/wp-content\/uploads\/2026\/04\/Weekend_house04-768x515.jpg 768w, https:\/\/www.archphoto.cz\/wp-content\/uploads\/2026\/04\/Weekend_house04-272x182.jpg 272w, https:\/\/www.archphoto.cz\/wp-content\/uploads\/2026\/04\/Weekend_house04.jpg 1200w\" sizes=\"(max-width: 768px) 100vw, 768px\" \/><\/a>\n\t\t\t<\/dt><\/dl><br style=\"clear: both\" \/><dl class='gallery-item'>\n\t\t\t<dt class='gallery-icon landscape'>\n\t\t\t\t<a data-elementor-open-lightbox=\"yes\" data-elementor-lightbox-slideshow=\"f6aadf8\" data-elementor-lightbox-title=\"Weekend_house05\" data-e-action-hash=\"#elementor-action%3Aaction%3Dlightbox%26settings%3DeyJpZCI6MTY1MywidXJsIjoiaHR0cHM6XC9cL3d3dy5hcmNocGhvdG8uY3pcL3dwLWNvbnRlbnRcL3VwbG9hZHNcLzIwMjZcLzA0XC9XZWVrZW5kX2hvdXNlMDUuanBnIiwic2xpZGVzaG93IjoiZjZhYWRmOCJ9\" href='https:\/\/www.archphoto.cz\/wp-content\/uploads\/2026\/04\/Weekend_house05.jpg'><img loading=\"lazy\" decoding=\"async\" width=\"768\" height=\"508\" src=\"https:\/\/www.archphoto.cz\/wp-content\/uploads\/2026\/04\/Weekend_house05-768x508.jpg\" class=\"attachment-medium_large size-medium_large\" alt=\"\" srcset=\"https:\/\/www.archphoto.cz\/wp-content\/uploads\/2026\/04\/Weekend_house05-768x508.jpg 768w, https:\/\/www.archphoto.cz\/wp-content\/uploads\/2026\/04\/Weekend_house05.jpg 1200w\" sizes=\"(max-width: 768px) 100vw, 768px\" \/><\/a>\n\t\t\t<\/dt><\/dl><br style=\"clear: both\" \/><dl class='gallery-item'>\n\t\t\t<dt class='gallery-icon landscape'>\n\t\t\t\t<a data-elementor-open-lightbox=\"yes\" data-elementor-lightbox-slideshow=\"f6aadf8\" data-elementor-lightbox-title=\"Weekend_house06\" data-e-action-hash=\"#elementor-action%3Aaction%3Dlightbox%26settings%3DeyJpZCI6MTY1NCwidXJsIjoiaHR0cHM6XC9cL3d3dy5hcmNocGhvdG8uY3pcL3dwLWNvbnRlbnRcL3VwbG9hZHNcLzIwMjZcLzA0XC9XZWVrZW5kX2hvdXNlMDYuanBnIiwic2xpZGVzaG93IjoiZjZhYWRmOCJ9\" href='https:\/\/www.archphoto.cz\/wp-content\/uploads\/2026\/04\/Weekend_house06.jpg'><img loading=\"lazy\" decoding=\"async\" width=\"768\" height=\"555\" src=\"https:\/\/www.archphoto.cz\/wp-content\/uploads\/2026\/04\/Weekend_house06-768x555.jpg\" class=\"attachment-medium_large size-medium_large\" alt=\"\" srcset=\"https:\/\/www.archphoto.cz\/wp-content\/uploads\/2026\/04\/Weekend_house06-768x555.jpg 768w, https:\/\/www.archphoto.cz\/wp-content\/uploads\/2026\/04\/Weekend_house06.jpg 1200w\" sizes=\"(max-width: 768px) 100vw, 768px\" \/><\/a>\n\t\t\t<\/dt><\/dl><br style=\"clear: both\" \/><dl class='gallery-item'>\n\t\t\t<dt class='gallery-icon landscape'>\n\t\t\t\t<a data-elementor-open-lightbox=\"yes\" data-elementor-lightbox-slideshow=\"f6aadf8\" data-elementor-lightbox-title=\"Weekend_house07\" data-e-action-hash=\"#elementor-action%3Aaction%3Dlightbox%26settings%3DeyJpZCI6MTY1NSwidXJsIjoiaHR0cHM6XC9cL3d3dy5hcmNocGhvdG8uY3pcL3dwLWNvbnRlbnRcL3VwbG9hZHNcLzIwMjZcLzA0XC9XZWVrZW5kX2hvdXNlMDcuanBnIiwic2xpZGVzaG93IjoiZjZhYWRmOCJ9\" href='https:\/\/www.archphoto.cz\/wp-content\/uploads\/2026\/04\/Weekend_house07.jpg'><img loading=\"lazy\" decoding=\"async\" width=\"768\" height=\"551\" src=\"https:\/\/www.archphoto.cz\/wp-content\/uploads\/2026\/04\/Weekend_house07-768x551.jpg\" class=\"attachment-medium_large size-medium_large\" alt=\"\" srcset=\"https:\/\/www.archphoto.cz\/wp-content\/uploads\/2026\/04\/Weekend_house07-768x551.jpg 768w, https:\/\/www.archphoto.cz\/wp-content\/uploads\/2026\/04\/Weekend_house07.jpg 1200w\" sizes=\"(max-width: 768px) 100vw, 768px\" \/><\/a>\n\t\t\t<\/dt><\/dl><br style=\"clear: both\" \/><dl class='gallery-item'>\n\t\t\t<dt class='gallery-icon portrait'>\n\t\t\t\t<a data-elementor-open-lightbox=\"yes\" data-elementor-lightbox-slideshow=\"f6aadf8\" data-elementor-lightbox-title=\"Weekend_house08\" data-e-action-hash=\"#elementor-action%3Aaction%3Dlightbox%26settings%3DeyJpZCI6MTY1NiwidXJsIjoiaHR0cHM6XC9cL3d3dy5hcmNocGhvdG8uY3pcL3dwLWNvbnRlbnRcL3VwbG9hZHNcLzIwMjZcLzA0XC9XZWVrZW5kX2hvdXNlMDguanBnIiwic2xpZGVzaG93IjoiZjZhYWRmOCJ9\" href='https:\/\/www.archphoto.cz\/wp-content\/uploads\/2026\/04\/Weekend_house08.jpg'><img loading=\"lazy\" decoding=\"async\" width=\"768\" height=\"1132\" src=\"https:\/\/www.archphoto.cz\/wp-content\/uploads\/2026\/04\/Weekend_house08-768x1132.jpg\" class=\"attachment-medium_large size-medium_large\" alt=\"\" srcset=\"https:\/\/www.archphoto.cz\/wp-content\/uploads\/2026\/04\/Weekend_house08-768x1132.jpg 768w, https:\/\/www.archphoto.cz\/wp-content\/uploads\/2026\/04\/Weekend_house08.jpg 814w\" sizes=\"(max-width: 768px) 100vw, 768px\" \/><\/a>\n\t\t\t<\/dt><\/dl><br style=\"clear: both\" \/><dl class='gallery-item'>\n\t\t\t<dt class='gallery-icon portrait'>\n\t\t\t\t<a data-elementor-open-lightbox=\"yes\" data-elementor-lightbox-slideshow=\"f6aadf8\" data-elementor-lightbox-title=\"Weekend_house09\" data-e-action-hash=\"#elementor-action%3Aaction%3Dlightbox%26settings%3DeyJpZCI6MTY1NywidXJsIjoiaHR0cHM6XC9cL3d3dy5hcmNocGhvdG8uY3pcL3dwLWNvbnRlbnRcL3VwbG9hZHNcLzIwMjZcLzA0XC9XZWVrZW5kX2hvdXNlMDkuanBnIiwic2xpZGVzaG93IjoiZjZhYWRmOCJ9\" href='https:\/\/www.archphoto.cz\/wp-content\/uploads\/2026\/04\/Weekend_house09.jpg'><img loading=\"lazy\" decoding=\"async\" width=\"768\" height=\"1152\" src=\"https:\/\/www.archphoto.cz\/wp-content\/uploads\/2026\/04\/Weekend_house09-768x1152.jpg\" class=\"attachment-medium_large size-medium_large\" alt=\"\" srcset=\"https:\/\/www.archphoto.cz\/wp-content\/uploads\/2026\/04\/Weekend_house09-768x1152.jpg 768w, https:\/\/www.archphoto.cz\/wp-content\/uploads\/2026\/04\/Weekend_house09.jpg 800w\" sizes=\"(max-width: 768px) 100vw, 768px\" \/><\/a>\n\t\t\t<\/dt><\/dl><br style=\"clear: both\" \/><dl class='gallery-item'>\n\t\t\t<dt class='gallery-icon portrait'>\n\t\t\t\t<a data-elementor-open-lightbox=\"yes\" data-elementor-lightbox-slideshow=\"f6aadf8\" data-elementor-lightbox-title=\"Weekend_house10\" data-e-action-hash=\"#elementor-action%3Aaction%3Dlightbox%26settings%3DeyJpZCI6MTY1OCwidXJsIjoiaHR0cHM6XC9cL3d3dy5hcmNocGhvdG8uY3pcL3dwLWNvbnRlbnRcL3VwbG9hZHNcLzIwMjZcLzA0XC9XZWVrZW5kX2hvdXNlMTAuanBnIiwic2xpZGVzaG93IjoiZjZhYWRmOCJ9\" href='https:\/\/www.archphoto.cz\/wp-content\/uploads\/2026\/04\/Weekend_house10.jpg'><img loading=\"lazy\" decoding=\"async\" width=\"768\" height=\"1142\" src=\"https:\/\/www.archphoto.cz\/wp-content\/uploads\/2026\/04\/Weekend_house10-768x1142.jpg\" class=\"attachment-medium_large size-medium_large\" alt=\"\" srcset=\"https:\/\/www.archphoto.cz\/wp-content\/uploads\/2026\/04\/Weekend_house10-768x1142.jpg 768w, https:\/\/www.archphoto.cz\/wp-content\/uploads\/2026\/04\/Weekend_house10.jpg 807w\" sizes=\"(max-width: 768px) 100vw, 768px\" \/><\/a>\n\t\t\t<\/dt><\/dl><br style=\"clear: both\" \/><dl class='gallery-item'>\n\t\t\t<dt class='gallery-icon landscape'>\n\t\t\t\t<a data-elementor-open-lightbox=\"yes\" data-elementor-lightbox-slideshow=\"f6aadf8\" data-elementor-lightbox-title=\"Weekend_house11\" data-e-action-hash=\"#elementor-action%3Aaction%3Dlightbox%26settings%3DeyJpZCI6MTY1OSwidXJsIjoiaHR0cHM6XC9cL3d3dy5hcmNocGhvdG8uY3pcL3dwLWNvbnRlbnRcL3VwbG9hZHNcLzIwMjZcLzA0XC9XZWVrZW5kX2hvdXNlMTEuanBnIiwic2xpZGVzaG93IjoiZjZhYWRmOCJ9\" href='https:\/\/www.archphoto.cz\/wp-content\/uploads\/2026\/04\/Weekend_house11.jpg'><img loading=\"lazy\" decoding=\"async\" width=\"768\" height=\"511\" src=\"https:\/\/www.archphoto.cz\/wp-content\/uploads\/2026\/04\/Weekend_house11-768x511.jpg\" class=\"attachment-medium_large size-medium_large\" alt=\"\" srcset=\"https:\/\/www.archphoto.cz\/wp-content\/uploads\/2026\/04\/Weekend_house11-768x511.jpg 768w, https:\/\/www.archphoto.cz\/wp-content\/uploads\/2026\/04\/Weekend_house11-272x182.jpg 272w, https:\/\/www.archphoto.cz\/wp-content\/uploads\/2026\/04\/Weekend_house11.jpg 1200w\" sizes=\"(max-width: 768px) 100vw, 768px\" \/><\/a>\n\t\t\t<\/dt><\/dl><br style=\"clear: both\" \/><dl class='gallery-item'>\n\t\t\t<dt class='gallery-icon landscape'>\n\t\t\t\t<a data-elementor-open-lightbox=\"yes\" data-elementor-lightbox-slideshow=\"f6aadf8\" data-elementor-lightbox-title=\"Weekend_house12\" data-e-action-hash=\"#elementor-action%3Aaction%3Dlightbox%26settings%3DeyJpZCI6MTY2MCwidXJsIjoiaHR0cHM6XC9cL3d3dy5hcmNocGhvdG8uY3pcL3dwLWNvbnRlbnRcL3VwbG9hZHNcLzIwMjZcLzA0XC9XZWVrZW5kX2hvdXNlMTIuanBnIiwic2xpZGVzaG93IjoiZjZhYWRmOCJ9\" href='https:\/\/www.archphoto.cz\/wp-content\/uploads\/2026\/04\/Weekend_house12.jpg'><img loading=\"lazy\" decoding=\"async\" width=\"768\" height=\"517\" src=\"https:\/\/www.archphoto.cz\/wp-content\/uploads\/2026\/04\/Weekend_house12-768x517.jpg\" class=\"attachment-medium_large size-medium_large\" alt=\"\" srcset=\"https:\/\/www.archphoto.cz\/wp-content\/uploads\/2026\/04\/Weekend_house12-768x517.jpg 768w, https:\/\/www.archphoto.cz\/wp-content\/uploads\/2026\/04\/Weekend_house12-272x182.jpg 272w, https:\/\/www.archphoto.cz\/wp-content\/uploads\/2026\/04\/Weekend_house12.jpg 1200w\" sizes=\"(max-width: 768px) 100vw, 768px\" \/><\/a>\n\t\t\t<\/dt><\/dl><br style=\"clear: both\" \/><dl class='gallery-item'>\n\t\t\t<dt class='gallery-icon portrait'>\n\t\t\t\t<a data-elementor-open-lightbox=\"yes\" data-elementor-lightbox-slideshow=\"f6aadf8\" data-elementor-lightbox-title=\"Weekend_house13\" data-e-action-hash=\"#elementor-action%3Aaction%3Dlightbox%26settings%3DeyJpZCI6MTY2MSwidXJsIjoiaHR0cHM6XC9cL3d3dy5hcmNocGhvdG8uY3pcL3dwLWNvbnRlbnRcL3VwbG9hZHNcLzIwMjZcLzA0XC9XZWVrZW5kX2hvdXNlMTMuanBnIiwic2xpZGVzaG93IjoiZjZhYWRmOCJ9\" href='https:\/\/www.archphoto.cz\/wp-content\/uploads\/2026\/04\/Weekend_house13.jpg'><img loading=\"lazy\" decoding=\"async\" width=\"768\" height=\"965\" src=\"https:\/\/www.archphoto.cz\/wp-content\/uploads\/2026\/04\/Weekend_house13-768x965.jpg\" class=\"attachment-medium_large size-medium_large\" alt=\"\" srcset=\"https:\/\/www.archphoto.cz\/wp-content\/uploads\/2026\/04\/Weekend_house13-768x965.jpg 768w, https:\/\/www.archphoto.cz\/wp-content\/uploads\/2026\/04\/Weekend_house13.jpg 955w\" sizes=\"(max-width: 768px) 100vw, 768px\" \/><\/a>\n\t\t\t<\/dt><\/dl><br style=\"clear: both\" \/>\n\t\t<\/div>\n\t\t<\/div>\n\t\t\t\t\t\t<\/div>\n\t\t\t\t\t<\/div>\n\t\t\t\t<\/div>\n\t\t\t\t<\/div>\n\t\t","protected":false},"excerpt":{"rendered":"<p>di5 Architekti in\u017een\u00fd\u0159i s.r.o. v\u00edkendov\u00fd d\u016fm Lou\u0148ovice<\/p>\n","protected":false},"author":1,"featured_media":0,"parent":0,"menu_order":0,"comment_status":"closed","ping_status":"closed","template":"","meta":{"footnotes":""},"class_list":["post-1638","page","type-page","status-publish","hentry"],"_links":{"self":[{"href":"https:\/\/www.archphoto.cz\/index.php?rest_route=\/wp\/v2\/pages\/1638","targetHints":{"allow":["GET"]}}],"collection":[{"href":"https:\/\/www.archphoto.cz\/index.php?rest_route=\/wp\/v2\/pages"}],"about":[{"href":"https:\/\/www.archphoto.cz\/index.php?rest_route=\/wp\/v2\/types\/page"}],"author":[{"embeddable":true,"href":"https:\/\/www.archphoto.cz\/index.php?rest_route=\/wp\/v2\/users\/1"}],"replies":[{"embeddable":true,"href":"https:\/\/www.archphoto.cz\/index.php?rest_route=%2Fwp%2Fv2%2Fcomments&post=1638"}],"version-history":[{"count":12,"href":"https:\/\/www.archphoto.cz\/index.php?rest_route=\/wp\/v2\/pages\/1638\/revisions"}],"predecessor-version":[{"id":2053,"href":"https:\/\/www.archphoto.cz\/index.php?rest_route=\/wp\/v2\/pages\/1638\/revisions\/2053"}],"wp:attachment":[{"href":"https:\/\/www.archphoto.cz\/index.php?rest_route=%2Fwp%2Fv2%2Fmedia&parent=1638"}],"curies":[{"name":"wp","href":"https:\/\/api.w.org\/{rel}","templated":true}]}}