{"id":1568,"date":"2026-04-12T15:33:39","date_gmt":"2026-04-12T13:33:39","guid":{"rendered":"https:\/\/www.archphoto.cz\/?page_id=1568"},"modified":"2026-04-12T18:21:02","modified_gmt":"2026-04-12T16:21:02","slug":"10-dobrichovice","status":"publish","type":"page","link":"https:\/\/www.archphoto.cz\/?page_id=1568","title":{"rendered":"10 Dob\u0159ichovice"},"content":{"rendered":"\t\t<div data-elementor-type=\"wp-page\" data-elementor-id=\"1568\" class=\"elementor elementor-1568\">\n\t\t\t\t<div class=\"elementor-element elementor-element-6da49bd e-flex e-con-boxed e-con e-parent\" data-id=\"6da49bd\" data-element_type=\"container\">\n\t\t\t\t\t<div class=\"e-con-inner\">\n\t\t\t\t<div class=\"elementor-element elementor-element-a40c43d elementor-widget elementor-widget-spacer\" data-id=\"a40c43d\" data-element_type=\"widget\" data-widget_type=\"spacer.default\">\n\t\t\t\t\t\t\t<div class=\"elementor-spacer\">\n\t\t\t<div class=\"elementor-spacer-inner\"><\/div>\n\t\t<\/div>\n\t\t\t\t\t\t<\/div>\n\t\t\t\t\t<\/div>\n\t\t\t\t<\/div>\n\t\t<div class=\"elementor-element elementor-element-d1f07c1 e-flex e-con-boxed e-con e-parent\" data-id=\"d1f07c1\" data-element_type=\"container\">\n\t\t\t\t\t<div class=\"e-con-inner\">\n\t\t\t\t<div class=\"elementor-element elementor-element-49f653f elementor-widget elementor-widget-text-editor\" data-id=\"49f653f\" data-element_type=\"widget\" data-widget_type=\"text-editor.default\">\n\t\t\t\t\t\t\t\t\t<p style=\"text-align: left;\">Ing.arch. Jakub Fi\u0161er,\u00a0 Ing.arch. Petra Skalick\u00e1<\/p><p style=\"text-align: left;\">Rodinn\u00fd d\u016fm pobl\u00ed\u017e Berounky<\/p>\t\t\t\t\t\t\t\t<\/div>\n\t\t\t\t\t<\/div>\n\t\t\t\t<\/div>\n\t\t<div class=\"elementor-element elementor-element-bc77c80 e-flex e-con-boxed e-con e-parent\" data-id=\"bc77c80\" data-element_type=\"container\">\n\t\t\t\t\t<div class=\"e-con-inner\">\n\t\t\t\t<div class=\"elementor-element elementor-element-bd952b0 elementor-widget elementor-widget-image-gallery\" data-id=\"bd952b0\" data-element_type=\"widget\" data-widget_type=\"image-gallery.default\">\n\t\t\t\t\t\t\t<div class=\"elementor-image-gallery\">\n\t\t\t\n\t\t<style type=\"text\/css\">\n\t\t\t#gallery-1 {\n\t\t\t\tmargin: auto;\n\t\t\t}\n\t\t\t#gallery-1 .gallery-item {\n\t\t\t\tfloat: left;\n\t\t\t\tmargin-top: 10px;\n\t\t\t\ttext-align: center;\n\t\t\t\twidth: 100%;\n\t\t\t}\n\t\t\t#gallery-1 img {\n\t\t\t\tborder: 2px solid #cfcfcf;\n\t\t\t}\n\t\t\t#gallery-1 .gallery-caption {\n\t\t\t\tmargin-left: 0;\n\t\t\t}\n\t\t\t\/* see gallery_shortcode() in wp-includes\/media.php *\/\n\t\t<\/style>\n\t\t<div id='gallery-1' class='gallery galleryid-1568 gallery-columns-1 gallery-size-medium_large'><dl class='gallery-item'>\n\t\t\t<dt class='gallery-icon landscape'>\n\t\t\t\t<a data-elementor-open-lightbox=\"yes\" data-elementor-lightbox-slideshow=\"bd952b0\" data-elementor-lightbox-title=\"Family_house01\" data-e-action-hash=\"#elementor-action%3Aaction%3Dlightbox%26settings%3DeyJpZCI6MTU3NSwidXJsIjoiaHR0cHM6XC9cL3d3dy5hcmNocGhvdG8uY3pcL3dwLWNvbnRlbnRcL3VwbG9hZHNcLzIwMjZcLzA0XC9GYW1pbHlfaG91c2UwMS5qcGciLCJzbGlkZXNob3ciOiJiZDk1MmIwIn0%3D\" href='https:\/\/www.archphoto.cz\/wp-content\/uploads\/2026\/04\/Family_house01.jpg'><img fetchpriority=\"high\" decoding=\"async\" width=\"768\" height=\"513\" src=\"https:\/\/www.archphoto.cz\/wp-content\/uploads\/2026\/04\/Family_house01-768x513.jpg\" class=\"attachment-medium_large size-medium_large\" alt=\"\" srcset=\"https:\/\/www.archphoto.cz\/wp-content\/uploads\/2026\/04\/Family_house01-768x513.jpg 768w, https:\/\/www.archphoto.cz\/wp-content\/uploads\/2026\/04\/Family_house01-272x182.jpg 272w, https:\/\/www.archphoto.cz\/wp-content\/uploads\/2026\/04\/Family_house01.jpg 1200w\" sizes=\"(max-width: 768px) 100vw, 768px\" \/><\/a>\n\t\t\t<\/dt><\/dl><br style=\"clear: both\" \/><dl class='gallery-item'>\n\t\t\t<dt class='gallery-icon portrait'>\n\t\t\t\t<a data-elementor-open-lightbox=\"yes\" data-elementor-lightbox-slideshow=\"bd952b0\" data-elementor-lightbox-title=\"Family_house02\" data-e-action-hash=\"#elementor-action%3Aaction%3Dlightbox%26settings%3DeyJpZCI6MTU3NiwidXJsIjoiaHR0cHM6XC9cL3d3dy5hcmNocGhvdG8uY3pcL3dwLWNvbnRlbnRcL3VwbG9hZHNcLzIwMjZcLzA0XC9GYW1pbHlfaG91c2UwMi5qcGciLCJzbGlkZXNob3ciOiJiZDk1MmIwIn0%3D\" href='https:\/\/www.archphoto.cz\/wp-content\/uploads\/2026\/04\/Family_house02.jpg'><img decoding=\"async\" width=\"768\" height=\"1124\" src=\"https:\/\/www.archphoto.cz\/wp-content\/uploads\/2026\/04\/Family_house02-768x1124.jpg\" class=\"attachment-medium_large size-medium_large\" alt=\"\" srcset=\"https:\/\/www.archphoto.cz\/wp-content\/uploads\/2026\/04\/Family_house02-768x1124.jpg 768w, https:\/\/www.archphoto.cz\/wp-content\/uploads\/2026\/04\/Family_house02.jpg 820w\" sizes=\"(max-width: 768px) 100vw, 768px\" \/><\/a>\n\t\t\t<\/dt><\/dl><br style=\"clear: both\" \/><dl class='gallery-item'>\n\t\t\t<dt class='gallery-icon landscape'>\n\t\t\t\t<a data-elementor-open-lightbox=\"yes\" data-elementor-lightbox-slideshow=\"bd952b0\" data-elementor-lightbox-title=\"Family_house03\" data-e-action-hash=\"#elementor-action%3Aaction%3Dlightbox%26settings%3DeyJpZCI6MTU3NywidXJsIjoiaHR0cHM6XC9cL3d3dy5hcmNocGhvdG8uY3pcL3dwLWNvbnRlbnRcL3VwbG9hZHNcLzIwMjZcLzA0XC9GYW1pbHlfaG91c2UwMy5qcGciLCJzbGlkZXNob3ciOiJiZDk1MmIwIn0%3D\" href='https:\/\/www.archphoto.cz\/wp-content\/uploads\/2026\/04\/Family_house03.jpg'><img decoding=\"async\" width=\"768\" height=\"513\" src=\"https:\/\/www.archphoto.cz\/wp-content\/uploads\/2026\/04\/Family_house03-768x513.jpg\" class=\"attachment-medium_large size-medium_large\" alt=\"\" srcset=\"https:\/\/www.archphoto.cz\/wp-content\/uploads\/2026\/04\/Family_house03-768x513.jpg 768w, https:\/\/www.archphoto.cz\/wp-content\/uploads\/2026\/04\/Family_house03-272x182.jpg 272w, https:\/\/www.archphoto.cz\/wp-content\/uploads\/2026\/04\/Family_house03.jpg 1200w\" sizes=\"(max-width: 768px) 100vw, 768px\" \/><\/a>\n\t\t\t<\/dt><\/dl><br style=\"clear: both\" \/><dl class='gallery-item'>\n\t\t\t<dt class='gallery-icon portrait'>\n\t\t\t\t<a data-elementor-open-lightbox=\"yes\" data-elementor-lightbox-slideshow=\"bd952b0\" data-elementor-lightbox-title=\"Family_house04\" data-e-action-hash=\"#elementor-action%3Aaction%3Dlightbox%26settings%3DeyJpZCI6MTU3OCwidXJsIjoiaHR0cHM6XC9cL3d3dy5hcmNocGhvdG8uY3pcL3dwLWNvbnRlbnRcL3VwbG9hZHNcLzIwMjZcLzA0XC9GYW1pbHlfaG91c2UwNC5qcGciLCJzbGlkZXNob3ciOiJiZDk1MmIwIn0%3D\" href='https:\/\/www.archphoto.cz\/wp-content\/uploads\/2026\/04\/Family_house04.jpg'><img loading=\"lazy\" decoding=\"async\" width=\"768\" height=\"1149\" src=\"https:\/\/www.archphoto.cz\/wp-content\/uploads\/2026\/04\/Family_house04-768x1149.jpg\" class=\"attachment-medium_large size-medium_large\" alt=\"\" srcset=\"https:\/\/www.archphoto.cz\/wp-content\/uploads\/2026\/04\/Family_house04-768x1149.jpg 768w, https:\/\/www.archphoto.cz\/wp-content\/uploads\/2026\/04\/Family_house04.jpg 802w\" sizes=\"(max-width: 768px) 100vw, 768px\" \/><\/a>\n\t\t\t<\/dt><\/dl><br style=\"clear: both\" \/><dl class='gallery-item'>\n\t\t\t<dt class='gallery-icon landscape'>\n\t\t\t\t<a data-elementor-open-lightbox=\"yes\" data-elementor-lightbox-slideshow=\"bd952b0\" data-elementor-lightbox-title=\"Family_house05\" data-e-action-hash=\"#elementor-action%3Aaction%3Dlightbox%26settings%3DeyJpZCI6MTU3OSwidXJsIjoiaHR0cHM6XC9cL3d3dy5hcmNocGhvdG8uY3pcL3dwLWNvbnRlbnRcL3VwbG9hZHNcLzIwMjZcLzA0XC9GYW1pbHlfaG91c2UwNS5qcGciLCJzbGlkZXNob3ciOiJiZDk1MmIwIn0%3D\" href='https:\/\/www.archphoto.cz\/wp-content\/uploads\/2026\/04\/Family_house05.jpg'><img loading=\"lazy\" decoding=\"async\" width=\"768\" height=\"513\" src=\"https:\/\/www.archphoto.cz\/wp-content\/uploads\/2026\/04\/Family_house05-768x513.jpg\" class=\"attachment-medium_large size-medium_large\" alt=\"\" srcset=\"https:\/\/www.archphoto.cz\/wp-content\/uploads\/2026\/04\/Family_house05-768x513.jpg 768w, https:\/\/www.archphoto.cz\/wp-content\/uploads\/2026\/04\/Family_house05-272x182.jpg 272w, https:\/\/www.archphoto.cz\/wp-content\/uploads\/2026\/04\/Family_house05.jpg 1200w\" sizes=\"(max-width: 768px) 100vw, 768px\" \/><\/a>\n\t\t\t<\/dt><\/dl><br style=\"clear: both\" \/><dl class='gallery-item'>\n\t\t\t<dt class='gallery-icon portrait'>\n\t\t\t\t<a data-elementor-open-lightbox=\"yes\" data-elementor-lightbox-slideshow=\"bd952b0\" data-elementor-lightbox-title=\"Family_house06\" data-e-action-hash=\"#elementor-action%3Aaction%3Dlightbox%26settings%3DeyJpZCI6MTU4MCwidXJsIjoiaHR0cHM6XC9cL3d3dy5hcmNocGhvdG8uY3pcL3dwLWNvbnRlbnRcL3VwbG9hZHNcLzIwMjZcLzA0XC9GYW1pbHlfaG91c2UwNi5qcGciLCJzbGlkZXNob3ciOiJiZDk1MmIwIn0%3D\" href='https:\/\/www.archphoto.cz\/wp-content\/uploads\/2026\/04\/Family_house06.jpg'><img loading=\"lazy\" decoding=\"async\" width=\"768\" height=\"1151\" src=\"https:\/\/www.archphoto.cz\/wp-content\/uploads\/2026\/04\/Family_house06-768x1151.jpg\" class=\"attachment-medium_large size-medium_large\" alt=\"\" srcset=\"https:\/\/www.archphoto.cz\/wp-content\/uploads\/2026\/04\/Family_house06-768x1151.jpg 768w, https:\/\/www.archphoto.cz\/wp-content\/uploads\/2026\/04\/Family_house06.jpg 801w\" sizes=\"(max-width: 768px) 100vw, 768px\" \/><\/a>\n\t\t\t<\/dt><\/dl><br style=\"clear: both\" \/><dl class='gallery-item'>\n\t\t\t<dt class='gallery-icon portrait'>\n\t\t\t\t<a data-elementor-open-lightbox=\"yes\" data-elementor-lightbox-slideshow=\"bd952b0\" data-elementor-lightbox-title=\"Family_house07\" data-e-action-hash=\"#elementor-action%3Aaction%3Dlightbox%26settings%3DeyJpZCI6MTU4MSwidXJsIjoiaHR0cHM6XC9cL3d3dy5hcmNocGhvdG8uY3pcL3dwLWNvbnRlbnRcL3VwbG9hZHNcLzIwMjZcLzA0XC9GYW1pbHlfaG91c2UwNy5qcGciLCJzbGlkZXNob3ciOiJiZDk1MmIwIn0%3D\" href='https:\/\/www.archphoto.cz\/wp-content\/uploads\/2026\/04\/Family_house07.jpg'><img loading=\"lazy\" decoding=\"async\" width=\"768\" height=\"1177\" src=\"https:\/\/www.archphoto.cz\/wp-content\/uploads\/2026\/04\/Family_house07-768x1177.jpg\" class=\"attachment-medium_large size-medium_large\" alt=\"\" srcset=\"https:\/\/www.archphoto.cz\/wp-content\/uploads\/2026\/04\/Family_house07-768x1177.jpg 768w, https:\/\/www.archphoto.cz\/wp-content\/uploads\/2026\/04\/Family_house07.jpg 783w\" sizes=\"(max-width: 768px) 100vw, 768px\" \/><\/a>\n\t\t\t<\/dt><\/dl><br style=\"clear: both\" \/><dl class='gallery-item'>\n\t\t\t<dt class='gallery-icon portrait'>\n\t\t\t\t<a data-elementor-open-lightbox=\"yes\" data-elementor-lightbox-slideshow=\"bd952b0\" data-elementor-lightbox-title=\"Family_house08\" data-e-action-hash=\"#elementor-action%3Aaction%3Dlightbox%26settings%3DeyJpZCI6MTU4MiwidXJsIjoiaHR0cHM6XC9cL3d3dy5hcmNocGhvdG8uY3pcL3dwLWNvbnRlbnRcL3VwbG9hZHNcLzIwMjZcLzA0XC9GYW1pbHlfaG91c2UwOC5qcGciLCJzbGlkZXNob3ciOiJiZDk1MmIwIn0%3D\" href='https:\/\/www.archphoto.cz\/wp-content\/uploads\/2026\/04\/Family_house08.jpg'><img loading=\"lazy\" decoding=\"async\" width=\"768\" height=\"1177\" src=\"https:\/\/www.archphoto.cz\/wp-content\/uploads\/2026\/04\/Family_house08-768x1177.jpg\" class=\"attachment-medium_large size-medium_large\" alt=\"\" srcset=\"https:\/\/www.archphoto.cz\/wp-content\/uploads\/2026\/04\/Family_house08-768x1177.jpg 768w, https:\/\/www.archphoto.cz\/wp-content\/uploads\/2026\/04\/Family_house08.jpg 783w\" sizes=\"(max-width: 768px) 100vw, 768px\" \/><\/a>\n\t\t\t<\/dt><\/dl><br style=\"clear: both\" \/><dl class='gallery-item'>\n\t\t\t<dt class='gallery-icon landscape'>\n\t\t\t\t<a data-elementor-open-lightbox=\"yes\" data-elementor-lightbox-slideshow=\"bd952b0\" data-elementor-lightbox-title=\"Family_house09\" data-e-action-hash=\"#elementor-action%3Aaction%3Dlightbox%26settings%3DeyJpZCI6MTU4MywidXJsIjoiaHR0cHM6XC9cL3d3dy5hcmNocGhvdG8uY3pcL3dwLWNvbnRlbnRcL3VwbG9hZHNcLzIwMjZcLzA0XC9GYW1pbHlfaG91c2UwOS5qcGciLCJzbGlkZXNob3ciOiJiZDk1MmIwIn0%3D\" href='https:\/\/www.archphoto.cz\/wp-content\/uploads\/2026\/04\/Family_house09.jpg'><img loading=\"lazy\" decoding=\"async\" width=\"768\" height=\"513\" src=\"https:\/\/www.archphoto.cz\/wp-content\/uploads\/2026\/04\/Family_house09-768x513.jpg\" class=\"attachment-medium_large size-medium_large\" alt=\"\" srcset=\"https:\/\/www.archphoto.cz\/wp-content\/uploads\/2026\/04\/Family_house09-768x513.jpg 768w, https:\/\/www.archphoto.cz\/wp-content\/uploads\/2026\/04\/Family_house09-272x182.jpg 272w, https:\/\/www.archphoto.cz\/wp-content\/uploads\/2026\/04\/Family_house09.jpg 1200w\" sizes=\"(max-width: 768px) 100vw, 768px\" \/><\/a>\n\t\t\t<\/dt><\/dl><br style=\"clear: both\" \/><dl class='gallery-item'>\n\t\t\t<dt class='gallery-icon portrait'>\n\t\t\t\t<a data-elementor-open-lightbox=\"yes\" data-elementor-lightbox-slideshow=\"bd952b0\" data-elementor-lightbox-title=\"Family_house10\" data-e-action-hash=\"#elementor-action%3Aaction%3Dlightbox%26settings%3DeyJpZCI6MTU4NCwidXJsIjoiaHR0cHM6XC9cL3d3dy5hcmNocGhvdG8uY3pcL3dwLWNvbnRlbnRcL3VwbG9hZHNcLzIwMjZcLzA0XC9GYW1pbHlfaG91c2UxMC5qcGciLCJzbGlkZXNob3ciOiJiZDk1MmIwIn0%3D\" href='https:\/\/www.archphoto.cz\/wp-content\/uploads\/2026\/04\/Family_house10.jpg'><img loading=\"lazy\" decoding=\"async\" width=\"768\" height=\"1179\" src=\"https:\/\/www.archphoto.cz\/wp-content\/uploads\/2026\/04\/Family_house10-768x1179.jpg\" class=\"attachment-medium_large size-medium_large\" alt=\"\" srcset=\"https:\/\/www.archphoto.cz\/wp-content\/uploads\/2026\/04\/Family_house10-768x1179.jpg 768w, https:\/\/www.archphoto.cz\/wp-content\/uploads\/2026\/04\/Family_house10.jpg 782w\" sizes=\"(max-width: 768px) 100vw, 768px\" \/><\/a>\n\t\t\t<\/dt><\/dl><br style=\"clear: both\" \/><dl class='gallery-item'>\n\t\t\t<dt class='gallery-icon portrait'>\n\t\t\t\t<a data-elementor-open-lightbox=\"yes\" data-elementor-lightbox-slideshow=\"bd952b0\" data-elementor-lightbox-title=\"Family_house11\" data-e-action-hash=\"#elementor-action%3Aaction%3Dlightbox%26settings%3DeyJpZCI6MTU4NSwidXJsIjoiaHR0cHM6XC9cL3d3dy5hcmNocGhvdG8uY3pcL3dwLWNvbnRlbnRcL3VwbG9hZHNcLzIwMjZcLzA0XC9GYW1pbHlfaG91c2UxMS5qcGciLCJzbGlkZXNob3ciOiJiZDk1MmIwIn0%3D\" href='https:\/\/www.archphoto.cz\/wp-content\/uploads\/2026\/04\/Family_house11.jpg'><img loading=\"lazy\" decoding=\"async\" width=\"768\" height=\"1159\" src=\"https:\/\/www.archphoto.cz\/wp-content\/uploads\/2026\/04\/Family_house11-768x1159.jpg\" class=\"attachment-medium_large size-medium_large\" alt=\"\" srcset=\"https:\/\/www.archphoto.cz\/wp-content\/uploads\/2026\/04\/Family_house11-768x1159.jpg 768w, https:\/\/www.archphoto.cz\/wp-content\/uploads\/2026\/04\/Family_house11.jpg 795w\" sizes=\"(max-width: 768px) 100vw, 768px\" \/><\/a>\n\t\t\t<\/dt><\/dl><br style=\"clear: both\" \/><dl class='gallery-item'>\n\t\t\t<dt class='gallery-icon portrait'>\n\t\t\t\t<a data-elementor-open-lightbox=\"yes\" data-elementor-lightbox-slideshow=\"bd952b0\" data-elementor-lightbox-title=\"Family_house12\" data-e-action-hash=\"#elementor-action%3Aaction%3Dlightbox%26settings%3DeyJpZCI6MTU4NiwidXJsIjoiaHR0cHM6XC9cL3d3dy5hcmNocGhvdG8uY3pcL3dwLWNvbnRlbnRcL3VwbG9hZHNcLzIwMjZcLzA0XC9GYW1pbHlfaG91c2UxMi5qcGciLCJzbGlkZXNob3ciOiJiZDk1MmIwIn0%3D\" href='https:\/\/www.archphoto.cz\/wp-content\/uploads\/2026\/04\/Family_house12.jpg'><img loading=\"lazy\" decoding=\"async\" width=\"768\" height=\"1162\" src=\"https:\/\/www.archphoto.cz\/wp-content\/uploads\/2026\/04\/Family_house12-768x1162.jpg\" class=\"attachment-medium_large size-medium_large\" alt=\"\" srcset=\"https:\/\/www.archphoto.cz\/wp-content\/uploads\/2026\/04\/Family_house12-768x1162.jpg 768w, https:\/\/www.archphoto.cz\/wp-content\/uploads\/2026\/04\/Family_house12.jpg 793w\" sizes=\"(max-width: 768px) 100vw, 768px\" \/><\/a>\n\t\t\t<\/dt><\/dl><br style=\"clear: both\" \/><dl class='gallery-item'>\n\t\t\t<dt class='gallery-icon portrait'>\n\t\t\t\t<a data-elementor-open-lightbox=\"yes\" data-elementor-lightbox-slideshow=\"bd952b0\" data-elementor-lightbox-title=\"Family_house13\" data-e-action-hash=\"#elementor-action%3Aaction%3Dlightbox%26settings%3DeyJpZCI6MTU4NywidXJsIjoiaHR0cHM6XC9cL3d3dy5hcmNocGhvdG8uY3pcL3dwLWNvbnRlbnRcL3VwbG9hZHNcLzIwMjZcLzA0XC9GYW1pbHlfaG91c2UxMy5qcGciLCJzbGlkZXNob3ciOiJiZDk1MmIwIn0%3D\" href='https:\/\/www.archphoto.cz\/wp-content\/uploads\/2026\/04\/Family_house13.jpg'><img loading=\"lazy\" decoding=\"async\" width=\"768\" height=\"1156\" src=\"https:\/\/www.archphoto.cz\/wp-content\/uploads\/2026\/04\/Family_house13-768x1156.jpg\" class=\"attachment-medium_large size-medium_large\" alt=\"\" srcset=\"https:\/\/www.archphoto.cz\/wp-content\/uploads\/2026\/04\/Family_house13-768x1156.jpg 768w, https:\/\/www.archphoto.cz\/wp-content\/uploads\/2026\/04\/Family_house13.jpg 797w\" sizes=\"(max-width: 768px) 100vw, 768px\" \/><\/a>\n\t\t\t<\/dt><\/dl><br style=\"clear: both\" \/><dl class='gallery-item'>\n\t\t\t<dt class='gallery-icon portrait'>\n\t\t\t\t<a data-elementor-open-lightbox=\"yes\" data-elementor-lightbox-slideshow=\"bd952b0\" data-elementor-lightbox-title=\"Family_house14\" data-e-action-hash=\"#elementor-action%3Aaction%3Dlightbox%26settings%3DeyJpZCI6MTU4OCwidXJsIjoiaHR0cHM6XC9cL3d3dy5hcmNocGhvdG8uY3pcL3dwLWNvbnRlbnRcL3VwbG9hZHNcLzIwMjZcLzA0XC9GYW1pbHlfaG91c2UxNC5qcGciLCJzbGlkZXNob3ciOiJiZDk1MmIwIn0%3D\" href='https:\/\/www.archphoto.cz\/wp-content\/uploads\/2026\/04\/Family_house14.jpg'><img loading=\"lazy\" decoding=\"async\" width=\"768\" height=\"1159\" src=\"https:\/\/www.archphoto.cz\/wp-content\/uploads\/2026\/04\/Family_house14-768x1159.jpg\" class=\"attachment-medium_large size-medium_large\" alt=\"\" srcset=\"https:\/\/www.archphoto.cz\/wp-content\/uploads\/2026\/04\/Family_house14-768x1159.jpg 768w, https:\/\/www.archphoto.cz\/wp-content\/uploads\/2026\/04\/Family_house14.jpg 795w\" sizes=\"(max-width: 768px) 100vw, 768px\" \/><\/a>\n\t\t\t<\/dt><\/dl><br style=\"clear: both\" \/><dl class='gallery-item'>\n\t\t\t<dt class='gallery-icon portrait'>\n\t\t\t\t<a data-elementor-open-lightbox=\"yes\" data-elementor-lightbox-slideshow=\"bd952b0\" data-elementor-lightbox-title=\"Family_house15\" data-e-action-hash=\"#elementor-action%3Aaction%3Dlightbox%26settings%3DeyJpZCI6MTU4OSwidXJsIjoiaHR0cHM6XC9cL3d3dy5hcmNocGhvdG8uY3pcL3dwLWNvbnRlbnRcL3VwbG9hZHNcLzIwMjZcLzA0XC9GYW1pbHlfaG91c2UxNS5qcGciLCJzbGlkZXNob3ciOiJiZDk1MmIwIn0%3D\" href='https:\/\/www.archphoto.cz\/wp-content\/uploads\/2026\/04\/Family_house15.jpg'><img loading=\"lazy\" decoding=\"async\" width=\"768\" height=\"1155\" src=\"https:\/\/www.archphoto.cz\/wp-content\/uploads\/2026\/04\/Family_house15-768x1155.jpg\" class=\"attachment-medium_large size-medium_large\" alt=\"\" srcset=\"https:\/\/www.archphoto.cz\/wp-content\/uploads\/2026\/04\/Family_house15-768x1155.jpg 768w, https:\/\/www.archphoto.cz\/wp-content\/uploads\/2026\/04\/Family_house15.jpg 798w\" sizes=\"(max-width: 768px) 100vw, 768px\" \/><\/a>\n\t\t\t<\/dt><\/dl><br style=\"clear: both\" \/><dl class='gallery-item'>\n\t\t\t<dt class='gallery-icon portrait'>\n\t\t\t\t<a data-elementor-open-lightbox=\"yes\" data-elementor-lightbox-slideshow=\"bd952b0\" data-elementor-lightbox-title=\"Family_house16\" data-e-action-hash=\"#elementor-action%3Aaction%3Dlightbox%26settings%3DeyJpZCI6MTU5MCwidXJsIjoiaHR0cHM6XC9cL3d3dy5hcmNocGhvdG8uY3pcL3dwLWNvbnRlbnRcL3VwbG9hZHNcLzIwMjZcLzA0XC9GYW1pbHlfaG91c2UxNi5qcGciLCJzbGlkZXNob3ciOiJiZDk1MmIwIn0%3D\" href='https:\/\/www.archphoto.cz\/wp-content\/uploads\/2026\/04\/Family_house16.jpg'><img loading=\"lazy\" decoding=\"async\" width=\"768\" height=\"1164\" src=\"https:\/\/www.archphoto.cz\/wp-content\/uploads\/2026\/04\/Family_house16-768x1164.jpg\" class=\"attachment-medium_large size-medium_large\" alt=\"\" srcset=\"https:\/\/www.archphoto.cz\/wp-content\/uploads\/2026\/04\/Family_house16-768x1164.jpg 768w, https:\/\/www.archphoto.cz\/wp-content\/uploads\/2026\/04\/Family_house16.jpg 792w\" sizes=\"(max-width: 768px) 100vw, 768px\" \/><\/a>\n\t\t\t<\/dt><\/dl><br style=\"clear: both\" \/><dl class='gallery-item'>\n\t\t\t<dt class='gallery-icon portrait'>\n\t\t\t\t<a data-elementor-open-lightbox=\"yes\" data-elementor-lightbox-slideshow=\"bd952b0\" data-elementor-lightbox-title=\"Family_house17\" data-e-action-hash=\"#elementor-action%3Aaction%3Dlightbox%26settings%3DeyJpZCI6MTU5MSwidXJsIjoiaHR0cHM6XC9cL3d3dy5hcmNocGhvdG8uY3pcL3dwLWNvbnRlbnRcL3VwbG9hZHNcLzIwMjZcLzA0XC9GYW1pbHlfaG91c2UxNy5qcGciLCJzbGlkZXNob3ciOiJiZDk1MmIwIn0%3D\" href='https:\/\/www.archphoto.cz\/wp-content\/uploads\/2026\/04\/Family_house17.jpg'><img loading=\"lazy\" decoding=\"async\" width=\"768\" height=\"1155\" src=\"https:\/\/www.archphoto.cz\/wp-content\/uploads\/2026\/04\/Family_house17-768x1155.jpg\" class=\"attachment-medium_large size-medium_large\" alt=\"\" srcset=\"https:\/\/www.archphoto.cz\/wp-content\/uploads\/2026\/04\/Family_house17-768x1155.jpg 768w, https:\/\/www.archphoto.cz\/wp-content\/uploads\/2026\/04\/Family_house17.jpg 798w\" sizes=\"(max-width: 768px) 100vw, 768px\" \/><\/a>\n\t\t\t<\/dt><\/dl><br style=\"clear: both\" \/><dl class='gallery-item'>\n\t\t\t<dt class='gallery-icon landscape'>\n\t\t\t\t<a data-elementor-open-lightbox=\"yes\" data-elementor-lightbox-slideshow=\"bd952b0\" data-elementor-lightbox-title=\"Family_house18\" data-e-action-hash=\"#elementor-action%3Aaction%3Dlightbox%26settings%3DeyJpZCI6MTU5MiwidXJsIjoiaHR0cHM6XC9cL3d3dy5hcmNocGhvdG8uY3pcL3dwLWNvbnRlbnRcL3VwbG9hZHNcLzIwMjZcLzA0XC9GYW1pbHlfaG91c2UxOC5qcGciLCJzbGlkZXNob3ciOiJiZDk1MmIwIn0%3D\" href='https:\/\/www.archphoto.cz\/wp-content\/uploads\/2026\/04\/Family_house18.jpg'><img loading=\"lazy\" decoding=\"async\" width=\"768\" height=\"513\" src=\"https:\/\/www.archphoto.cz\/wp-content\/uploads\/2026\/04\/Family_house18-768x513.jpg\" class=\"attachment-medium_large size-medium_large\" alt=\"\" srcset=\"https:\/\/www.archphoto.cz\/wp-content\/uploads\/2026\/04\/Family_house18-768x513.jpg 768w, https:\/\/www.archphoto.cz\/wp-content\/uploads\/2026\/04\/Family_house18-272x182.jpg 272w, https:\/\/www.archphoto.cz\/wp-content\/uploads\/2026\/04\/Family_house18.jpg 1200w\" sizes=\"(max-width: 768px) 100vw, 768px\" \/><\/a>\n\t\t\t<\/dt><\/dl><br style=\"clear: both\" \/><dl class='gallery-item'>\n\t\t\t<dt class='gallery-icon portrait'>\n\t\t\t\t<a data-elementor-open-lightbox=\"yes\" data-elementor-lightbox-slideshow=\"bd952b0\" data-elementor-lightbox-title=\"Family_house19\" data-e-action-hash=\"#elementor-action%3Aaction%3Dlightbox%26settings%3DeyJpZCI6MTU5MywidXJsIjoiaHR0cHM6XC9cL3d3dy5hcmNocGhvdG8uY3pcL3dwLWNvbnRlbnRcL3VwbG9hZHNcLzIwMjZcLzA0XC9GYW1pbHlfaG91c2UxOS5qcGciLCJzbGlkZXNob3ciOiJiZDk1MmIwIn0%3D\" href='https:\/\/www.archphoto.cz\/wp-content\/uploads\/2026\/04\/Family_house19.jpg'><img loading=\"lazy\" decoding=\"async\" width=\"768\" height=\"1146\" src=\"https:\/\/www.archphoto.cz\/wp-content\/uploads\/2026\/04\/Family_house19-768x1146.jpg\" class=\"attachment-medium_large size-medium_large\" alt=\"\" srcset=\"https:\/\/www.archphoto.cz\/wp-content\/uploads\/2026\/04\/Family_house19-768x1146.jpg 768w, https:\/\/www.archphoto.cz\/wp-content\/uploads\/2026\/04\/Family_house19.jpg 804w\" sizes=\"(max-width: 768px) 100vw, 768px\" \/><\/a>\n\t\t\t<\/dt><\/dl><br style=\"clear: both\" \/>\n\t\t<\/div>\n\t\t<\/div>\n\t\t\t\t\t\t<\/div>\n\t\t\t\t\t<\/div>\n\t\t\t\t<\/div>\n\t\t\t\t<\/div>\n\t\t","protected":false},"excerpt":{"rendered":"<p>Ing.arch. Jakub Fi\u0161er,\u00a0 Ing.arch. Petra Skalick\u00e1 Rodinn\u00fd d\u016fm pobl\u00ed\u017e Berounky<\/p>\n","protected":false},"author":1,"featured_media":0,"parent":0,"menu_order":0,"comment_status":"closed","ping_status":"closed","template":"","meta":{"footnotes":""},"class_list":["post-1568","page","type-page","status-publish","hentry"],"_links":{"self":[{"href":"https:\/\/www.archphoto.cz\/index.php?rest_route=\/wp\/v2\/pages\/1568","targetHints":{"allow":["GET"]}}],"collection":[{"href":"https:\/\/www.archphoto.cz\/index.php?rest_route=\/wp\/v2\/pages"}],"about":[{"href":"https:\/\/www.archphoto.cz\/index.php?rest_route=\/wp\/v2\/types\/page"}],"author":[{"embeddable":true,"href":"https:\/\/www.archphoto.cz\/index.php?rest_route=\/wp\/v2\/users\/1"}],"replies":[{"embeddable":true,"href":"https:\/\/www.archphoto.cz\/index.php?rest_route=%2Fwp%2Fv2%2Fcomments&post=1568"}],"version-history":[{"count":21,"href":"https:\/\/www.archphoto.cz\/index.php?rest_route=\/wp\/v2\/pages\/1568\/revisions"}],"predecessor-version":[{"id":2011,"href":"https:\/\/www.archphoto.cz\/index.php?rest_route=\/wp\/v2\/pages\/1568\/revisions\/2011"}],"wp:attachment":[{"href":"https:\/\/www.archphoto.cz\/index.php?rest_route=%2Fwp%2Fv2%2Fmedia&parent=1568"}],"curies":[{"name":"wp","href":"https:\/\/api.w.org\/{rel}","templated":true}]}}