{"id":1464,"date":"2026-04-12T14:16:24","date_gmt":"2026-04-12T12:16:24","guid":{"rendered":"https:\/\/www.archphoto.cz\/?page_id=1464"},"modified":"2026-04-12T18:26:46","modified_gmt":"2026-04-12T16:26:46","slug":"08-labe-arena","status":"publish","type":"page","link":"https:\/\/www.archphoto.cz\/?page_id=1464","title":{"rendered":"08 Labe Ar\u00e9na"},"content":{"rendered":"\t\t<div data-elementor-type=\"wp-page\" data-elementor-id=\"1464\" class=\"elementor elementor-1464\">\n\t\t\t\t<div class=\"elementor-element elementor-element-57ea74a e-flex e-con-boxed e-con e-parent\" data-id=\"57ea74a\" data-element_type=\"container\">\n\t\t\t\t\t<div class=\"e-con-inner\">\n\t\t\t\t<div class=\"elementor-element elementor-element-e985c96 elementor-widget elementor-widget-spacer\" data-id=\"e985c96\" data-element_type=\"widget\" data-widget_type=\"spacer.default\">\n\t\t\t\t\t\t\t<div class=\"elementor-spacer\">\n\t\t\t<div class=\"elementor-spacer-inner\"><\/div>\n\t\t<\/div>\n\t\t\t\t\t\t<\/div>\n\t\t\t\t\t<\/div>\n\t\t\t\t<\/div>\n\t\t<div class=\"elementor-element elementor-element-1ebd3e6 e-flex e-con-boxed e-con e-parent\" data-id=\"1ebd3e6\" data-element_type=\"container\">\n\t\t\t\t\t<div class=\"e-con-inner\">\n\t\t\t\t<div class=\"elementor-element elementor-element-8377a96 elementor-widget elementor-widget-text-editor\" data-id=\"8377a96\" data-element_type=\"widget\" data-widget_type=\"text-editor.default\">\n\t\t\t\t\t\t\t\t\t<p style=\"text-align: left;\">\u00a0di5 architekti in\u017een\u00fd\u0159i s.r.o.<\/p><p style=\"text-align: left;\">Labe Ar\u00e9na<\/p>\t\t\t\t\t\t\t\t<\/div>\n\t\t\t\t\t<\/div>\n\t\t\t\t<\/div>\n\t\t<div class=\"elementor-element elementor-element-a5e2a3c e-flex e-con-boxed e-con e-parent\" data-id=\"a5e2a3c\" data-element_type=\"container\">\n\t\t\t\t\t<div class=\"e-con-inner\">\n\t\t\t\t<div class=\"elementor-element elementor-element-ab2aba8 elementor-widget elementor-widget-image-gallery\" data-id=\"ab2aba8\" data-element_type=\"widget\" data-widget_type=\"image-gallery.default\">\n\t\t\t\t\t\t\t<div class=\"elementor-image-gallery\">\n\t\t\t\n\t\t<style type=\"text\/css\">\n\t\t\t#gallery-1 {\n\t\t\t\tmargin: auto;\n\t\t\t}\n\t\t\t#gallery-1 .gallery-item {\n\t\t\t\tfloat: left;\n\t\t\t\tmargin-top: 10px;\n\t\t\t\ttext-align: center;\n\t\t\t\twidth: 100%;\n\t\t\t}\n\t\t\t#gallery-1 img {\n\t\t\t\tborder: 2px solid #cfcfcf;\n\t\t\t}\n\t\t\t#gallery-1 .gallery-caption {\n\t\t\t\tmargin-left: 0;\n\t\t\t}\n\t\t\t\/* see gallery_shortcode() in wp-includes\/media.php *\/\n\t\t<\/style>\n\t\t<div id='gallery-1' class='gallery galleryid-1464 gallery-columns-1 gallery-size-medium_large'><dl class='gallery-item'>\n\t\t\t<dt class='gallery-icon landscape'>\n\t\t\t\t<a data-elementor-open-lightbox=\"yes\" data-elementor-lightbox-slideshow=\"ab2aba8\" data-elementor-lightbox-title=\"_0013535_W\" data-e-action-hash=\"#elementor-action%3Aaction%3Dlightbox%26settings%3DeyJpZCI6MTQ3MiwidXJsIjoiaHR0cHM6XC9cL3d3dy5hcmNocGhvdG8uY3pcL3dwLWNvbnRlbnRcL3VwbG9hZHNcLzIwMjZcLzA0XC8wMDEzNTM1X1cuanBnIiwic2xpZGVzaG93IjoiYWIyYWJhOCJ9\" href='https:\/\/www.archphoto.cz\/wp-content\/uploads\/2026\/04\/0013535_W.jpg'><img fetchpriority=\"high\" decoding=\"async\" width=\"768\" height=\"502\" src=\"https:\/\/www.archphoto.cz\/wp-content\/uploads\/2026\/04\/0013535_W-768x502.jpg\" class=\"attachment-medium_large size-medium_large\" alt=\"\" srcset=\"https:\/\/www.archphoto.cz\/wp-content\/uploads\/2026\/04\/0013535_W-768x502.jpg 768w, https:\/\/www.archphoto.cz\/wp-content\/uploads\/2026\/04\/0013535_W.jpg 1200w\" sizes=\"(max-width: 768px) 100vw, 768px\" \/><\/a>\n\t\t\t<\/dt><\/dl><br style=\"clear: both\" \/><dl class='gallery-item'>\n\t\t\t<dt class='gallery-icon landscape'>\n\t\t\t\t<a data-elementor-open-lightbox=\"yes\" data-elementor-lightbox-slideshow=\"ab2aba8\" data-elementor-lightbox-title=\"_0013545_W\" data-e-action-hash=\"#elementor-action%3Aaction%3Dlightbox%26settings%3DeyJpZCI6MTQ3MywidXJsIjoiaHR0cHM6XC9cL3d3dy5hcmNocGhvdG8uY3pcL3dwLWNvbnRlbnRcL3VwbG9hZHNcLzIwMjZcLzA0XC8wMDEzNTQ1X1cuanBnIiwic2xpZGVzaG93IjoiYWIyYWJhOCJ9\" href='https:\/\/www.archphoto.cz\/wp-content\/uploads\/2026\/04\/0013545_W.jpg'><img decoding=\"async\" width=\"768\" height=\"513\" src=\"https:\/\/www.archphoto.cz\/wp-content\/uploads\/2026\/04\/0013545_W-768x513.jpg\" class=\"attachment-medium_large size-medium_large\" alt=\"\" srcset=\"https:\/\/www.archphoto.cz\/wp-content\/uploads\/2026\/04\/0013545_W-768x513.jpg 768w, https:\/\/www.archphoto.cz\/wp-content\/uploads\/2026\/04\/0013545_W-272x182.jpg 272w, https:\/\/www.archphoto.cz\/wp-content\/uploads\/2026\/04\/0013545_W.jpg 1200w\" sizes=\"(max-width: 768px) 100vw, 768px\" \/><\/a>\n\t\t\t<\/dt><\/dl><br style=\"clear: both\" \/><dl class='gallery-item'>\n\t\t\t<dt class='gallery-icon landscape'>\n\t\t\t\t<a data-elementor-open-lightbox=\"yes\" data-elementor-lightbox-slideshow=\"ab2aba8\" data-elementor-lightbox-title=\"_0013555_W\" data-e-action-hash=\"#elementor-action%3Aaction%3Dlightbox%26settings%3DeyJpZCI6MTQ3NCwidXJsIjoiaHR0cHM6XC9cL3d3dy5hcmNocGhvdG8uY3pcL3dwLWNvbnRlbnRcL3VwbG9hZHNcLzIwMjZcLzA0XC8wMDEzNTU1X1cuanBnIiwic2xpZGVzaG93IjoiYWIyYWJhOCJ9\" href='https:\/\/www.archphoto.cz\/wp-content\/uploads\/2026\/04\/0013555_W.jpg'><img decoding=\"async\" width=\"768\" height=\"538\" src=\"https:\/\/www.archphoto.cz\/wp-content\/uploads\/2026\/04\/0013555_W-768x538.jpg\" class=\"attachment-medium_large size-medium_large\" alt=\"\" srcset=\"https:\/\/www.archphoto.cz\/wp-content\/uploads\/2026\/04\/0013555_W-768x538.jpg 768w, https:\/\/www.archphoto.cz\/wp-content\/uploads\/2026\/04\/0013555_W.jpg 1200w\" sizes=\"(max-width: 768px) 100vw, 768px\" \/><\/a>\n\t\t\t<\/dt><\/dl><br style=\"clear: both\" \/><dl class='gallery-item'>\n\t\t\t<dt class='gallery-icon landscape'>\n\t\t\t\t<a data-elementor-open-lightbox=\"yes\" data-elementor-lightbox-slideshow=\"ab2aba8\" data-elementor-lightbox-title=\"_0013560_W\" data-e-action-hash=\"#elementor-action%3Aaction%3Dlightbox%26settings%3DeyJpZCI6MTQ3NSwidXJsIjoiaHR0cHM6XC9cL3d3dy5hcmNocGhvdG8uY3pcL3dwLWNvbnRlbnRcL3VwbG9hZHNcLzIwMjZcLzA0XC8wMDEzNTYwX1cuanBnIiwic2xpZGVzaG93IjoiYWIyYWJhOCJ9\" href='https:\/\/www.archphoto.cz\/wp-content\/uploads\/2026\/04\/0013560_W.jpg'><img loading=\"lazy\" decoding=\"async\" width=\"768\" height=\"500\" src=\"https:\/\/www.archphoto.cz\/wp-content\/uploads\/2026\/04\/0013560_W-768x500.jpg\" class=\"attachment-medium_large size-medium_large\" alt=\"\" srcset=\"https:\/\/www.archphoto.cz\/wp-content\/uploads\/2026\/04\/0013560_W-768x500.jpg 768w, https:\/\/www.archphoto.cz\/wp-content\/uploads\/2026\/04\/0013560_W.jpg 1200w\" sizes=\"(max-width: 768px) 100vw, 768px\" \/><\/a>\n\t\t\t<\/dt><\/dl><br style=\"clear: both\" \/><dl class='gallery-item'>\n\t\t\t<dt class='gallery-icon landscape'>\n\t\t\t\t<a data-elementor-open-lightbox=\"yes\" data-elementor-lightbox-slideshow=\"ab2aba8\" data-elementor-lightbox-title=\"_0013565_W\" data-e-action-hash=\"#elementor-action%3Aaction%3Dlightbox%26settings%3DeyJpZCI6MTQ3NiwidXJsIjoiaHR0cHM6XC9cL3d3dy5hcmNocGhvdG8uY3pcL3dwLWNvbnRlbnRcL3VwbG9hZHNcLzIwMjZcLzA0XC8wMDEzNTY1X1cuanBnIiwic2xpZGVzaG93IjoiYWIyYWJhOCJ9\" href='https:\/\/www.archphoto.cz\/wp-content\/uploads\/2026\/04\/0013565_W.jpg'><img loading=\"lazy\" decoding=\"async\" width=\"768\" height=\"516\" src=\"https:\/\/www.archphoto.cz\/wp-content\/uploads\/2026\/04\/0013565_W-768x516.jpg\" class=\"attachment-medium_large size-medium_large\" alt=\"\" srcset=\"https:\/\/www.archphoto.cz\/wp-content\/uploads\/2026\/04\/0013565_W-768x516.jpg 768w, https:\/\/www.archphoto.cz\/wp-content\/uploads\/2026\/04\/0013565_W-272x182.jpg 272w, https:\/\/www.archphoto.cz\/wp-content\/uploads\/2026\/04\/0013565_W.jpg 1200w\" sizes=\"(max-width: 768px) 100vw, 768px\" \/><\/a>\n\t\t\t<\/dt><\/dl><br style=\"clear: both\" \/><dl class='gallery-item'>\n\t\t\t<dt class='gallery-icon portrait'>\n\t\t\t\t<a data-elementor-open-lightbox=\"yes\" data-elementor-lightbox-slideshow=\"ab2aba8\" data-elementor-lightbox-title=\"_0013595_W\" data-e-action-hash=\"#elementor-action%3Aaction%3Dlightbox%26settings%3DeyJpZCI6MTQ3NywidXJsIjoiaHR0cHM6XC9cL3d3dy5hcmNocGhvdG8uY3pcL3dwLWNvbnRlbnRcL3VwbG9hZHNcLzIwMjZcLzA0XC8wMDEzNTk1X1cuanBnIiwic2xpZGVzaG93IjoiYWIyYWJhOCJ9\" href='https:\/\/www.archphoto.cz\/wp-content\/uploads\/2026\/04\/0013595_W.jpg'><img loading=\"lazy\" decoding=\"async\" width=\"768\" height=\"1097\" src=\"https:\/\/www.archphoto.cz\/wp-content\/uploads\/2026\/04\/0013595_W-768x1097.jpg\" class=\"attachment-medium_large size-medium_large\" alt=\"\" srcset=\"https:\/\/www.archphoto.cz\/wp-content\/uploads\/2026\/04\/0013595_W-768x1097.jpg 768w, https:\/\/www.archphoto.cz\/wp-content\/uploads\/2026\/04\/0013595_W.jpg 840w\" sizes=\"(max-width: 768px) 100vw, 768px\" \/><\/a>\n\t\t\t<\/dt><\/dl><br style=\"clear: both\" \/><dl class='gallery-item'>\n\t\t\t<dt class='gallery-icon landscape'>\n\t\t\t\t<a data-elementor-open-lightbox=\"yes\" data-elementor-lightbox-slideshow=\"ab2aba8\" data-elementor-lightbox-title=\"_0013607_W\" data-e-action-hash=\"#elementor-action%3Aaction%3Dlightbox%26settings%3DeyJpZCI6MTQ3OCwidXJsIjoiaHR0cHM6XC9cL3d3dy5hcmNocGhvdG8uY3pcL3dwLWNvbnRlbnRcL3VwbG9hZHNcLzIwMjZcLzA0XC8wMDEzNjA3X1cuanBnIiwic2xpZGVzaG93IjoiYWIyYWJhOCJ9\" href='https:\/\/www.archphoto.cz\/wp-content\/uploads\/2026\/04\/0013607_W.jpg'><img loading=\"lazy\" decoding=\"async\" width=\"768\" height=\"519\" src=\"https:\/\/www.archphoto.cz\/wp-content\/uploads\/2026\/04\/0013607_W-768x519.jpg\" class=\"attachment-medium_large size-medium_large\" alt=\"\" srcset=\"https:\/\/www.archphoto.cz\/wp-content\/uploads\/2026\/04\/0013607_W-768x519.jpg 768w, https:\/\/www.archphoto.cz\/wp-content\/uploads\/2026\/04\/0013607_W.jpg 1200w\" sizes=\"(max-width: 768px) 100vw, 768px\" \/><\/a>\n\t\t\t<\/dt><\/dl><br style=\"clear: both\" \/><dl class='gallery-item'>\n\t\t\t<dt class='gallery-icon portrait'>\n\t\t\t\t<a data-elementor-open-lightbox=\"yes\" data-elementor-lightbox-slideshow=\"ab2aba8\" data-elementor-lightbox-title=\"_0013620_W\" data-e-action-hash=\"#elementor-action%3Aaction%3Dlightbox%26settings%3DeyJpZCI6MTQ3OSwidXJsIjoiaHR0cHM6XC9cL3d3dy5hcmNocGhvdG8uY3pcL3dwLWNvbnRlbnRcL3VwbG9hZHNcLzIwMjZcLzA0XC8wMDEzNjIwX1cuanBnIiwic2xpZGVzaG93IjoiYWIyYWJhOCJ9\" href='https:\/\/www.archphoto.cz\/wp-content\/uploads\/2026\/04\/0013620_W.jpg'><img loading=\"lazy\" decoding=\"async\" width=\"768\" height=\"1159\" src=\"https:\/\/www.archphoto.cz\/wp-content\/uploads\/2026\/04\/0013620_W-768x1159.jpg\" class=\"attachment-medium_large size-medium_large\" alt=\"\" srcset=\"https:\/\/www.archphoto.cz\/wp-content\/uploads\/2026\/04\/0013620_W-768x1159.jpg 768w, https:\/\/www.archphoto.cz\/wp-content\/uploads\/2026\/04\/0013620_W.jpg 795w\" sizes=\"(max-width: 768px) 100vw, 768px\" \/><\/a>\n\t\t\t<\/dt><\/dl><br style=\"clear: both\" \/><dl class='gallery-item'>\n\t\t\t<dt class='gallery-icon landscape'>\n\t\t\t\t<a data-elementor-open-lightbox=\"yes\" data-elementor-lightbox-slideshow=\"ab2aba8\" data-elementor-lightbox-title=\"_0013653_W\" data-e-action-hash=\"#elementor-action%3Aaction%3Dlightbox%26settings%3DeyJpZCI6MTQ4MCwidXJsIjoiaHR0cHM6XC9cL3d3dy5hcmNocGhvdG8uY3pcL3dwLWNvbnRlbnRcL3VwbG9hZHNcLzIwMjZcLzA0XC8wMDEzNjUzX1cuanBnIiwic2xpZGVzaG93IjoiYWIyYWJhOCJ9\" href='https:\/\/www.archphoto.cz\/wp-content\/uploads\/2026\/04\/0013653_W.jpg'><img loading=\"lazy\" decoding=\"async\" width=\"768\" height=\"513\" src=\"https:\/\/www.archphoto.cz\/wp-content\/uploads\/2026\/04\/0013653_W-768x513.jpg\" class=\"attachment-medium_large size-medium_large\" alt=\"\" srcset=\"https:\/\/www.archphoto.cz\/wp-content\/uploads\/2026\/04\/0013653_W-768x513.jpg 768w, https:\/\/www.archphoto.cz\/wp-content\/uploads\/2026\/04\/0013653_W-272x182.jpg 272w, https:\/\/www.archphoto.cz\/wp-content\/uploads\/2026\/04\/0013653_W.jpg 1200w\" sizes=\"(max-width: 768px) 100vw, 768px\" \/><\/a>\n\t\t\t<\/dt><\/dl><br style=\"clear: both\" \/><dl class='gallery-item'>\n\t\t\t<dt class='gallery-icon landscape'>\n\t\t\t\t<a data-elementor-open-lightbox=\"yes\" data-elementor-lightbox-slideshow=\"ab2aba8\" data-elementor-lightbox-title=\"_0013680_W\" data-e-action-hash=\"#elementor-action%3Aaction%3Dlightbox%26settings%3DeyJpZCI6MTQ4MSwidXJsIjoiaHR0cHM6XC9cL3d3dy5hcmNocGhvdG8uY3pcL3dwLWNvbnRlbnRcL3VwbG9hZHNcLzIwMjZcLzA0XC8wMDEzNjgwX1cuanBnIiwic2xpZGVzaG93IjoiYWIyYWJhOCJ9\" href='https:\/\/www.archphoto.cz\/wp-content\/uploads\/2026\/04\/0013680_W.jpg'><img loading=\"lazy\" decoding=\"async\" width=\"768\" height=\"512\" src=\"https:\/\/www.archphoto.cz\/wp-content\/uploads\/2026\/04\/0013680_W-768x512.jpg\" class=\"attachment-medium_large size-medium_large\" alt=\"\" srcset=\"https:\/\/www.archphoto.cz\/wp-content\/uploads\/2026\/04\/0013680_W-768x512.jpg 768w, https:\/\/www.archphoto.cz\/wp-content\/uploads\/2026\/04\/0013680_W-272x182.jpg 272w, https:\/\/www.archphoto.cz\/wp-content\/uploads\/2026\/04\/0013680_W.jpg 1200w\" sizes=\"(max-width: 768px) 100vw, 768px\" \/><\/a>\n\t\t\t<\/dt><\/dl><br style=\"clear: both\" \/><dl class='gallery-item'>\n\t\t\t<dt class='gallery-icon landscape'>\n\t\t\t\t<a data-elementor-open-lightbox=\"yes\" data-elementor-lightbox-slideshow=\"ab2aba8\" data-elementor-lightbox-title=\"_0013697_W\" data-e-action-hash=\"#elementor-action%3Aaction%3Dlightbox%26settings%3DeyJpZCI6MTQ4MiwidXJsIjoiaHR0cHM6XC9cL3d3dy5hcmNocGhvdG8uY3pcL3dwLWNvbnRlbnRcL3VwbG9hZHNcLzIwMjZcLzA0XC8wMDEzNjk3X1cuanBnIiwic2xpZGVzaG93IjoiYWIyYWJhOCJ9\" href='https:\/\/www.archphoto.cz\/wp-content\/uploads\/2026\/04\/0013697_W.jpg'><img loading=\"lazy\" decoding=\"async\" width=\"768\" height=\"513\" src=\"https:\/\/www.archphoto.cz\/wp-content\/uploads\/2026\/04\/0013697_W-768x513.jpg\" class=\"attachment-medium_large size-medium_large\" alt=\"\" srcset=\"https:\/\/www.archphoto.cz\/wp-content\/uploads\/2026\/04\/0013697_W-768x513.jpg 768w, https:\/\/www.archphoto.cz\/wp-content\/uploads\/2026\/04\/0013697_W-272x182.jpg 272w, https:\/\/www.archphoto.cz\/wp-content\/uploads\/2026\/04\/0013697_W.jpg 1200w\" sizes=\"(max-width: 768px) 100vw, 768px\" \/><\/a>\n\t\t\t<\/dt><\/dl><br style=\"clear: both\" \/><dl class='gallery-item'>\n\t\t\t<dt class='gallery-icon portrait'>\n\t\t\t\t<a data-elementor-open-lightbox=\"yes\" data-elementor-lightbox-slideshow=\"ab2aba8\" data-elementor-lightbox-title=\"_0013725_W\" data-e-action-hash=\"#elementor-action%3Aaction%3Dlightbox%26settings%3DeyJpZCI6MTQ4MywidXJsIjoiaHR0cHM6XC9cL3d3dy5hcmNocGhvdG8uY3pcL3dwLWNvbnRlbnRcL3VwbG9hZHNcLzIwMjZcLzA0XC8wMDEzNzI1X1cuanBnIiwic2xpZGVzaG93IjoiYWIyYWJhOCJ9\" href='https:\/\/www.archphoto.cz\/wp-content\/uploads\/2026\/04\/0013725_W.jpg'><img loading=\"lazy\" decoding=\"async\" width=\"768\" height=\"1151\" src=\"https:\/\/www.archphoto.cz\/wp-content\/uploads\/2026\/04\/0013725_W-768x1151.jpg\" class=\"attachment-medium_large size-medium_large\" alt=\"\" srcset=\"https:\/\/www.archphoto.cz\/wp-content\/uploads\/2026\/04\/0013725_W-768x1151.jpg 768w, https:\/\/www.archphoto.cz\/wp-content\/uploads\/2026\/04\/0013725_W.jpg 801w\" sizes=\"(max-width: 768px) 100vw, 768px\" \/><\/a>\n\t\t\t<\/dt><\/dl><br style=\"clear: both\" \/><dl class='gallery-item'>\n\t\t\t<dt class='gallery-icon portrait'>\n\t\t\t\t<a data-elementor-open-lightbox=\"yes\" data-elementor-lightbox-slideshow=\"ab2aba8\" data-elementor-lightbox-title=\"_0013741_W\" data-e-action-hash=\"#elementor-action%3Aaction%3Dlightbox%26settings%3DeyJpZCI6MTQ4NCwidXJsIjoiaHR0cHM6XC9cL3d3dy5hcmNocGhvdG8uY3pcL3dwLWNvbnRlbnRcL3VwbG9hZHNcLzIwMjZcLzA0XC8wMDEzNzQxX1cuanBnIiwic2xpZGVzaG93IjoiYWIyYWJhOCJ9\" href='https:\/\/www.archphoto.cz\/wp-content\/uploads\/2026\/04\/0013741_W.jpg'><img loading=\"lazy\" decoding=\"async\" width=\"768\" height=\"1151\" src=\"https:\/\/www.archphoto.cz\/wp-content\/uploads\/2026\/04\/0013741_W-768x1151.jpg\" class=\"attachment-medium_large size-medium_large\" alt=\"\" srcset=\"https:\/\/www.archphoto.cz\/wp-content\/uploads\/2026\/04\/0013741_W-768x1151.jpg 768w, https:\/\/www.archphoto.cz\/wp-content\/uploads\/2026\/04\/0013741_W.jpg 801w\" sizes=\"(max-width: 768px) 100vw, 768px\" \/><\/a>\n\t\t\t<\/dt><\/dl><br style=\"clear: both\" \/><dl class='gallery-item'>\n\t\t\t<dt class='gallery-icon landscape'>\n\t\t\t\t<a data-elementor-open-lightbox=\"yes\" data-elementor-lightbox-slideshow=\"ab2aba8\" data-elementor-lightbox-title=\"_0013770_W\" data-e-action-hash=\"#elementor-action%3Aaction%3Dlightbox%26settings%3DeyJpZCI6MTQ4NSwidXJsIjoiaHR0cHM6XC9cL3d3dy5hcmNocGhvdG8uY3pcL3dwLWNvbnRlbnRcL3VwbG9hZHNcLzIwMjZcLzA0XC8wMDEzNzcwX1cuanBnIiwic2xpZGVzaG93IjoiYWIyYWJhOCJ9\" href='https:\/\/www.archphoto.cz\/wp-content\/uploads\/2026\/04\/0013770_W.jpg'><img loading=\"lazy\" decoding=\"async\" width=\"768\" height=\"500\" src=\"https:\/\/www.archphoto.cz\/wp-content\/uploads\/2026\/04\/0013770_W-768x500.jpg\" class=\"attachment-medium_large size-medium_large\" alt=\"\" srcset=\"https:\/\/www.archphoto.cz\/wp-content\/uploads\/2026\/04\/0013770_W-768x500.jpg 768w, https:\/\/www.archphoto.cz\/wp-content\/uploads\/2026\/04\/0013770_W.jpg 1200w\" sizes=\"(max-width: 768px) 100vw, 768px\" \/><\/a>\n\t\t\t<\/dt><\/dl><br style=\"clear: both\" \/><dl class='gallery-item'>\n\t\t\t<dt class='gallery-icon landscape'>\n\t\t\t\t<a data-elementor-open-lightbox=\"yes\" data-elementor-lightbox-slideshow=\"ab2aba8\" data-elementor-lightbox-title=\"_0013775_W\" data-e-action-hash=\"#elementor-action%3Aaction%3Dlightbox%26settings%3DeyJpZCI6MTQ4NiwidXJsIjoiaHR0cHM6XC9cL3d3dy5hcmNocGhvdG8uY3pcL3dwLWNvbnRlbnRcL3VwbG9hZHNcLzIwMjZcLzA0XC8wMDEzNzc1X1cuanBnIiwic2xpZGVzaG93IjoiYWIyYWJhOCJ9\" href='https:\/\/www.archphoto.cz\/wp-content\/uploads\/2026\/04\/0013775_W.jpg'><img loading=\"lazy\" decoding=\"async\" width=\"768\" height=\"503\" src=\"https:\/\/www.archphoto.cz\/wp-content\/uploads\/2026\/04\/0013775_W-768x503.jpg\" class=\"attachment-medium_large size-medium_large\" alt=\"\" srcset=\"https:\/\/www.archphoto.cz\/wp-content\/uploads\/2026\/04\/0013775_W-768x503.jpg 768w, https:\/\/www.archphoto.cz\/wp-content\/uploads\/2026\/04\/0013775_W.jpg 1200w\" sizes=\"(max-width: 768px) 100vw, 768px\" \/><\/a>\n\t\t\t<\/dt><\/dl><br style=\"clear: both\" \/><dl class='gallery-item'>\n\t\t\t<dt class='gallery-icon landscape'>\n\t\t\t\t<a data-elementor-open-lightbox=\"yes\" data-elementor-lightbox-slideshow=\"ab2aba8\" data-elementor-lightbox-title=\"_0013790_W\" data-e-action-hash=\"#elementor-action%3Aaction%3Dlightbox%26settings%3DeyJpZCI6MTQ4NywidXJsIjoiaHR0cHM6XC9cL3d3dy5hcmNocGhvdG8uY3pcL3dwLWNvbnRlbnRcL3VwbG9hZHNcLzIwMjZcLzA0XC8wMDEzNzkwX1cuanBnIiwic2xpZGVzaG93IjoiYWIyYWJhOCJ9\" href='https:\/\/www.archphoto.cz\/wp-content\/uploads\/2026\/04\/0013790_W.jpg'><img loading=\"lazy\" decoding=\"async\" width=\"768\" height=\"513\" src=\"https:\/\/www.archphoto.cz\/wp-content\/uploads\/2026\/04\/0013790_W-768x513.jpg\" class=\"attachment-medium_large size-medium_large\" alt=\"\" srcset=\"https:\/\/www.archphoto.cz\/wp-content\/uploads\/2026\/04\/0013790_W-768x513.jpg 768w, https:\/\/www.archphoto.cz\/wp-content\/uploads\/2026\/04\/0013790_W-272x182.jpg 272w, https:\/\/www.archphoto.cz\/wp-content\/uploads\/2026\/04\/0013790_W.jpg 1200w\" sizes=\"(max-width: 768px) 100vw, 768px\" \/><\/a>\n\t\t\t<\/dt><\/dl><br style=\"clear: both\" \/><dl class='gallery-item'>\n\t\t\t<dt class='gallery-icon landscape'>\n\t\t\t\t<a data-elementor-open-lightbox=\"yes\" data-elementor-lightbox-slideshow=\"ab2aba8\" data-elementor-lightbox-title=\"_0013814_W\" data-e-action-hash=\"#elementor-action%3Aaction%3Dlightbox%26settings%3DeyJpZCI6MTQ4OCwidXJsIjoiaHR0cHM6XC9cL3d3dy5hcmNocGhvdG8uY3pcL3dwLWNvbnRlbnRcL3VwbG9hZHNcLzIwMjZcLzA0XC8wMDEzODE0X1cuanBnIiwic2xpZGVzaG93IjoiYWIyYWJhOCJ9\" href='https:\/\/www.archphoto.cz\/wp-content\/uploads\/2026\/04\/0013814_W.jpg'><img loading=\"lazy\" decoding=\"async\" width=\"768\" height=\"511\" src=\"https:\/\/www.archphoto.cz\/wp-content\/uploads\/2026\/04\/0013814_W-768x511.jpg\" class=\"attachment-medium_large size-medium_large\" alt=\"\" srcset=\"https:\/\/www.archphoto.cz\/wp-content\/uploads\/2026\/04\/0013814_W-768x511.jpg 768w, https:\/\/www.archphoto.cz\/wp-content\/uploads\/2026\/04\/0013814_W-272x182.jpg 272w, https:\/\/www.archphoto.cz\/wp-content\/uploads\/2026\/04\/0013814_W.jpg 1200w\" sizes=\"(max-width: 768px) 100vw, 768px\" \/><\/a>\n\t\t\t<\/dt><\/dl><br style=\"clear: both\" \/><dl class='gallery-item'>\n\t\t\t<dt class='gallery-icon landscape'>\n\t\t\t\t<a data-elementor-open-lightbox=\"yes\" data-elementor-lightbox-slideshow=\"ab2aba8\" data-elementor-lightbox-title=\"_0013821_W\" data-e-action-hash=\"#elementor-action%3Aaction%3Dlightbox%26settings%3DeyJpZCI6MTQ4OSwidXJsIjoiaHR0cHM6XC9cL3d3dy5hcmNocGhvdG8uY3pcL3dwLWNvbnRlbnRcL3VwbG9hZHNcLzIwMjZcLzA0XC8wMDEzODIxX1cuanBnIiwic2xpZGVzaG93IjoiYWIyYWJhOCJ9\" href='https:\/\/www.archphoto.cz\/wp-content\/uploads\/2026\/04\/0013821_W.jpg'><img loading=\"lazy\" decoding=\"async\" width=\"768\" height=\"515\" src=\"https:\/\/www.archphoto.cz\/wp-content\/uploads\/2026\/04\/0013821_W-768x515.jpg\" class=\"attachment-medium_large size-medium_large\" alt=\"\" srcset=\"https:\/\/www.archphoto.cz\/wp-content\/uploads\/2026\/04\/0013821_W-768x515.jpg 768w, https:\/\/www.archphoto.cz\/wp-content\/uploads\/2026\/04\/0013821_W-272x182.jpg 272w, https:\/\/www.archphoto.cz\/wp-content\/uploads\/2026\/04\/0013821_W.jpg 1200w\" sizes=\"(max-width: 768px) 100vw, 768px\" \/><\/a>\n\t\t\t<\/dt><\/dl><br style=\"clear: both\" \/><dl class='gallery-item'>\n\t\t\t<dt class='gallery-icon landscape'>\n\t\t\t\t<a data-elementor-open-lightbox=\"yes\" data-elementor-lightbox-slideshow=\"ab2aba8\" data-elementor-lightbox-title=\"_0013834_W\" data-e-action-hash=\"#elementor-action%3Aaction%3Dlightbox%26settings%3DeyJpZCI6MTQ5MCwidXJsIjoiaHR0cHM6XC9cL3d3dy5hcmNocGhvdG8uY3pcL3dwLWNvbnRlbnRcL3VwbG9hZHNcLzIwMjZcLzA0XC8wMDEzODM0X1cuanBnIiwic2xpZGVzaG93IjoiYWIyYWJhOCJ9\" href='https:\/\/www.archphoto.cz\/wp-content\/uploads\/2026\/04\/0013834_W.jpg'><img loading=\"lazy\" decoding=\"async\" width=\"768\" height=\"508\" src=\"https:\/\/www.archphoto.cz\/wp-content\/uploads\/2026\/04\/0013834_W-768x508.jpg\" class=\"attachment-medium_large size-medium_large\" alt=\"\" srcset=\"https:\/\/www.archphoto.cz\/wp-content\/uploads\/2026\/04\/0013834_W-768x508.jpg 768w, https:\/\/www.archphoto.cz\/wp-content\/uploads\/2026\/04\/0013834_W.jpg 1200w\" sizes=\"(max-width: 768px) 100vw, 768px\" \/><\/a>\n\t\t\t<\/dt><\/dl><br style=\"clear: both\" \/><dl class='gallery-item'>\n\t\t\t<dt class='gallery-icon landscape'>\n\t\t\t\t<a data-elementor-open-lightbox=\"yes\" data-elementor-lightbox-slideshow=\"ab2aba8\" data-elementor-lightbox-title=\"_0013836_W\" data-e-action-hash=\"#elementor-action%3Aaction%3Dlightbox%26settings%3DeyJpZCI6MTQ5MSwidXJsIjoiaHR0cHM6XC9cL3d3dy5hcmNocGhvdG8uY3pcL3dwLWNvbnRlbnRcL3VwbG9hZHNcLzIwMjZcLzA0XC8wMDEzODM2X1cuanBnIiwic2xpZGVzaG93IjoiYWIyYWJhOCJ9\" href='https:\/\/www.archphoto.cz\/wp-content\/uploads\/2026\/04\/0013836_W.jpg'><img loading=\"lazy\" decoding=\"async\" width=\"768\" height=\"513\" src=\"https:\/\/www.archphoto.cz\/wp-content\/uploads\/2026\/04\/0013836_W-768x513.jpg\" class=\"attachment-medium_large size-medium_large\" alt=\"\" srcset=\"https:\/\/www.archphoto.cz\/wp-content\/uploads\/2026\/04\/0013836_W-768x513.jpg 768w, https:\/\/www.archphoto.cz\/wp-content\/uploads\/2026\/04\/0013836_W-272x182.jpg 272w, https:\/\/www.archphoto.cz\/wp-content\/uploads\/2026\/04\/0013836_W.jpg 1200w\" sizes=\"(max-width: 768px) 100vw, 768px\" \/><\/a>\n\t\t\t<\/dt><\/dl><br style=\"clear: both\" \/><dl class='gallery-item'>\n\t\t\t<dt class='gallery-icon portrait'>\n\t\t\t\t<a data-elementor-open-lightbox=\"yes\" data-elementor-lightbox-slideshow=\"ab2aba8\" data-elementor-lightbox-title=\"_0013871_W\" data-e-action-hash=\"#elementor-action%3Aaction%3Dlightbox%26settings%3DeyJpZCI6MTQ5MiwidXJsIjoiaHR0cHM6XC9cL3d3dy5hcmNocGhvdG8uY3pcL3dwLWNvbnRlbnRcL3VwbG9hZHNcLzIwMjZcLzA0XC8wMDEzODcxX1cuanBnIiwic2xpZGVzaG93IjoiYWIyYWJhOCJ9\" href='https:\/\/www.archphoto.cz\/wp-content\/uploads\/2026\/04\/0013871_W.jpg'><img loading=\"lazy\" decoding=\"async\" width=\"768\" height=\"1162\" src=\"https:\/\/www.archphoto.cz\/wp-content\/uploads\/2026\/04\/0013871_W-768x1162.jpg\" class=\"attachment-medium_large size-medium_large\" alt=\"\" srcset=\"https:\/\/www.archphoto.cz\/wp-content\/uploads\/2026\/04\/0013871_W-768x1162.jpg 768w, https:\/\/www.archphoto.cz\/wp-content\/uploads\/2026\/04\/0013871_W.jpg 793w\" sizes=\"(max-width: 768px) 100vw, 768px\" \/><\/a>\n\t\t\t<\/dt><\/dl><br style=\"clear: both\" \/>\n\t\t<\/div>\n\t\t<\/div>\n\t\t\t\t\t\t<\/div>\n\t\t\t\t\t<\/div>\n\t\t\t\t<\/div>\n\t\t\t\t<\/div>\n\t\t","protected":false},"excerpt":{"rendered":"<p>\u00a0di5 architekti in\u017een\u00fd\u0159i s.r.o. Labe Ar\u00e9na<\/p>\n","protected":false},"author":1,"featured_media":0,"parent":0,"menu_order":0,"comment_status":"closed","ping_status":"closed","template":"","meta":{"footnotes":""},"class_list":["post-1464","page","type-page","status-publish","hentry"],"_links":{"self":[{"href":"https:\/\/www.archphoto.cz\/index.php?rest_route=\/wp\/v2\/pages\/1464","targetHints":{"allow":["GET"]}}],"collection":[{"href":"https:\/\/www.archphoto.cz\/index.php?rest_route=\/wp\/v2\/pages"}],"about":[{"href":"https:\/\/www.archphoto.cz\/index.php?rest_route=\/wp\/v2\/types\/page"}],"author":[{"embeddable":true,"href":"https:\/\/www.archphoto.cz\/index.php?rest_route=\/wp\/v2\/users\/1"}],"replies":[{"embeddable":true,"href":"https:\/\/www.archphoto.cz\/index.php?rest_route=%2Fwp%2Fv2%2Fcomments&post=1464"}],"version-history":[{"count":18,"href":"https:\/\/www.archphoto.cz\/index.php?rest_route=\/wp\/v2\/pages\/1464\/revisions"}],"predecessor-version":[{"id":2044,"href":"https:\/\/www.archphoto.cz\/index.php?rest_route=\/wp\/v2\/pages\/1464\/revisions\/2044"}],"wp:attachment":[{"href":"https:\/\/www.archphoto.cz\/index.php?rest_route=%2Fwp%2Fv2%2Fmedia&parent=1464"}],"curies":[{"name":"wp","href":"https:\/\/api.w.org\/{rel}","templated":true}]}}